{"id":718,"date":"2024-11-14T13:46:05","date_gmt":"2024-11-14T13:46:05","guid":{"rendered":"https:\/\/lemnosclocks.eu\/?post_type=product&#038;p=718"},"modified":"2026-04-14T03:59:15","modified_gmt":"2026-04-14T01:59:15","slug":"kuckucksuhr-vogelhaus","status":"publish","type":"product","link":"https:\/\/lemnosclocks.eu\/de\/product\/cuckoo-clock-birdhouse\/","title":{"rendered":"Lemnos Kuckucksuhr Birdhouse"},"content":{"rendered":"<ul>\n<li>Design - Die moderne Kuckucksuhr ist nicht nur funktional, sondern auch \u00e4u\u00dferst stilvoll. Mit ihren klaren Linien und dem minimalistischen Design passt die Kuckucksuhr aus Holz perfekt zu einem zeitgen\u00f6ssischen Wohnstil und verleiht jedem Raum eine besondere Note.<\/li>\n<li>Daten - Die Kuckucksuhr ist 18 cm breit, 26,8 cm hoch und 9,8 cm tief und aus Eschenholz gefertigt. Der Kuckuck singt zu jeder Stunde entsprechend der Zeit. Die Lautst\u00e4rke ist einstellbar und im Dunkeln bleibt der Vogel in seinem Haus.<\/li>\n<li>Qualit\u00e4t - Sie erhalten eine batteriebetriebene Kuckucksuhr vom japanischen Weltmarktf\u00fchrer f\u00fcr Gro\u00dfuhren - Lemnos. In langj\u00e4hriger Zusammenarbeit mit renommierten Designern werden hochwertige Uhren kreiert.<\/li>\n<li>Vision Porter - Wir sind der exklusive Importeur und Vertriebspartner aus M\u00fcnchen f\u00fcr den Uhrenhersteller Lemnos aus Takaoka. Wir sind \u00fcberzeugt von der Kombination aus schlichter Eleganz und Qualit\u00e4t der Lemnos-Uhren.<\/li>\n<\/ul>\n<div style=\"width: 1920px;\" class=\"wp-video\"><video class=\"wp-video-shortcode\" id=\"video-718-1\" width=\"1920\" height=\"1080\" preload=\"metadata\" controls=\"controls\"><source type=\"video\/mp4\" src=\"https:\/\/lemnosclocks.eu\/wp-content\/uploads\/2024\/11\/Birdhouse-Clock_movie.mp4?_=1\" \/><a href=\"https:\/\/lemnosclocks.eu\/wp-content\/uploads\/2024\/11\/Birdhouse-Clock_movie.mp4\">https:\/\/lemnosclocks.eu\/wp-content\/uploads\/2024\/11\/Birdhouse-Clock_movie.mp4<\/a><\/video><\/div>\n<h3>Einstellen der Uhrzeiger<\/h3>\n<div style=\"width: 640px;\" class=\"wp-video\"><video class=\"wp-video-shortcode\" id=\"video-718-2\" width=\"640\" height=\"360\" preload=\"metadata\" controls=\"controls\"><source type=\"video\/mp4\" src=\"https:\/\/lemnosclocks.eu\/wp-content\/uploads\/2024\/10\/How-to-set-clock-hands-CUCU.mp4?_=2\" \/><a href=\"https:\/\/lemnosclocks.eu\/wp-content\/uploads\/2024\/10\/How-to-set-clock-hands-CUCU.mp4\">https:\/\/lemnosclocks.eu\/wp-content\/uploads\/2024\/10\/How-to-set-clock-hands-CUCU.mp4<\/a><\/video><\/div>","protected":false},"excerpt":{"rendered":"<p>Lemnos Kuckucksuhr Vogelhaus\/Designer Kuckucksuhr aus Japan\/Kuckucksuhr mit Batterie und Lichtsensor\/Vogeluhr aus Holz\/Kuckucksuhr Modernes Design<\/p>\n<p>Die Vogelhausuhr ist eine Kuckucksuhr, die die Zeit mit einem lieblichen Ger\u00e4usch und dem Murmeln eines Bachs anzeigt. Die Form eines einfachen Vogelh\u00e4uschens mit einem dreieckigen Dach wurde durch das Zusammensetzen von Sperrholz aus Linde hergestellt. W\u00e4hlen Sie aus zwei verschiedenen Arten: Natur, bei der die weiche Maserung sichtbar ist, und Wei\u00df, das die Form des Hauses hervorhebt. Die Ziffern auf der Uhr sind trotz ihres schlichten Stils gut zu erkennen, und die Metallzeiger setzen einen Akzent. Ein intelligenter Lichtsensor, der in die Uhr eingebaut ist, schaltet das Uhrwerk des Kuckucks automatisch ab, wenn es dunkel ist, um Sie nachts nicht zu st\u00f6ren. Sie weckt Sie dann, wenn das morgendliche Sonnenlicht in Ihr Zimmer f\u00e4llt.Hochwertige japanische Fertigung - Die Kuckucksuhren aus Japan stehen f\u00fcr hochwertige Verarbeitung und pr\u00e4zise Fertigung. Die Kuckucksuhr wird mit gro\u00dfer Sorgfalt und Qualit\u00e4tsbewusstsein hergestellt und besticht durch ihre Langlebigkeit.<\/p>","protected":false},"featured_media":705,"comment_status":"closed","ping_status":"closed","template":"","meta":{"_uag_custom_page_level_css":"","site-sidebar-layout":"default","site-content-layout":"","ast-site-content-layout":"default","site-content-style":"default","site-sidebar-style":"default","ast-global-header-display":"","ast-banner-title-visibility":"","ast-main-header-display":"","ast-hfb-above-header-display":"","ast-hfb-below-header-display":"","ast-hfb-mobile-header-display":"","site-post-title":"","ast-breadcrumbs-content":"","ast-featured-img":"","footer-sml-layout":"","ast-disable-related-posts":"","theme-transparent-header-meta":"default","adv-header-id-meta":"","stick-header-meta":"","header-above-stick-meta":"","header-main-stick-meta":"","header-below-stick-meta":"","astra-migrate-meta-layouts":"set","ast-page-background-enabled":"default","ast-page-background-meta":{"desktop":{"background-color":"var(--ast-global-color-4)","background-image":"","background-repeat":"repeat","background-position":"center center","background-size":"auto","background-attachment":"scroll","background-type":"","background-media":"","overlay-type":"","overlay-color":"","overlay-opacity":"","overlay-gradient":""},"tablet":{"background-color":"","background-image":"","background-repeat":"repeat","background-position":"center center","background-size":"auto","background-attachment":"scroll","background-type":"","background-media":"","overlay-type":"","overlay-color":"","overlay-opacity":"","overlay-gradient":""},"mobile":{"background-color":"","background-image":"","background-repeat":"repeat","background-position":"center center","background-size":"auto","background-attachment":"scroll","background-type":"","background-media":"","overlay-type":"","overlay-color":"","overlay-opacity":"","overlay-gradient":""}},"ast-content-background-meta":{"desktop":{"background-color":"var(--ast-global-color-5)","background-image":"","background-repeat":"repeat","background-position":"center center","background-size":"auto","background-attachment":"scroll","background-type":"","background-media":"","overlay-type":"","overlay-color":"","overlay-opacity":"","overlay-gradient":""},"tablet":{"background-color":"var(--ast-global-color-5)","background-image":"","background-repeat":"repeat","background-position":"center center","background-size":"auto","background-attachment":"scroll","background-type":"","background-media":"","overlay-type":"","overlay-color":"","overlay-opacity":"","overlay-gradient":""},"mobile":{"background-color":"var(--ast-global-color-5)","background-image":"","background-repeat":"repeat","background-position":"center center","background-size":"auto","background-attachment":"scroll","background-type":"","background-media":"","overlay-type":"","overlay-color":"","overlay-opacity":"","overlay-gradient":""}}},"product_brand":[],"product_cat":[75],"product_tag":[],"class_list":{"0":"post-718","1":"product","2":"type-product","3":"status-publish","4":"has-post-thumbnail","6":"product_cat-cuckoo-clock","7":"desktop-align-center","8":"tablet-align-left","9":"mobile-align-left","10":"ast-product-gallery-layout-horizontal-slider","11":"ast-product-single-variable","12":"ast-product-tabs-layout-horizontal","13":"ast-qv-on-image","15":"first","16":"outofstock","17":"taxable","18":"shipping-taxable","19":"purchasable","20":"product-type-variable","21":"has-default-attributes"},"yoast_head":"<!-- This site is optimized with the Yoast SEO plugin v27.4 - https:\/\/yoast.com\/product\/yoast-seo-wordpress\/ -->\n<title>Lemnos Cuckoo Clock Birdhouse | Japanese Design Clock | Lemnos Clocks<\/title>\n<meta name=\"description\" content=\"The modern cuckoo clock is not only functional, but also extremely stylish. With its clean lines and minimalist design, the wooden cuckoo clock fits perfectly with a contemporary living style and gives any room a special touch.\" \/>\n<meta name=\"robots\" content=\"index, follow, max-snippet:-1, max-image-preview:large, max-video-preview:-1\" \/>\n<link rel=\"canonical\" href=\"https:\/\/lemnosclocks.eu\/de\/produkt\/kuckucksuhr-vogelhaus\/\" \/>\n<meta property=\"og:locale\" content=\"de_DE\" \/>\n<meta property=\"og:type\" content=\"article\" \/>\n<meta property=\"og:title\" content=\"Lemnos Cuckoo Clock Birdhouse | Japanese Design Clock | Lemnos Clocks\" \/>\n<meta property=\"og:description\" content=\"The modern cuckoo clock is not only functional, but also extremely stylish. With its clean lines and minimalist design, the wooden cuckoo clock fits perfectly with a contemporary living style and gives any room a special touch.\" \/>\n<meta property=\"og:url\" content=\"https:\/\/lemnosclocks.eu\/de\/produkt\/kuckucksuhr-vogelhaus\/\" \/>\n<meta property=\"og:site_name\" content=\"Lemnos Clocks\" \/>\n<meta property=\"article:modified_time\" content=\"2026-04-14T01:59:15+00:00\" \/>\n<meta property=\"og:image\" content=\"https:\/\/lemnosclocks.eu\/wp-content\/uploads\/2024\/11\/NY16_12_japanese-design-clock_NT.jpg\" \/>\n\t<meta property=\"og:image:width\" content=\"2000\" \/>\n\t<meta property=\"og:image:height\" content=\"2000\" \/>\n\t<meta property=\"og:image:type\" content=\"image\/jpeg\" \/>\n<meta name=\"twitter:card\" content=\"summary_large_image\" \/>\n<!-- \/ Yoast SEO plugin. -->","yoast_head_json":{"title":"Lemnos Kuckucksuhr Vogelhaus | Japanisches Design Uhr | Lemnos Uhren","description":"Die moderne Kuckucksuhr ist nicht nur funktional, sondern auch \u00e4u\u00dferst stilvoll. Mit ihren klaren Linien und dem minimalistischen Design passt die Kuckucksuhr aus Holz perfekt zu einem zeitgen\u00f6ssischen Wohnstil und verleiht jedem Raum eine besondere Note.","robots":{"index":"index","follow":"follow","max-snippet":"max-snippet:-1","max-image-preview":"max-image-preview:large","max-video-preview":"max-video-preview:-1"},"canonical":"https:\/\/lemnosclocks.eu\/de\/produkt\/kuckucksuhr-vogelhaus\/","og_locale":"de_DE","og_type":"article","og_title":"Lemnos Cuckoo Clock Birdhouse | Japanese Design Clock | Lemnos Clocks","og_description":"The modern cuckoo clock is not only functional, but also extremely stylish. With its clean lines and minimalist design, the wooden cuckoo clock fits perfectly with a contemporary living style and gives any room a special touch.","og_url":"https:\/\/lemnosclocks.eu\/de\/produkt\/kuckucksuhr-vogelhaus\/","og_site_name":"Lemnos Clocks","article_modified_time":"2026-04-14T01:59:15+00:00","og_image":[{"width":2000,"height":2000,"url":"https:\/\/lemnosclocks.eu\/wp-content\/uploads\/2024\/11\/NY16_12_japanese-design-clock_NT.jpg","type":"image\/jpeg"}],"twitter_card":"summary_large_image","schema":{"@context":"https:\/\/schema.org","@graph":[{"@type":"WebPage","@id":"https:\/\/lemnosclocks.eu\/product\/cuckoo-clock-birdhouse\/","url":"https:\/\/lemnosclocks.eu\/product\/cuckoo-clock-birdhouse\/","name":"Lemnos Kuckucksuhr Vogelhaus | Japanisches Design Uhr | Lemnos Uhren","isPartOf":{"@id":"https:\/\/lemnosclocks.eu\/#website"},"primaryImageOfPage":{"@id":"https:\/\/lemnosclocks.eu\/product\/cuckoo-clock-birdhouse\/#primaryimage"},"image":{"@id":"https:\/\/lemnosclocks.eu\/product\/cuckoo-clock-birdhouse\/#primaryimage"},"thumbnailUrl":"https:\/\/lemnosclocks.eu\/wp-content\/uploads\/2024\/11\/NY16_12_japanese-design-clock_NT.jpg","datePublished":"2024-11-14T13:46:05+00:00","dateModified":"2026-04-14T01:59:15+00:00","description":"Die moderne Kuckucksuhr ist nicht nur funktional, sondern auch \u00e4u\u00dferst stilvoll. Mit ihren klaren Linien und dem minimalistischen Design passt die Kuckucksuhr aus Holz perfekt zu einem zeitgen\u00f6ssischen Wohnstil und verleiht jedem Raum eine besondere Note.","breadcrumb":{"@id":"https:\/\/lemnosclocks.eu\/product\/cuckoo-clock-birdhouse\/#breadcrumb"},"inLanguage":"de","potentialAction":[{"@type":"ReadAction","target":["https:\/\/lemnosclocks.eu\/product\/cuckoo-clock-birdhouse\/"]}]},{"@type":"ImageObject","inLanguage":"de","@id":"https:\/\/lemnosclocks.eu\/product\/cuckoo-clock-birdhouse\/#primaryimage","url":"https:\/\/lemnosclocks.eu\/wp-content\/uploads\/2024\/11\/NY16_12_japanese-design-clock_NT.jpg","contentUrl":"https:\/\/lemnosclocks.eu\/wp-content\/uploads\/2024\/11\/NY16_12_japanese-design-clock_NT.jpg","width":2000,"height":2000},{"@type":"BreadcrumbList","@id":"https:\/\/lemnosclocks.eu\/product\/cuckoo-clock-birdhouse\/#breadcrumb","itemListElement":[{"@type":"ListItem","position":1,"name":"Startseite","item":"https:\/\/lemnosclocks.eu\/en\/"},{"@type":"ListItem","position":2,"name":"Shop","item":"https:\/\/lemnosclocks.eu\/shop\/"},{"@type":"ListItem","position":3,"name":"Lemnos Cuckoo Clock Birdhouse"}]},{"@type":"WebSite","@id":"https:\/\/lemnosclocks.eu\/#website","url":"https:\/\/lemnosclocks.eu\/","name":"Lemnos-Uhren","description":"Handgefertigte Design-Uhren aus Japan","publisher":{"@id":"https:\/\/lemnosclocks.eu\/#organization"},"alternateName":"Lemnos","potentialAction":[{"@type":"SearchAction","target":{"@type":"EntryPoint","urlTemplate":"https:\/\/lemnosclocks.eu\/?s={search_term_string}"},"query-input":{"@type":"PropertyValueSpecification","valueRequired":true,"valueName":"search_term_string"}}],"inLanguage":"de"},{"@type":"Organization","@id":"https:\/\/lemnosclocks.eu\/#organization","name":"Lemnos-Uhren","url":"https:\/\/lemnosclocks.eu\/","logo":{"@type":"ImageObject","inLanguage":"de","@id":"https:\/\/lemnosclocks.eu\/#\/schema\/logo\/image\/","url":"https:\/\/lemnosclocks.eu\/wp-content\/uploads\/2024\/09\/logo_160x28.png","contentUrl":"https:\/\/lemnosclocks.eu\/wp-content\/uploads\/2024\/09\/logo_160x28.png","width":160,"height":28,"caption":"Lemnos Clocks"},"image":{"@id":"https:\/\/lemnosclocks.eu\/#\/schema\/logo\/image\/"}}]}},"uagb_featured_image_src":{"full":["https:\/\/lemnosclocks.eu\/wp-content\/uploads\/2024\/11\/NY16_12_japanese-design-clock_NT.jpg",2000,2000,false],"thumbnail":["https:\/\/lemnosclocks.eu\/wp-content\/uploads\/2024\/11\/NY16_12_japanese-design-clock_NT-150x150.jpg",150,150,true],"medium":["https:\/\/lemnosclocks.eu\/wp-content\/uploads\/2024\/11\/NY16_12_japanese-design-clock_NT-800x800.jpg",800,800,true],"medium_large":["https:\/\/lemnosclocks.eu\/wp-content\/uploads\/2024\/11\/NY16_12_japanese-design-clock_NT-768x768.jpg",768,768,true],"large":["https:\/\/lemnosclocks.eu\/wp-content\/uploads\/2024\/11\/NY16_12_japanese-design-clock_NT-1200x1200.jpg",1200,1200,true],"1536x1536":["https:\/\/lemnosclocks.eu\/wp-content\/uploads\/2024\/11\/NY16_12_japanese-design-clock_NT-1536x1536.jpg",1536,1536,true],"2048x2048":["https:\/\/lemnosclocks.eu\/wp-content\/uploads\/2024\/11\/NY16_12_japanese-design-clock_NT.jpg",2000,2000,false],"trp-custom-language-flag":["https:\/\/lemnosclocks.eu\/wp-content\/uploads\/2024\/11\/NY16_12_japanese-design-clock_NT-12x12.jpg",12,12,true],"woocommerce_thumbnail":["https:\/\/lemnosclocks.eu\/wp-content\/uploads\/2024\/11\/NY16_12_japanese-design-clock_NT-620x620.jpg",620,620,true],"woocommerce_single":["https:\/\/lemnosclocks.eu\/wp-content\/uploads\/2024\/11\/NY16_12_japanese-design-clock_NT-930x930.jpg",930,930,true],"woocommerce_gallery_thumbnail":["https:\/\/lemnosclocks.eu\/wp-content\/uploads\/2024\/11\/NY16_12_japanese-design-clock_NT-250x250.jpg",250,250,true]},"uagb_author_info":{"display_name":"mariko","author_link":"https:\/\/lemnosclocks.eu\/de\/author\/"},"uagb_comment_info":0,"uagb_excerpt":"Lemnos Cuckoo Clock Birdhouse\/Designer Cuckoo Clock from Japan\/Cuckoo Clock with Battery and Light Sensor\/Bird Clock Made of Wood\/Cuckoo Clock Modern Design The Birdhouse Clock is a cuckoo clock that tells the time with a lovely sound and the murmur of a brook. The form of a simple birdhouse with a triangular roof was made by&hellip;","_links":{"self":[{"href":"https:\/\/lemnosclocks.eu\/de\/wp-json\/wp\/v2\/product\/718","targetHints":{"allow":["GET"]}}],"collection":[{"href":"https:\/\/lemnosclocks.eu\/de\/wp-json\/wp\/v2\/product"}],"about":[{"href":"https:\/\/lemnosclocks.eu\/de\/wp-json\/wp\/v2\/types\/product"}],"replies":[{"embeddable":true,"href":"https:\/\/lemnosclocks.eu\/de\/wp-json\/wp\/v2\/comments?post=718"}],"wp:featuredmedia":[{"embeddable":true,"href":"https:\/\/lemnosclocks.eu\/de\/wp-json\/wp\/v2\/media\/705"}],"wp:attachment":[{"href":"https:\/\/lemnosclocks.eu\/de\/wp-json\/wp\/v2\/media?parent=718"}],"wp:term":[{"taxonomy":"product_brand","embeddable":true,"href":"https:\/\/lemnosclocks.eu\/de\/wp-json\/wp\/v2\/product_brand?post=718"},{"taxonomy":"product_cat","embeddable":true,"href":"https:\/\/lemnosclocks.eu\/de\/wp-json\/wp\/v2\/product_cat?post=718"},{"taxonomy":"product_tag","embeddable":true,"href":"https:\/\/lemnosclocks.eu\/de\/wp-json\/wp\/v2\/product_tag?post=718"}],"curies":[{"name":"wp","href":"https:\/\/api.w.org\/{rel}","templated":true}]}}