{"id":2283,"date":"2025-12-10T10:48:50","date_gmt":"2025-12-10T09:48:50","guid":{"rendered":"https:\/\/lemnosclocks.eu\/?post_type=product&#038;p=2283"},"modified":"2026-04-07T04:20:02","modified_gmt":"2026-04-07T02:20:02","slug":"lemnos-kuckucksuhr-cucu-2025","status":"publish","type":"product","link":"https:\/\/lemnosclocks.eu\/de\/product\/lemnos-cuckoo-clock-cucu-2025\/","title":{"rendered":"Lemnos Kuckucksuhr Cucu 2025"},"content":{"rendered":"<p>Entworfen von Yuichi Nara<\/p>\n<p>Die CUCU-Uhr zeigt die Zeit mit dem bezaubernden Ruf eines Kuckucks an, der vom sanften Murmeln eines Baches begleitet wird.<br \/>\nDie CUCU ist einem einfachen Vogelhaus nachempfunden und kann sowohl als Wand- als auch als Tischuhr verwendet werden.<br \/>\nDas aus massivem Kastanienholz gefertigte CUCU gibt es in zwei verschiedenen Ausf\u00fchrungen: in einer nat\u00fcrlichen Variante, die die Sch\u00f6nheit der Holzmaserung hervorhebt, und in einer anthrazitfarbenen Variante mit einem satten, tiefen Farbton. Beide werden sorgf\u00e4ltig mit einem \u00d6lfinish behandelt, um die warme und organische Textur des Holzes zu betonen.<br \/>\nSeine weiche, angenehme Textur und die Art und Weise, wie das Holz mit der Zeit reift, verleihen dem t\u00e4glichen Leben eine ruhige Eleganz.<br \/>\nEin eingebauter Lichtsensor schaltet den Kuckuck automatisch in den Schlafmodus, wenn der Raum dunkel wird, z. B. zur Schlafenszeit, und sorgt so f\u00fcr friedliche, ruhige N\u00e4chte.<\/p>\n<div style=\"width: 1920px;\" class=\"wp-video\"><video class=\"wp-video-shortcode\" id=\"video-2283-1\" width=\"1920\" height=\"1080\" preload=\"metadata\" controls=\"controls\"><source type=\"video\/mp4\" src=\"https:\/\/lemnosclocks.eu\/wp-content\/uploads\/2025\/12\/CUCU2025_japanese-design-clock_movie.mp4?_=1\" \/><a href=\"https:\/\/lemnosclocks.eu\/wp-content\/uploads\/2025\/12\/CUCU2025_japanese-design-clock_movie.mp4\">https:\/\/lemnosclocks.eu\/wp-content\/uploads\/2025\/12\/CUCU2025_japanese-design-clock_movie.mp4<\/a><\/video><\/div>\n<h3>Einstellen der Uhrzeiger<\/h3>\n<div style=\"width: 640px;\" class=\"wp-video\"><video class=\"wp-video-shortcode\" id=\"video-2283-2\" width=\"640\" height=\"360\" preload=\"metadata\" controls=\"controls\"><source type=\"video\/mp4\" src=\"https:\/\/lemnosclocks.eu\/wp-content\/uploads\/2024\/10\/How-to-set-clock-hands-CUCU.mp4?_=2\" \/><a href=\"https:\/\/lemnosclocks.eu\/wp-content\/uploads\/2024\/10\/How-to-set-clock-hands-CUCU.mp4\">https:\/\/lemnosclocks.eu\/wp-content\/uploads\/2024\/10\/How-to-set-clock-hands-CUCU.mp4<\/a><\/video><\/div>","protected":false},"excerpt":{"rendered":"<p>Lemnos Kuckucksuhr Cucu\/Designer Kuckucksuhr aus Japan\/Kuckucksuhr mit Batterie und Lichtsensor\/aus Holz\/Kuckucksuhr Modernes Design<\/p>","protected":false},"featured_media":2297,"comment_status":"closed","ping_status":"closed","template":"","meta":{"_uag_custom_page_level_css":"","site-sidebar-layout":"default","site-content-layout":"","ast-site-content-layout":"default","site-content-style":"default","site-sidebar-style":"default","ast-global-header-display":"","ast-banner-title-visibility":"","ast-main-header-display":"","ast-hfb-above-header-display":"","ast-hfb-below-header-display":"","ast-hfb-mobile-header-display":"","site-post-title":"","ast-breadcrumbs-content":"","ast-featured-img":"","footer-sml-layout":"","ast-disable-related-posts":"","theme-transparent-header-meta":"default","adv-header-id-meta":"","stick-header-meta":"","header-above-stick-meta":"","header-main-stick-meta":"","header-below-stick-meta":"","astra-migrate-meta-layouts":"set","ast-page-background-enabled":"default","ast-page-background-meta":{"desktop":{"background-color":"var(--ast-global-color-4)","background-image":"","background-repeat":"repeat","background-position":"center center","background-size":"auto","background-attachment":"scroll","background-type":"","background-media":"","overlay-type":"","overlay-color":"","overlay-opacity":"","overlay-gradient":""},"tablet":{"background-color":"","background-image":"","background-repeat":"repeat","background-position":"center center","background-size":"auto","background-attachment":"scroll","background-type":"","background-media":"","overlay-type":"","overlay-color":"","overlay-opacity":"","overlay-gradient":""},"mobile":{"background-color":"","background-image":"","background-repeat":"repeat","background-position":"center center","background-size":"auto","background-attachment":"scroll","background-type":"","background-media":"","overlay-type":"","overlay-color":"","overlay-opacity":"","overlay-gradient":""}},"ast-content-background-meta":{"desktop":{"background-color":"var(--ast-global-color-5)","background-image":"","background-repeat":"repeat","background-position":"center center","background-size":"auto","background-attachment":"scroll","background-type":"","background-media":"","overlay-type":"","overlay-color":"","overlay-opacity":"","overlay-gradient":""},"tablet":{"background-color":"var(--ast-global-color-5)","background-image":"","background-repeat":"repeat","background-position":"center center","background-size":"auto","background-attachment":"scroll","background-type":"","background-media":"","overlay-type":"","overlay-color":"","overlay-opacity":"","overlay-gradient":""},"mobile":{"background-color":"var(--ast-global-color-5)","background-image":"","background-repeat":"repeat","background-position":"center center","background-size":"auto","background-attachment":"scroll","background-type":"","background-media":"","overlay-type":"","overlay-color":"","overlay-opacity":"","overlay-gradient":""}}},"product_brand":[],"product_cat":[75],"product_tag":[88],"class_list":{"0":"post-2283","1":"product","2":"type-product","3":"status-publish","4":"has-post-thumbnail","6":"product_cat-cuckoo-clock","7":"product_tag-featured","8":"desktop-align-center","9":"tablet-align-left","10":"mobile-align-left","11":"ast-product-gallery-layout-horizontal-slider","12":"ast-product-single-variable","13":"ast-product-tabs-layout-horizontal","14":"ast-qv-on-image","16":"first","17":"outofstock","18":"taxable","19":"shipping-taxable","20":"purchasable","21":"product-type-variable","22":"has-default-attributes"},"yoast_head":"<!-- This site is optimized with the Yoast SEO plugin v27.4 - https:\/\/yoast.com\/product\/yoast-seo-wordpress\/ -->\n<title>Lemnos Cuckoo Clock Cucu 2025 | Japanese Design Clock | Lemnos Clocks<\/title>\n<meta name=\"description\" content=\"The cuckoo clocks from Japan stand for high-quality workmanship and precise manufacturing. The cuckoo clock is manufactured with great care and quality awareness and impresses with its durability.\" \/>\n<meta name=\"robots\" content=\"index, follow, max-snippet:-1, max-image-preview:large, max-video-preview:-1\" \/>\n<link rel=\"canonical\" href=\"https:\/\/lemnosclocks.eu\/de\/produkt\/lemnos-kuckucksuhr-cucu-2025\/\" \/>\n<meta property=\"og:locale\" content=\"de_DE\" \/>\n<meta property=\"og:type\" content=\"article\" \/>\n<meta property=\"og:title\" content=\"Lemnos Cuckoo Clock Cucu 2025 | Japanese Design Clock | Lemnos Clocks\" \/>\n<meta property=\"og:description\" content=\"The cuckoo clocks from Japan stand for high-quality workmanship and precise manufacturing. The cuckoo clock is manufactured with great care and quality awareness and impresses with its durability.\" \/>\n<meta property=\"og:url\" content=\"https:\/\/lemnosclocks.eu\/de\/produkt\/lemnos-kuckucksuhr-cucu-2025\/\" \/>\n<meta property=\"og:site_name\" content=\"Lemnos Clocks\" \/>\n<meta property=\"article:modified_time\" content=\"2026-04-07T02:20:02+00:00\" \/>\n<meta property=\"og:image\" content=\"https:\/\/lemnosclocks.eu\/wp-content\/uploads\/2025\/12\/NY25_08_japanese-design-clock_NT_f.jpg\" \/>\n\t<meta property=\"og:image:width\" content=\"2000\" \/>\n\t<meta property=\"og:image:height\" content=\"2000\" \/>\n\t<meta property=\"og:image:type\" content=\"image\/jpeg\" \/>\n<meta name=\"twitter:card\" content=\"summary_large_image\" \/>\n<!-- \/ Yoast SEO plugin. -->","yoast_head_json":{"title":"Lemnos Kuckucksuhr Cucu 2025 | Japanisches Design Uhr | Lemnos Uhren","description":"Die Kuckucksuhren aus Japan stehen f\u00fcr hochwertige Verarbeitung und pr\u00e4zise Fertigung. Die Kuckucksuhr wird mit gro\u00dfer Sorgfalt und Qualit\u00e4tsbewusstsein gefertigt und besticht durch ihre Langlebigkeit.","robots":{"index":"index","follow":"follow","max-snippet":"max-snippet:-1","max-image-preview":"max-image-preview:large","max-video-preview":"max-video-preview:-1"},"canonical":"https:\/\/lemnosclocks.eu\/de\/produkt\/lemnos-kuckucksuhr-cucu-2025\/","og_locale":"de_DE","og_type":"article","og_title":"Lemnos Cuckoo Clock Cucu 2025 | Japanese Design Clock | Lemnos Clocks","og_description":"The cuckoo clocks from Japan stand for high-quality workmanship and precise manufacturing. The cuckoo clock is manufactured with great care and quality awareness and impresses with its durability.","og_url":"https:\/\/lemnosclocks.eu\/de\/produkt\/lemnos-kuckucksuhr-cucu-2025\/","og_site_name":"Lemnos Clocks","article_modified_time":"2026-04-07T02:20:02+00:00","og_image":[{"width":2000,"height":2000,"url":"https:\/\/lemnosclocks.eu\/wp-content\/uploads\/2025\/12\/NY25_08_japanese-design-clock_NT_f.jpg","type":"image\/jpeg"}],"twitter_card":"summary_large_image","schema":{"@context":"https:\/\/schema.org","@graph":[{"@type":"WebPage","@id":"https:\/\/lemnosclocks.eu\/product\/lemnos-cuckoo-clock-cucu-2025\/","url":"https:\/\/lemnosclocks.eu\/product\/lemnos-cuckoo-clock-cucu-2025\/","name":"Lemnos Kuckucksuhr Cucu 2025 | Japanisches Design Uhr | Lemnos Uhren","isPartOf":{"@id":"https:\/\/lemnosclocks.eu\/#website"},"primaryImageOfPage":{"@id":"https:\/\/lemnosclocks.eu\/product\/lemnos-cuckoo-clock-cucu-2025\/#primaryimage"},"image":{"@id":"https:\/\/lemnosclocks.eu\/product\/lemnos-cuckoo-clock-cucu-2025\/#primaryimage"},"thumbnailUrl":"https:\/\/lemnosclocks.eu\/wp-content\/uploads\/2025\/12\/NY25_08_japanese-design-clock_NT_f.jpg","datePublished":"2025-12-10T09:48:50+00:00","dateModified":"2026-04-07T02:20:02+00:00","description":"Die Kuckucksuhren aus Japan stehen f\u00fcr hochwertige Verarbeitung und pr\u00e4zise Fertigung. Die Kuckucksuhr wird mit gro\u00dfer Sorgfalt und Qualit\u00e4tsbewusstsein gefertigt und besticht durch ihre Langlebigkeit.","breadcrumb":{"@id":"https:\/\/lemnosclocks.eu\/product\/lemnos-cuckoo-clock-cucu-2025\/#breadcrumb"},"inLanguage":"de","potentialAction":[{"@type":"ReadAction","target":["https:\/\/lemnosclocks.eu\/product\/lemnos-cuckoo-clock-cucu-2025\/"]}]},{"@type":"ImageObject","inLanguage":"de","@id":"https:\/\/lemnosclocks.eu\/product\/lemnos-cuckoo-clock-cucu-2025\/#primaryimage","url":"https:\/\/lemnosclocks.eu\/wp-content\/uploads\/2025\/12\/NY25_08_japanese-design-clock_NT_f.jpg","contentUrl":"https:\/\/lemnosclocks.eu\/wp-content\/uploads\/2025\/12\/NY25_08_japanese-design-clock_NT_f.jpg","width":2000,"height":2000},{"@type":"BreadcrumbList","@id":"https:\/\/lemnosclocks.eu\/product\/lemnos-cuckoo-clock-cucu-2025\/#breadcrumb","itemListElement":[{"@type":"ListItem","position":1,"name":"Startseite","item":"https:\/\/lemnosclocks.eu\/en\/"},{"@type":"ListItem","position":2,"name":"Shop","item":"https:\/\/lemnosclocks.eu\/shop\/"},{"@type":"ListItem","position":3,"name":"Lemnos Cuckoo Clock Cucu 2025"}]},{"@type":"WebSite","@id":"https:\/\/lemnosclocks.eu\/#website","url":"https:\/\/lemnosclocks.eu\/","name":"Lemnos-Uhren","description":"Handgefertigte Design-Uhren aus Japan","publisher":{"@id":"https:\/\/lemnosclocks.eu\/#organization"},"alternateName":"Lemnos","potentialAction":[{"@type":"SearchAction","target":{"@type":"EntryPoint","urlTemplate":"https:\/\/lemnosclocks.eu\/?s={search_term_string}"},"query-input":{"@type":"PropertyValueSpecification","valueRequired":true,"valueName":"search_term_string"}}],"inLanguage":"de"},{"@type":"Organization","@id":"https:\/\/lemnosclocks.eu\/#organization","name":"Lemnos-Uhren","url":"https:\/\/lemnosclocks.eu\/","logo":{"@type":"ImageObject","inLanguage":"de","@id":"https:\/\/lemnosclocks.eu\/#\/schema\/logo\/image\/","url":"https:\/\/lemnosclocks.eu\/wp-content\/uploads\/2024\/09\/logo_160x28.png","contentUrl":"https:\/\/lemnosclocks.eu\/wp-content\/uploads\/2024\/09\/logo_160x28.png","width":160,"height":28,"caption":"Lemnos Clocks"},"image":{"@id":"https:\/\/lemnosclocks.eu\/#\/schema\/logo\/image\/"}}]}},"uagb_featured_image_src":{"full":["https:\/\/lemnosclocks.eu\/wp-content\/uploads\/2025\/12\/NY25_08_japanese-design-clock_NT_f.jpg",2000,2000,false],"thumbnail":["https:\/\/lemnosclocks.eu\/wp-content\/uploads\/2025\/12\/NY25_08_japanese-design-clock_NT_f-150x150.jpg",150,150,true],"medium":["https:\/\/lemnosclocks.eu\/wp-content\/uploads\/2025\/12\/NY25_08_japanese-design-clock_NT_f-800x800.jpg",800,800,true],"medium_large":["https:\/\/lemnosclocks.eu\/wp-content\/uploads\/2025\/12\/NY25_08_japanese-design-clock_NT_f-768x768.jpg",768,768,true],"large":["https:\/\/lemnosclocks.eu\/wp-content\/uploads\/2025\/12\/NY25_08_japanese-design-clock_NT_f-1200x1200.jpg",1200,1200,true],"1536x1536":["https:\/\/lemnosclocks.eu\/wp-content\/uploads\/2025\/12\/NY25_08_japanese-design-clock_NT_f-1536x1536.jpg",1536,1536,true],"2048x2048":["https:\/\/lemnosclocks.eu\/wp-content\/uploads\/2025\/12\/NY25_08_japanese-design-clock_NT_f.jpg",2000,2000,false],"trp-custom-language-flag":["https:\/\/lemnosclocks.eu\/wp-content\/uploads\/2025\/12\/NY25_08_japanese-design-clock_NT_f-12x12.jpg",12,12,true],"woocommerce_thumbnail":["https:\/\/lemnosclocks.eu\/wp-content\/uploads\/2025\/12\/NY25_08_japanese-design-clock_NT_f-620x620.jpg",620,620,true],"woocommerce_single":["https:\/\/lemnosclocks.eu\/wp-content\/uploads\/2025\/12\/NY25_08_japanese-design-clock_NT_f-930x930.jpg",930,930,true],"woocommerce_gallery_thumbnail":["https:\/\/lemnosclocks.eu\/wp-content\/uploads\/2025\/12\/NY25_08_japanese-design-clock_NT_f-250x250.jpg",250,250,true]},"uagb_author_info":{"display_name":"mariko","author_link":"https:\/\/lemnosclocks.eu\/de\/author\/"},"uagb_comment_info":0,"uagb_excerpt":"Lemnos Cuckoo Clock Cucu\/Designer Cuckoo Clock from Japan\/Cuckoo Clock with Battery and Light Sensor\/Made of Wood\/Cuckoo Clock Modern Design","_links":{"self":[{"href":"https:\/\/lemnosclocks.eu\/de\/wp-json\/wp\/v2\/product\/2283","targetHints":{"allow":["GET"]}}],"collection":[{"href":"https:\/\/lemnosclocks.eu\/de\/wp-json\/wp\/v2\/product"}],"about":[{"href":"https:\/\/lemnosclocks.eu\/de\/wp-json\/wp\/v2\/types\/product"}],"replies":[{"embeddable":true,"href":"https:\/\/lemnosclocks.eu\/de\/wp-json\/wp\/v2\/comments?post=2283"}],"wp:featuredmedia":[{"embeddable":true,"href":"https:\/\/lemnosclocks.eu\/de\/wp-json\/wp\/v2\/media\/2297"}],"wp:attachment":[{"href":"https:\/\/lemnosclocks.eu\/de\/wp-json\/wp\/v2\/media?parent=2283"}],"wp:term":[{"taxonomy":"product_brand","embeddable":true,"href":"https:\/\/lemnosclocks.eu\/de\/wp-json\/wp\/v2\/product_brand?post=2283"},{"taxonomy":"product_cat","embeddable":true,"href":"https:\/\/lemnosclocks.eu\/de\/wp-json\/wp\/v2\/product_cat?post=2283"},{"taxonomy":"product_tag","embeddable":true,"href":"https:\/\/lemnosclocks.eu\/de\/wp-json\/wp\/v2\/product_tag?post=2283"}],"curies":[{"name":"wp","href":"https:\/\/api.w.org\/{rel}","templated":true}]}}