{"id":1923,"date":"2025-07-09T11:10:58","date_gmt":"2025-07-09T09:10:58","guid":{"rendered":"https:\/\/lemnosclocks.eu\/?post_type=product&#038;p=1923"},"modified":"2026-04-16T11:53:08","modified_gmt":"2026-04-16T09:53:08","slug":"lemnos-essent-uhr","status":"publish","type":"product","link":"https:\/\/lemnosclocks.eu\/de\/product\/lemnos-essent-clock\/","title":{"rendered":"Lemnos Essent Uhr"},"content":{"rendered":"<div class=\"tit-wrap\">\n<p class=\"name\">Entworfen von Daisuke Kitagawa<\/p>\n<\/div>\n<p>Die \u201cessent\u201d-Uhr ist das Ergebnis einer grundlegenden Auseinandersetzung mit der Funktionalit\u00e4t und den Materialien von Wanduhren.<br \/>\nDie Uhren verwenden das Duodezimalsystem f\u00fcr die Stunden und das 60-Dezimalsystem f\u00fcr die Minuten und Sekunden. Allerdings zeigen Wanduhren oft nur die Stundenzahlen von 1 bis 12 an. Deshalb haben wir eine Standard-Wanduhr entwickelt, die jede Zahl auf nat\u00fcrliche und leicht verst\u00e4ndliche Weise anzeigt.<br \/>\nDie \u201cessent\u201d-Uhr verwendet zwei Arten von Zahlen und zwei verschiedene Farben, um eine klare Unterscheidung zu erm\u00f6glichen. Sie zeigt den Stundenzeiger und die Ziffern von 1 bis 12 f\u00fcr die Stunden sowie den Minuten- und Sekundenzeiger und die Ziffern von 0 bis 55. Die Verbindung der Farben verbessert die intuitive Erkennung der Zeit. Au\u00dferdem haben wir eine originelle Schrift mit klarem Erscheinungsbild und hoher Lesbarkeit geschaffen.<br \/>\nDie \u201cessent\u201d-Uhr achtet auch auf die Materialien. Bei der Bedruckung des Ziffernblatts haben wir uns von der Technik und dem Ausdruck des Buchdrucks inspirieren lassen, der als der Ursprung des Drucks angesehen werden kann. Das Ziffernblatt besteht aus dickem Papier, das mit zwei Arten von Folien- und Blindpr\u00e4gung versehen ist. So entsteht eine noch nie dagewesene Tiefe und Ausdruckskraft.<br \/>\nAls Ergebnis einer grundlegenden Auseinandersetzung mit Funktionalit\u00e4t und Materialien ist die \u201cessent\u201d-Uhr sowohl f\u00fcr Kinder als auch f\u00fcr Erwachsene lesbar und f\u00fcgt sich nahtlos in jeden Raum ein.<\/p>\n<p>iF DESIGN AWARD 2025\uff08Deutschland\uff09<\/p>\n<p>&nbsp;<\/p>","protected":false},"excerpt":{"rendered":"<p>Designed by Daisuke Kitagawa The \u201cessent\u201d clock was created through a fundamental exploration of the functionality and materials of wall [&hellip;]<\/p>\n","protected":false},"featured_media":1917,"comment_status":"closed","ping_status":"closed","template":"","meta":{"_uag_custom_page_level_css":"","site-sidebar-layout":"default","site-content-layout":"","ast-site-content-layout":"default","site-content-style":"default","site-sidebar-style":"default","ast-global-header-display":"","ast-banner-title-visibility":"","ast-main-header-display":"","ast-hfb-above-header-display":"","ast-hfb-below-header-display":"","ast-hfb-mobile-header-display":"","site-post-title":"","ast-breadcrumbs-content":"","ast-featured-img":"","footer-sml-layout":"","ast-disable-related-posts":"","theme-transparent-header-meta":"default","adv-header-id-meta":"","stick-header-meta":"","header-above-stick-meta":"","header-main-stick-meta":"","header-below-stick-meta":"","astra-migrate-meta-layouts":"set","ast-page-background-enabled":"default","ast-page-background-meta":{"desktop":{"background-color":"var(--ast-global-color-4)","background-image":"","background-repeat":"repeat","background-position":"center center","background-size":"auto","background-attachment":"scroll","background-type":"","background-media":"","overlay-type":"","overlay-color":"","overlay-opacity":"","overlay-gradient":""},"tablet":{"background-color":"","background-image":"","background-repeat":"repeat","background-position":"center center","background-size":"auto","background-attachment":"scroll","background-type":"","background-media":"","overlay-type":"","overlay-color":"","overlay-opacity":"","overlay-gradient":""},"mobile":{"background-color":"","background-image":"","background-repeat":"repeat","background-position":"center center","background-size":"auto","background-attachment":"scroll","background-type":"","background-media":"","overlay-type":"","overlay-color":"","overlay-opacity":"","overlay-gradient":""}},"ast-content-background-meta":{"desktop":{"background-color":"var(--ast-global-color-5)","background-image":"","background-repeat":"repeat","background-position":"center center","background-size":"auto","background-attachment":"scroll","background-type":"","background-media":"","overlay-type":"","overlay-color":"","overlay-opacity":"","overlay-gradient":""},"tablet":{"background-color":"var(--ast-global-color-5)","background-image":"","background-repeat":"repeat","background-position":"center center","background-size":"auto","background-attachment":"scroll","background-type":"","background-media":"","overlay-type":"","overlay-color":"","overlay-opacity":"","overlay-gradient":""},"mobile":{"background-color":"var(--ast-global-color-5)","background-image":"","background-repeat":"repeat","background-position":"center center","background-size":"auto","background-attachment":"scroll","background-type":"","background-media":"","overlay-type":"","overlay-color":"","overlay-opacity":"","overlay-gradient":""}}},"product_brand":[],"product_cat":[84],"product_tag":[],"class_list":{"0":"post-1923","1":"product","2":"type-product","3":"status-publish","4":"has-post-thumbnail","6":"product_cat-wall-clock","7":"desktop-align-center","8":"tablet-align-left","9":"mobile-align-left","10":"ast-product-gallery-layout-horizontal-slider","11":"ast-product-single-variable","12":"ast-product-tabs-layout-horizontal","13":"ast-qv-on-image","15":"first","16":"instock","17":"taxable","18":"shipping-taxable","19":"purchasable","20":"product-type-variable","21":"has-default-attributes"},"yoast_head":"<!-- This site is optimized with the Yoast SEO plugin v27.4 - https:\/\/yoast.com\/product\/yoast-seo-wordpress\/ -->\n<title>Lemnos Essent Clock | Japanese Design Clock | Lemnos Clocks<\/title>\n<meta name=\"robots\" content=\"index, follow, max-snippet:-1, max-image-preview:large, max-video-preview:-1\" \/>\n<link rel=\"canonical\" href=\"https:\/\/lemnosclocks.eu\/de\/produkt\/lemnos-essent-uhr\/\" \/>\n<meta property=\"og:locale\" content=\"de_DE\" \/>\n<meta property=\"og:type\" content=\"article\" \/>\n<meta property=\"og:title\" content=\"Lemnos Essent Clock | Japanese Design Clock | Lemnos Clocks\" \/>\n<meta property=\"og:description\" content=\"Designed by Daisuke Kitagawa The \u201cessent\u201d clock was created through a fundamental exploration of the functionality and materials of wall [&hellip;]\" \/>\n<meta property=\"og:url\" content=\"https:\/\/lemnosclocks.eu\/de\/produkt\/lemnos-essent-uhr\/\" \/>\n<meta property=\"og:site_name\" content=\"Lemnos Clocks\" \/>\n<meta property=\"article:modified_time\" content=\"2026-04-16T09:53:08+00:00\" \/>\n<meta property=\"og:image\" content=\"https:\/\/lemnosclocks.eu\/wp-content\/uploads\/2025\/07\/DFI24_06_japanese-design-clock_NV.jpg\" \/>\n\t<meta property=\"og:image:width\" content=\"2000\" \/>\n\t<meta property=\"og:image:height\" content=\"2000\" \/>\n\t<meta property=\"og:image:type\" content=\"image\/jpeg\" \/>\n<meta name=\"twitter:card\" content=\"summary_large_image\" \/>\n<!-- \/ Yoast SEO plugin. -->","yoast_head_json":{"title":"Lemnos Essent Uhr | Japanische Design Uhr | Lemnos Uhren","robots":{"index":"index","follow":"follow","max-snippet":"max-snippet:-1","max-image-preview":"max-image-preview:large","max-video-preview":"max-video-preview:-1"},"canonical":"https:\/\/lemnosclocks.eu\/de\/produkt\/lemnos-essent-uhr\/","og_locale":"de_DE","og_type":"article","og_title":"Lemnos Essent Clock | Japanese Design Clock | Lemnos Clocks","og_description":"Designed by Daisuke Kitagawa The \u201cessent\u201d clock was created through a fundamental exploration of the functionality and materials of wall [&hellip;]","og_url":"https:\/\/lemnosclocks.eu\/de\/produkt\/lemnos-essent-uhr\/","og_site_name":"Lemnos Clocks","article_modified_time":"2026-04-16T09:53:08+00:00","og_image":[{"width":2000,"height":2000,"url":"https:\/\/lemnosclocks.eu\/wp-content\/uploads\/2025\/07\/DFI24_06_japanese-design-clock_NV.jpg","type":"image\/jpeg"}],"twitter_card":"summary_large_image","schema":{"@context":"https:\/\/schema.org","@graph":[{"@type":"WebPage","@id":"https:\/\/lemnosclocks.eu\/product\/lemnos-essent-clock\/","url":"https:\/\/lemnosclocks.eu\/product\/lemnos-essent-clock\/","name":"Lemnos Essent Uhr | Japanische Design Uhr | Lemnos Uhren","isPartOf":{"@id":"https:\/\/lemnosclocks.eu\/#website"},"primaryImageOfPage":{"@id":"https:\/\/lemnosclocks.eu\/product\/lemnos-essent-clock\/#primaryimage"},"image":{"@id":"https:\/\/lemnosclocks.eu\/product\/lemnos-essent-clock\/#primaryimage"},"thumbnailUrl":"https:\/\/lemnosclocks.eu\/wp-content\/uploads\/2025\/07\/DFI24_06_japanese-design-clock_NV.jpg","datePublished":"2025-07-09T09:10:58+00:00","dateModified":"2026-04-16T09:53:08+00:00","breadcrumb":{"@id":"https:\/\/lemnosclocks.eu\/product\/lemnos-essent-clock\/#breadcrumb"},"inLanguage":"de","potentialAction":[{"@type":"ReadAction","target":["https:\/\/lemnosclocks.eu\/product\/lemnos-essent-clock\/"]}]},{"@type":"ImageObject","inLanguage":"de","@id":"https:\/\/lemnosclocks.eu\/product\/lemnos-essent-clock\/#primaryimage","url":"https:\/\/lemnosclocks.eu\/wp-content\/uploads\/2025\/07\/DFI24_06_japanese-design-clock_NV.jpg","contentUrl":"https:\/\/lemnosclocks.eu\/wp-content\/uploads\/2025\/07\/DFI24_06_japanese-design-clock_NV.jpg","width":2000,"height":2000},{"@type":"BreadcrumbList","@id":"https:\/\/lemnosclocks.eu\/product\/lemnos-essent-clock\/#breadcrumb","itemListElement":[{"@type":"ListItem","position":1,"name":"Startseite","item":"https:\/\/lemnosclocks.eu\/en\/"},{"@type":"ListItem","position":2,"name":"Shop","item":"https:\/\/lemnosclocks.eu\/shop\/"},{"@type":"ListItem","position":3,"name":"Lemnos Essent Clock"}]},{"@type":"WebSite","@id":"https:\/\/lemnosclocks.eu\/#website","url":"https:\/\/lemnosclocks.eu\/","name":"Lemnos-Uhren","description":"Handgefertigte Design-Uhren aus Japan","publisher":{"@id":"https:\/\/lemnosclocks.eu\/#organization"},"alternateName":"Lemnos","potentialAction":[{"@type":"SearchAction","target":{"@type":"EntryPoint","urlTemplate":"https:\/\/lemnosclocks.eu\/?s={search_term_string}"},"query-input":{"@type":"PropertyValueSpecification","valueRequired":true,"valueName":"search_term_string"}}],"inLanguage":"de"},{"@type":"Organization","@id":"https:\/\/lemnosclocks.eu\/#organization","name":"Lemnos-Uhren","url":"https:\/\/lemnosclocks.eu\/","logo":{"@type":"ImageObject","inLanguage":"de","@id":"https:\/\/lemnosclocks.eu\/#\/schema\/logo\/image\/","url":"https:\/\/lemnosclocks.eu\/wp-content\/uploads\/2024\/09\/logo_160x28.png","contentUrl":"https:\/\/lemnosclocks.eu\/wp-content\/uploads\/2024\/09\/logo_160x28.png","width":160,"height":28,"caption":"Lemnos Clocks"},"image":{"@id":"https:\/\/lemnosclocks.eu\/#\/schema\/logo\/image\/"}}]}},"uagb_featured_image_src":{"full":["https:\/\/lemnosclocks.eu\/wp-content\/uploads\/2025\/07\/DFI24_06_japanese-design-clock_NV.jpg",2000,2000,false],"thumbnail":["https:\/\/lemnosclocks.eu\/wp-content\/uploads\/2025\/07\/DFI24_06_japanese-design-clock_NV-150x150.jpg",150,150,true],"medium":["https:\/\/lemnosclocks.eu\/wp-content\/uploads\/2025\/07\/DFI24_06_japanese-design-clock_NV-800x800.jpg",800,800,true],"medium_large":["https:\/\/lemnosclocks.eu\/wp-content\/uploads\/2025\/07\/DFI24_06_japanese-design-clock_NV-768x768.jpg",768,768,true],"large":["https:\/\/lemnosclocks.eu\/wp-content\/uploads\/2025\/07\/DFI24_06_japanese-design-clock_NV-1200x1200.jpg",1200,1200,true],"1536x1536":["https:\/\/lemnosclocks.eu\/wp-content\/uploads\/2025\/07\/DFI24_06_japanese-design-clock_NV-1536x1536.jpg",1536,1536,true],"2048x2048":["https:\/\/lemnosclocks.eu\/wp-content\/uploads\/2025\/07\/DFI24_06_japanese-design-clock_NV.jpg",2000,2000,false],"trp-custom-language-flag":["https:\/\/lemnosclocks.eu\/wp-content\/uploads\/2025\/07\/DFI24_06_japanese-design-clock_NV-12x12.jpg",12,12,true],"woocommerce_thumbnail":["https:\/\/lemnosclocks.eu\/wp-content\/uploads\/2025\/07\/DFI24_06_japanese-design-clock_NV-620x620.jpg",620,620,true],"woocommerce_single":["https:\/\/lemnosclocks.eu\/wp-content\/uploads\/2025\/07\/DFI24_06_japanese-design-clock_NV-930x930.jpg",930,930,true],"woocommerce_gallery_thumbnail":["https:\/\/lemnosclocks.eu\/wp-content\/uploads\/2025\/07\/DFI24_06_japanese-design-clock_NV-250x250.jpg",250,250,true]},"uagb_author_info":{"display_name":"mariko","author_link":"https:\/\/lemnosclocks.eu\/de\/author\/"},"uagb_comment_info":0,"uagb_excerpt":"Designed by Daisuke Kitagawa The \u201cessent\u201d clock was created through a fundamental exploration of the functionality and materials of wall [&hellip;]","_links":{"self":[{"href":"https:\/\/lemnosclocks.eu\/de\/wp-json\/wp\/v2\/product\/1923","targetHints":{"allow":["GET"]}}],"collection":[{"href":"https:\/\/lemnosclocks.eu\/de\/wp-json\/wp\/v2\/product"}],"about":[{"href":"https:\/\/lemnosclocks.eu\/de\/wp-json\/wp\/v2\/types\/product"}],"replies":[{"embeddable":true,"href":"https:\/\/lemnosclocks.eu\/de\/wp-json\/wp\/v2\/comments?post=1923"}],"wp:featuredmedia":[{"embeddable":true,"href":"https:\/\/lemnosclocks.eu\/de\/wp-json\/wp\/v2\/media\/1917"}],"wp:attachment":[{"href":"https:\/\/lemnosclocks.eu\/de\/wp-json\/wp\/v2\/media?parent=1923"}],"wp:term":[{"taxonomy":"product_brand","embeddable":true,"href":"https:\/\/lemnosclocks.eu\/de\/wp-json\/wp\/v2\/product_brand?post=1923"},{"taxonomy":"product_cat","embeddable":true,"href":"https:\/\/lemnosclocks.eu\/de\/wp-json\/wp\/v2\/product_cat?post=1923"},{"taxonomy":"product_tag","embeddable":true,"href":"https:\/\/lemnosclocks.eu\/de\/wp-json\/wp\/v2\/product_tag?post=1923"}],"curies":[{"name":"wp","href":"https:\/\/api.w.org\/{rel}","templated":true}]}}