{"id":1825,"date":"2025-06-24T15:56:27","date_gmt":"2025-06-24T13:56:27","guid":{"rendered":"https:\/\/lemnosclocks.eu\/?post_type=product&#038;p=1825"},"modified":"2026-03-16T10:46:24","modified_gmt":"2026-03-16T09:46:24","slug":"lustiges-wortspiel-uhr-s-m-l","status":"publish","type":"product","link":"https:\/\/lemnosclocks.eu\/de\/product\/fun-pun-clock-s-m-l\/","title":{"rendered":"lustige Wortspieluhr S\/M\/L"},"content":{"rendered":"<p>Entworfen von Yoko Dobashi<\/p>\n<p>- Eine analoge Uhr, die Kinder, die noch nicht die Zeit ablesen k\u00f6nnen, dazu motiviert, die Zeit von einer Uhr abzulesen.<br \/>\nDer Ursprung des leicht humorvollen Namens der Uhr liegt in der japanischen Aussprache beim Lesen der Minuten im 60er-Zahlensystem. Auf Japanisch liest man 5 Minuten als \u201cgo(five)-fun\u201d, 10 Minuten als \u201cju(ten)-pun\u201d, 15 Minuten als \u201cjugo(fifteen)-fun\u201d und 20 Minuten als \u201cniju(twenty)-pun\u201d. Diese Uhr ist f\u00fcr Kinder leicht zu erkl\u00e4ren, einfach, aus sch\u00f6nen Materialien gefertigt und passt zu jeder Inneneinrichtung.<\/p>\n<p>Basierend auf dem Konzept \u201cEine analoge Uhr, die Kinder motiviert, die keine Uhr lesen k\u00f6nnen\u201d, wurde die Uhr von einer Designerin, die auch Mutter ist, in Zusammenarbeit mit Frau Misa Sakurai, einer leitenden Forscherin des Japan Montessori Research Institute, entwickelt. Diese Uhr ist einfach, aus sch\u00f6nen Materialien gefertigt und passt zu jeder Inneneinrichtung. fun pun clock ist so gestaltet, dass sie das Verst\u00e4ndnis f\u00fcr Minuten, Stunden und Zeit bei Kindern f\u00f6rdert, deren Interesse an Uhren im Rahmen der Montessori-P\u00e4dagogik zu wachsen beginnt.<\/p>\n<p>Wenn Ihr Kind sich f\u00fcr Uhren interessiert, k\u00f6nnen Sie versuchen, die Uhrzeit gemeinsam vorzulesen und die Kommunikation zu f\u00f6rdern.<\/p>\n<p>Good Design Award 2017\uff08Japan\uff09<br \/>\nKIDS DESIGN AWARD 2019\uff08Japan\uff09<\/p>","protected":false},"excerpt":{"rendered":"<p>Designed by Yoko Dobashi &#8211; An analog clock that motivates children who cannot yet tell the time to read the [&hellip;]<\/p>\n","protected":false},"featured_media":1859,"comment_status":"closed","ping_status":"closed","template":"","meta":{"_uag_custom_page_level_css":"","site-sidebar-layout":"default","site-content-layout":"","ast-site-content-layout":"default","site-content-style":"default","site-sidebar-style":"default","ast-global-header-display":"","ast-banner-title-visibility":"","ast-main-header-display":"","ast-hfb-above-header-display":"","ast-hfb-below-header-display":"","ast-hfb-mobile-header-display":"","site-post-title":"","ast-breadcrumbs-content":"","ast-featured-img":"","footer-sml-layout":"","ast-disable-related-posts":"","theme-transparent-header-meta":"default","adv-header-id-meta":"","stick-header-meta":"","header-above-stick-meta":"","header-main-stick-meta":"","header-below-stick-meta":"","astra-migrate-meta-layouts":"set","ast-page-background-enabled":"default","ast-page-background-meta":{"desktop":{"background-color":"var(--ast-global-color-4)","background-image":"","background-repeat":"repeat","background-position":"center center","background-size":"auto","background-attachment":"scroll","background-type":"","background-media":"","overlay-type":"","overlay-color":"","overlay-opacity":"","overlay-gradient":""},"tablet":{"background-color":"","background-image":"","background-repeat":"repeat","background-position":"center center","background-size":"auto","background-attachment":"scroll","background-type":"","background-media":"","overlay-type":"","overlay-color":"","overlay-opacity":"","overlay-gradient":""},"mobile":{"background-color":"","background-image":"","background-repeat":"repeat","background-position":"center center","background-size":"auto","background-attachment":"scroll","background-type":"","background-media":"","overlay-type":"","overlay-color":"","overlay-opacity":"","overlay-gradient":""}},"ast-content-background-meta":{"desktop":{"background-color":"var(--ast-global-color-5)","background-image":"","background-repeat":"repeat","background-position":"center center","background-size":"auto","background-attachment":"scroll","background-type":"","background-media":"","overlay-type":"","overlay-color":"","overlay-opacity":"","overlay-gradient":""},"tablet":{"background-color":"var(--ast-global-color-5)","background-image":"","background-repeat":"repeat","background-position":"center center","background-size":"auto","background-attachment":"scroll","background-type":"","background-media":"","overlay-type":"","overlay-color":"","overlay-opacity":"","overlay-gradient":""},"mobile":{"background-color":"var(--ast-global-color-5)","background-image":"","background-repeat":"repeat","background-position":"center center","background-size":"auto","background-attachment":"scroll","background-type":"","background-media":"","overlay-type":"","overlay-color":"","overlay-opacity":"","overlay-gradient":""}}},"product_brand":[],"product_cat":[84],"product_tag":[],"class_list":{"0":"post-1825","1":"product","2":"type-product","3":"status-publish","4":"has-post-thumbnail","6":"product_cat-wall-clock","7":"desktop-align-center","8":"tablet-align-left","9":"mobile-align-left","10":"ast-product-gallery-layout-horizontal-slider","11":"ast-product-single-variable","12":"ast-product-tabs-layout-horizontal","13":"ast-qv-on-image","15":"first","16":"instock","17":"taxable","18":"shipping-taxable","19":"purchasable","20":"product-type-variable","21":"has-default-attributes"},"yoast_head":"<!-- This site is optimized with the Yoast SEO plugin v27.4 - https:\/\/yoast.com\/product\/yoast-seo-wordpress\/ -->\n<title>fun pun clock S\/M\/L | Japanese Design Clock | Lemnos Clocks<\/title>\n<meta name=\"robots\" content=\"index, follow, max-snippet:-1, max-image-preview:large, max-video-preview:-1\" \/>\n<link rel=\"canonical\" href=\"https:\/\/lemnosclocks.eu\/de\/produkt\/lustiges-wortspiel-uhr-s-m-l\/\" \/>\n<meta property=\"og:locale\" content=\"de_DE\" \/>\n<meta property=\"og:type\" content=\"article\" \/>\n<meta property=\"og:title\" content=\"fun pun clock S\/M\/L | Japanese Design Clock | Lemnos Clocks\" \/>\n<meta property=\"og:description\" content=\"Designed by Yoko Dobashi &#8211; An analog clock that motivates children who cannot yet tell the time to read the [&hellip;]\" \/>\n<meta property=\"og:url\" content=\"https:\/\/lemnosclocks.eu\/de\/produkt\/lustiges-wortspiel-uhr-s-m-l\/\" \/>\n<meta property=\"og:site_name\" content=\"Lemnos Clocks\" \/>\n<meta property=\"article:modified_time\" content=\"2026-03-16T09:46:24+00:00\" \/>\n<meta property=\"og:image\" content=\"https:\/\/lemnosclocks.eu\/wp-content\/uploads\/2025\/06\/YD14_08_japanese-design-clock_L_re.jpg\" \/>\n\t<meta property=\"og:image:width\" content=\"2000\" \/>\n\t<meta property=\"og:image:height\" content=\"2000\" \/>\n\t<meta property=\"og:image:type\" content=\"image\/jpeg\" \/>\n<meta name=\"twitter:card\" content=\"summary_large_image\" \/>\n<!-- \/ Yoast SEO plugin. -->","yoast_head_json":{"title":"lustige Wortspiel-Uhr S\/M\/L | Japanische Design-Uhr | Lemnos-Uhren","robots":{"index":"index","follow":"follow","max-snippet":"max-snippet:-1","max-image-preview":"max-image-preview:large","max-video-preview":"max-video-preview:-1"},"canonical":"https:\/\/lemnosclocks.eu\/de\/produkt\/lustiges-wortspiel-uhr-s-m-l\/","og_locale":"de_DE","og_type":"article","og_title":"fun pun clock S\/M\/L | Japanese Design Clock | Lemnos Clocks","og_description":"Designed by Yoko Dobashi &#8211; An analog clock that motivates children who cannot yet tell the time to read the [&hellip;]","og_url":"https:\/\/lemnosclocks.eu\/de\/produkt\/lustiges-wortspiel-uhr-s-m-l\/","og_site_name":"Lemnos Clocks","article_modified_time":"2026-03-16T09:46:24+00:00","og_image":[{"width":2000,"height":2000,"url":"https:\/\/lemnosclocks.eu\/wp-content\/uploads\/2025\/06\/YD14_08_japanese-design-clock_L_re.jpg","type":"image\/jpeg"}],"twitter_card":"summary_large_image","schema":{"@context":"https:\/\/schema.org","@graph":[{"@type":"WebPage","@id":"https:\/\/lemnosclocks.eu\/product\/fun-pun-clock-s-m-l\/","url":"https:\/\/lemnosclocks.eu\/product\/fun-pun-clock-s-m-l\/","name":"lustige Wortspiel-Uhr S\/M\/L | Japanische Design-Uhr | Lemnos-Uhren","isPartOf":{"@id":"https:\/\/lemnosclocks.eu\/#website"},"primaryImageOfPage":{"@id":"https:\/\/lemnosclocks.eu\/product\/fun-pun-clock-s-m-l\/#primaryimage"},"image":{"@id":"https:\/\/lemnosclocks.eu\/product\/fun-pun-clock-s-m-l\/#primaryimage"},"thumbnailUrl":"https:\/\/lemnosclocks.eu\/wp-content\/uploads\/2025\/06\/YD14_08_japanese-design-clock_L_re.jpg","datePublished":"2025-06-24T13:56:27+00:00","dateModified":"2026-03-16T09:46:24+00:00","breadcrumb":{"@id":"https:\/\/lemnosclocks.eu\/product\/fun-pun-clock-s-m-l\/#breadcrumb"},"inLanguage":"de","potentialAction":[{"@type":"ReadAction","target":["https:\/\/lemnosclocks.eu\/product\/fun-pun-clock-s-m-l\/"]}]},{"@type":"ImageObject","inLanguage":"de","@id":"https:\/\/lemnosclocks.eu\/product\/fun-pun-clock-s-m-l\/#primaryimage","url":"https:\/\/lemnosclocks.eu\/wp-content\/uploads\/2025\/06\/YD14_08_japanese-design-clock_L_re.jpg","contentUrl":"https:\/\/lemnosclocks.eu\/wp-content\/uploads\/2025\/06\/YD14_08_japanese-design-clock_L_re.jpg","width":2000,"height":2000},{"@type":"BreadcrumbList","@id":"https:\/\/lemnosclocks.eu\/product\/fun-pun-clock-s-m-l\/#breadcrumb","itemListElement":[{"@type":"ListItem","position":1,"name":"Startseite","item":"https:\/\/lemnosclocks.eu\/en\/"},{"@type":"ListItem","position":2,"name":"Shop","item":"https:\/\/lemnosclocks.eu\/shop\/"},{"@type":"ListItem","position":3,"name":"fun pun clock S\/M\/L"}]},{"@type":"WebSite","@id":"https:\/\/lemnosclocks.eu\/#website","url":"https:\/\/lemnosclocks.eu\/","name":"Lemnos-Uhren","description":"Handgefertigte Design-Uhren aus Japan","publisher":{"@id":"https:\/\/lemnosclocks.eu\/#organization"},"alternateName":"Lemnos","potentialAction":[{"@type":"SearchAction","target":{"@type":"EntryPoint","urlTemplate":"https:\/\/lemnosclocks.eu\/?s={search_term_string}"},"query-input":{"@type":"PropertyValueSpecification","valueRequired":true,"valueName":"search_term_string"}}],"inLanguage":"de"},{"@type":"Organization","@id":"https:\/\/lemnosclocks.eu\/#organization","name":"Lemnos-Uhren","url":"https:\/\/lemnosclocks.eu\/","logo":{"@type":"ImageObject","inLanguage":"de","@id":"https:\/\/lemnosclocks.eu\/#\/schema\/logo\/image\/","url":"https:\/\/lemnosclocks.eu\/wp-content\/uploads\/2024\/09\/logo_160x28.png","contentUrl":"https:\/\/lemnosclocks.eu\/wp-content\/uploads\/2024\/09\/logo_160x28.png","width":160,"height":28,"caption":"Lemnos Clocks"},"image":{"@id":"https:\/\/lemnosclocks.eu\/#\/schema\/logo\/image\/"}}]}},"uagb_featured_image_src":{"full":["https:\/\/lemnosclocks.eu\/wp-content\/uploads\/2025\/06\/YD14_08_japanese-design-clock_L_re.jpg",2000,2000,false],"thumbnail":["https:\/\/lemnosclocks.eu\/wp-content\/uploads\/2025\/06\/YD14_08_japanese-design-clock_L_re-150x150.jpg",150,150,true],"medium":["https:\/\/lemnosclocks.eu\/wp-content\/uploads\/2025\/06\/YD14_08_japanese-design-clock_L_re-800x800.jpg",800,800,true],"medium_large":["https:\/\/lemnosclocks.eu\/wp-content\/uploads\/2025\/06\/YD14_08_japanese-design-clock_L_re-768x768.jpg",768,768,true],"large":["https:\/\/lemnosclocks.eu\/wp-content\/uploads\/2025\/06\/YD14_08_japanese-design-clock_L_re-1200x1200.jpg",1200,1200,true],"1536x1536":["https:\/\/lemnosclocks.eu\/wp-content\/uploads\/2025\/06\/YD14_08_japanese-design-clock_L_re-1536x1536.jpg",1536,1536,true],"2048x2048":["https:\/\/lemnosclocks.eu\/wp-content\/uploads\/2025\/06\/YD14_08_japanese-design-clock_L_re.jpg",2000,2000,false],"trp-custom-language-flag":["https:\/\/lemnosclocks.eu\/wp-content\/uploads\/2025\/06\/YD14_08_japanese-design-clock_L_re-12x12.jpg",12,12,true],"woocommerce_thumbnail":["https:\/\/lemnosclocks.eu\/wp-content\/uploads\/2025\/06\/YD14_08_japanese-design-clock_L_re-620x620.jpg",620,620,true],"woocommerce_single":["https:\/\/lemnosclocks.eu\/wp-content\/uploads\/2025\/06\/YD14_08_japanese-design-clock_L_re-930x930.jpg",930,930,true],"woocommerce_gallery_thumbnail":["https:\/\/lemnosclocks.eu\/wp-content\/uploads\/2025\/06\/YD14_08_japanese-design-clock_L_re-250x250.jpg",250,250,true]},"uagb_author_info":{"display_name":"mariko","author_link":"https:\/\/lemnosclocks.eu\/de\/author\/"},"uagb_comment_info":0,"uagb_excerpt":"Designed by Yoko Dobashi &#8211; An analog clock that motivates children who cannot yet tell the time to read the [&hellip;]","_links":{"self":[{"href":"https:\/\/lemnosclocks.eu\/de\/wp-json\/wp\/v2\/product\/1825","targetHints":{"allow":["GET"]}}],"collection":[{"href":"https:\/\/lemnosclocks.eu\/de\/wp-json\/wp\/v2\/product"}],"about":[{"href":"https:\/\/lemnosclocks.eu\/de\/wp-json\/wp\/v2\/types\/product"}],"replies":[{"embeddable":true,"href":"https:\/\/lemnosclocks.eu\/de\/wp-json\/wp\/v2\/comments?post=1825"}],"wp:featuredmedia":[{"embeddable":true,"href":"https:\/\/lemnosclocks.eu\/de\/wp-json\/wp\/v2\/media\/1859"}],"wp:attachment":[{"href":"https:\/\/lemnosclocks.eu\/de\/wp-json\/wp\/v2\/media?parent=1825"}],"wp:term":[{"taxonomy":"product_brand","embeddable":true,"href":"https:\/\/lemnosclocks.eu\/de\/wp-json\/wp\/v2\/product_brand?post=1825"},{"taxonomy":"product_cat","embeddable":true,"href":"https:\/\/lemnosclocks.eu\/de\/wp-json\/wp\/v2\/product_cat?post=1825"},{"taxonomy":"product_tag","embeddable":true,"href":"https:\/\/lemnosclocks.eu\/de\/wp-json\/wp\/v2\/product_tag?post=1825"}],"curies":[{"name":"wp","href":"https:\/\/api.w.org\/{rel}","templated":true}]}}