{"id":1671,"date":"2025-03-11T14:01:55","date_gmt":"2025-03-11T14:01:55","guid":{"rendered":"https:\/\/lemnosclocks.eu\/?post_type=product&#038;p=1671"},"modified":"2026-04-16T11:56:11","modified_gmt":"2026-04-16T09:56:11","slug":"lemnos-tischuhr-yokan","status":"publish","type":"product","link":"https:\/\/lemnosclocks.eu\/de\/product\/lemnos-table-clock-yokan\/","title":{"rendered":"Lemnos Tischuhr Yokan"},"content":{"rendered":"<ul>\n<li class=\"a-spacing-mini\">\u00a0- Designer Yuichi Nara: Diese Tischuhr aus Holz ist ein Werk des Stardesigners Yuichi Nara. Eine besondere Wanduhr ohne Ticken f\u00fcr Ihr Wohnzimmer, B\u00fcro oder Ihre K\u00fcche.<br \/>\n- Leise Wanduhr - Die leise Tischuhr mit schleichendem Pr\u00e4zisionswerk passt perfekt in jeden Raum. Die minimalistische Wanduhr ist ein optisches Highlight und st\u00f6rt nicht durch ein Ticken.<br \/>\n- Qualit\u00e4t aus Japan - Sie erhalten eine Wanduhr analog vom japanischen Weltmarktf\u00fchrer f\u00fcr Uhren - Lemnos. In langj\u00e4hriger Zusammenarbeit mit renommierten Designern werden hochwertige Uhren kreiert.<br \/>\n- Tischuhr \/ Quarz<br \/>\n- Vision Porter - Wir sind ein exklusiver Importeur und Vertriebspartner aus M\u00fcnchen f\u00fcr den Uhrenhersteller Lemnos aus Takaoka. Wir sind \u00fcberzeugt von der Kombination aus schlichter Eleganz und Qualit\u00e4t der Lemnos-Uhren.<\/li>\n<\/ul>","protected":false},"excerpt":{"rendered":"<p>Diese Uhr mit Thermometer und Hygrometer hat kr\u00e4ftige Z\u00fcge und sieht aus, als sei sie gerade in einem quadratischen St\u00fcck aus einem Baum gehauen worden.<br \/>\nIm Sinne des Luxus haben wir f\u00fcr den Rahmen reines Holz verwendet, das mit einer Beschichtung aus weichem Pflanzen\u00f6l veredelt wurde, so dass man die W\u00e4rme des Baumes direkt sp\u00fcren kann.<br \/>\nEs hat ein klares und einfaches Design, wobei das Thermometer und das Hygrometer gut sichtbar und leicht ablesbar sind.<\/p>","protected":false},"featured_media":1665,"comment_status":"closed","ping_status":"closed","template":"","meta":{"_uag_custom_page_level_css":"","site-sidebar-layout":"default","site-content-layout":"","ast-site-content-layout":"default","site-content-style":"default","site-sidebar-style":"default","ast-global-header-display":"","ast-banner-title-visibility":"","ast-main-header-display":"","ast-hfb-above-header-display":"","ast-hfb-below-header-display":"","ast-hfb-mobile-header-display":"","site-post-title":"","ast-breadcrumbs-content":"","ast-featured-img":"","footer-sml-layout":"","ast-disable-related-posts":"","theme-transparent-header-meta":"default","adv-header-id-meta":"","stick-header-meta":"","header-above-stick-meta":"","header-main-stick-meta":"","header-below-stick-meta":"","astra-migrate-meta-layouts":"set","ast-page-background-enabled":"default","ast-page-background-meta":{"desktop":{"background-color":"var(--ast-global-color-4)","background-image":"","background-repeat":"repeat","background-position":"center center","background-size":"auto","background-attachment":"scroll","background-type":"","background-media":"","overlay-type":"","overlay-color":"","overlay-opacity":"","overlay-gradient":""},"tablet":{"background-color":"","background-image":"","background-repeat":"repeat","background-position":"center center","background-size":"auto","background-attachment":"scroll","background-type":"","background-media":"","overlay-type":"","overlay-color":"","overlay-opacity":"","overlay-gradient":""},"mobile":{"background-color":"","background-image":"","background-repeat":"repeat","background-position":"center center","background-size":"auto","background-attachment":"scroll","background-type":"","background-media":"","overlay-type":"","overlay-color":"","overlay-opacity":"","overlay-gradient":""}},"ast-content-background-meta":{"desktop":{"background-color":"var(--ast-global-color-5)","background-image":"","background-repeat":"repeat","background-position":"center center","background-size":"auto","background-attachment":"scroll","background-type":"","background-media":"","overlay-type":"","overlay-color":"","overlay-opacity":"","overlay-gradient":""},"tablet":{"background-color":"var(--ast-global-color-5)","background-image":"","background-repeat":"repeat","background-position":"center center","background-size":"auto","background-attachment":"scroll","background-type":"","background-media":"","overlay-type":"","overlay-color":"","overlay-opacity":"","overlay-gradient":""},"mobile":{"background-color":"var(--ast-global-color-5)","background-image":"","background-repeat":"repeat","background-position":"center center","background-size":"auto","background-attachment":"scroll","background-type":"","background-media":"","overlay-type":"","overlay-color":"","overlay-opacity":"","overlay-gradient":""}}},"product_brand":[],"product_cat":[269],"product_tag":[],"class_list":{"0":"post-1671","1":"product","2":"type-product","3":"status-publish","4":"has-post-thumbnail","6":"product_cat-table-clocks","7":"desktop-align-center","8":"tablet-align-left","9":"mobile-align-left","10":"ast-product-gallery-layout-horizontal-slider","11":"ast-product-single-variable","12":"ast-product-tabs-layout-horizontal","13":"ast-qv-on-image","15":"first","16":"instock","17":"taxable","18":"shipping-taxable","19":"purchasable","20":"product-type-variable","21":"has-default-attributes"},"yoast_head":"<!-- This site is optimized with the Yoast SEO plugin v27.4 - https:\/\/yoast.com\/product\/yoast-seo-wordpress\/ -->\n<title>Lemnos Table Clock Yokan | Japanese Design Clock | Lemnos Clocks<\/title>\n<meta name=\"robots\" content=\"index, follow, max-snippet:-1, max-image-preview:large, max-video-preview:-1\" \/>\n<link rel=\"canonical\" href=\"https:\/\/lemnosclocks.eu\/de\/produkt\/lemnos-tischuhr-yokan\/\" \/>\n<meta property=\"og:locale\" content=\"de_DE\" \/>\n<meta property=\"og:type\" content=\"article\" \/>\n<meta property=\"og:title\" content=\"Lemnos Table Clock Yokan | Japanese Design Clock | Lemnos Clocks\" \/>\n<meta property=\"og:description\" content=\"This clock with a thermometer and hygrometer has strong features and the appearance of having just been hewn in a square lump from a tree. With luxury in mind, we used pure wood for the frame finished with a coating of soft-feeling plant oil, making it possible to directly feel the warmth of the tree. It has a clear and simple design, with the thermometer and hygrometer being highly visible and easy to read.\" \/>\n<meta property=\"og:url\" content=\"https:\/\/lemnosclocks.eu\/de\/produkt\/lemnos-tischuhr-yokan\/\" \/>\n<meta property=\"og:site_name\" content=\"Lemnos Clocks\" \/>\n<meta property=\"article:modified_time\" content=\"2026-04-16T09:56:11+00:00\" \/>\n<meta property=\"og:image\" content=\"https:\/\/lemnosclocks.eu\/wp-content\/uploads\/2025\/03\/LC11_06_japanese-design-clock_BW.jpg\" \/>\n\t<meta property=\"og:image:width\" content=\"2000\" \/>\n\t<meta property=\"og:image:height\" content=\"2000\" \/>\n\t<meta property=\"og:image:type\" content=\"image\/jpeg\" \/>\n<meta name=\"twitter:card\" content=\"summary_large_image\" \/>\n<!-- \/ Yoast SEO plugin. -->","yoast_head_json":{"title":"Lemnos Tischuhr Yokan | Japanisches Design Uhr | Lemnos Uhren","robots":{"index":"index","follow":"follow","max-snippet":"max-snippet:-1","max-image-preview":"max-image-preview:large","max-video-preview":"max-video-preview:-1"},"canonical":"https:\/\/lemnosclocks.eu\/de\/produkt\/lemnos-tischuhr-yokan\/","og_locale":"de_DE","og_type":"article","og_title":"Lemnos Table Clock Yokan | Japanese Design Clock | Lemnos Clocks","og_description":"This clock with a thermometer and hygrometer has strong features and the appearance of having just been hewn in a square lump from a tree. With luxury in mind, we used pure wood for the frame finished with a coating of soft-feeling plant oil, making it possible to directly feel the warmth of the tree. It has a clear and simple design, with the thermometer and hygrometer being highly visible and easy to read.","og_url":"https:\/\/lemnosclocks.eu\/de\/produkt\/lemnos-tischuhr-yokan\/","og_site_name":"Lemnos Clocks","article_modified_time":"2026-04-16T09:56:11+00:00","og_image":[{"width":2000,"height":2000,"url":"https:\/\/lemnosclocks.eu\/wp-content\/uploads\/2025\/03\/LC11_06_japanese-design-clock_BW.jpg","type":"image\/jpeg"}],"twitter_card":"summary_large_image","schema":{"@context":"https:\/\/schema.org","@graph":[{"@type":"WebPage","@id":"https:\/\/lemnosclocks.eu\/product\/lemnos-table-clock-yokan\/","url":"https:\/\/lemnosclocks.eu\/product\/lemnos-table-clock-yokan\/","name":"Lemnos Tischuhr Yokan | Japanisches Design Uhr | Lemnos Uhren","isPartOf":{"@id":"https:\/\/lemnosclocks.eu\/#website"},"primaryImageOfPage":{"@id":"https:\/\/lemnosclocks.eu\/product\/lemnos-table-clock-yokan\/#primaryimage"},"image":{"@id":"https:\/\/lemnosclocks.eu\/product\/lemnos-table-clock-yokan\/#primaryimage"},"thumbnailUrl":"https:\/\/lemnosclocks.eu\/wp-content\/uploads\/2025\/03\/LC11_06_japanese-design-clock_BW.jpg","datePublished":"2025-03-11T14:01:55+00:00","dateModified":"2026-04-16T09:56:11+00:00","breadcrumb":{"@id":"https:\/\/lemnosclocks.eu\/product\/lemnos-table-clock-yokan\/#breadcrumb"},"inLanguage":"de","potentialAction":[{"@type":"ReadAction","target":["https:\/\/lemnosclocks.eu\/product\/lemnos-table-clock-yokan\/"]}]},{"@type":"ImageObject","inLanguage":"de","@id":"https:\/\/lemnosclocks.eu\/product\/lemnos-table-clock-yokan\/#primaryimage","url":"https:\/\/lemnosclocks.eu\/wp-content\/uploads\/2025\/03\/LC11_06_japanese-design-clock_BW.jpg","contentUrl":"https:\/\/lemnosclocks.eu\/wp-content\/uploads\/2025\/03\/LC11_06_japanese-design-clock_BW.jpg","width":2000,"height":2000},{"@type":"BreadcrumbList","@id":"https:\/\/lemnosclocks.eu\/product\/lemnos-table-clock-yokan\/#breadcrumb","itemListElement":[{"@type":"ListItem","position":1,"name":"Startseite","item":"https:\/\/lemnosclocks.eu\/en\/"},{"@type":"ListItem","position":2,"name":"Shop","item":"https:\/\/lemnosclocks.eu\/shop\/"},{"@type":"ListItem","position":3,"name":"Lemnos Table Clock Yokan"}]},{"@type":"WebSite","@id":"https:\/\/lemnosclocks.eu\/#website","url":"https:\/\/lemnosclocks.eu\/","name":"Lemnos-Uhren","description":"Handgefertigte Design-Uhren aus Japan","publisher":{"@id":"https:\/\/lemnosclocks.eu\/#organization"},"alternateName":"Lemnos","potentialAction":[{"@type":"SearchAction","target":{"@type":"EntryPoint","urlTemplate":"https:\/\/lemnosclocks.eu\/?s={search_term_string}"},"query-input":{"@type":"PropertyValueSpecification","valueRequired":true,"valueName":"search_term_string"}}],"inLanguage":"de"},{"@type":"Organization","@id":"https:\/\/lemnosclocks.eu\/#organization","name":"Lemnos-Uhren","url":"https:\/\/lemnosclocks.eu\/","logo":{"@type":"ImageObject","inLanguage":"de","@id":"https:\/\/lemnosclocks.eu\/#\/schema\/logo\/image\/","url":"https:\/\/lemnosclocks.eu\/wp-content\/uploads\/2024\/09\/logo_160x28.png","contentUrl":"https:\/\/lemnosclocks.eu\/wp-content\/uploads\/2024\/09\/logo_160x28.png","width":160,"height":28,"caption":"Lemnos Clocks"},"image":{"@id":"https:\/\/lemnosclocks.eu\/#\/schema\/logo\/image\/"}}]}},"uagb_featured_image_src":{"full":["https:\/\/lemnosclocks.eu\/wp-content\/uploads\/2025\/03\/LC11_06_japanese-design-clock_BW.jpg",2000,2000,false],"thumbnail":["https:\/\/lemnosclocks.eu\/wp-content\/uploads\/2025\/03\/LC11_06_japanese-design-clock_BW-150x150.jpg",150,150,true],"medium":["https:\/\/lemnosclocks.eu\/wp-content\/uploads\/2025\/03\/LC11_06_japanese-design-clock_BW-800x800.jpg",800,800,true],"medium_large":["https:\/\/lemnosclocks.eu\/wp-content\/uploads\/2025\/03\/LC11_06_japanese-design-clock_BW-768x768.jpg",768,768,true],"large":["https:\/\/lemnosclocks.eu\/wp-content\/uploads\/2025\/03\/LC11_06_japanese-design-clock_BW-1200x1200.jpg",1200,1200,true],"1536x1536":["https:\/\/lemnosclocks.eu\/wp-content\/uploads\/2025\/03\/LC11_06_japanese-design-clock_BW-1536x1536.jpg",1536,1536,true],"2048x2048":["https:\/\/lemnosclocks.eu\/wp-content\/uploads\/2025\/03\/LC11_06_japanese-design-clock_BW.jpg",2000,2000,false],"trp-custom-language-flag":["https:\/\/lemnosclocks.eu\/wp-content\/uploads\/2025\/03\/LC11_06_japanese-design-clock_BW-12x12.jpg",12,12,true],"woocommerce_thumbnail":["https:\/\/lemnosclocks.eu\/wp-content\/uploads\/2025\/03\/LC11_06_japanese-design-clock_BW-620x620.jpg",620,620,true],"woocommerce_single":["https:\/\/lemnosclocks.eu\/wp-content\/uploads\/2025\/03\/LC11_06_japanese-design-clock_BW-930x930.jpg",930,930,true],"woocommerce_gallery_thumbnail":["https:\/\/lemnosclocks.eu\/wp-content\/uploads\/2025\/03\/LC11_06_japanese-design-clock_BW-250x250.jpg",250,250,true]},"uagb_author_info":{"display_name":"mariko","author_link":"https:\/\/lemnosclocks.eu\/de\/author\/"},"uagb_comment_info":0,"uagb_excerpt":"This clock with a thermometer and hygrometer has strong features and the appearance of having just been hewn in a square lump from a tree. With luxury in mind, we used pure wood for the frame finished with a coating of soft-feeling plant oil, making it possible to directly feel the warmth of the tree.&hellip;","_links":{"self":[{"href":"https:\/\/lemnosclocks.eu\/de\/wp-json\/wp\/v2\/product\/1671","targetHints":{"allow":["GET"]}}],"collection":[{"href":"https:\/\/lemnosclocks.eu\/de\/wp-json\/wp\/v2\/product"}],"about":[{"href":"https:\/\/lemnosclocks.eu\/de\/wp-json\/wp\/v2\/types\/product"}],"replies":[{"embeddable":true,"href":"https:\/\/lemnosclocks.eu\/de\/wp-json\/wp\/v2\/comments?post=1671"}],"wp:featuredmedia":[{"embeddable":true,"href":"https:\/\/lemnosclocks.eu\/de\/wp-json\/wp\/v2\/media\/1665"}],"wp:attachment":[{"href":"https:\/\/lemnosclocks.eu\/de\/wp-json\/wp\/v2\/media?parent=1671"}],"wp:term":[{"taxonomy":"product_brand","embeddable":true,"href":"https:\/\/lemnosclocks.eu\/de\/wp-json\/wp\/v2\/product_brand?post=1671"},{"taxonomy":"product_cat","embeddable":true,"href":"https:\/\/lemnosclocks.eu\/de\/wp-json\/wp\/v2\/product_cat?post=1671"},{"taxonomy":"product_tag","embeddable":true,"href":"https:\/\/lemnosclocks.eu\/de\/wp-json\/wp\/v2\/product_tag?post=1671"}],"curies":[{"name":"wp","href":"https:\/\/api.w.org\/{rel}","templated":true}]}}