{"id":1656,"date":"2025-03-06T13:56:35","date_gmt":"2025-03-06T13:56:35","guid":{"rendered":"https:\/\/lemnosclocks.eu\/?post_type=product&#038;p=1656"},"modified":"2026-02-25T10:44:26","modified_gmt":"2026-02-25T09:44:26","slug":"lemnos-wanduhr-awa-toki","status":"publish","type":"product","link":"https:\/\/lemnosclocks.eu\/de\/product\/lemnos-wall-clock-awa-toki\/","title":{"rendered":"Lemnos Wanduhr Awa Toki"},"content":{"rendered":"<ul>\n<li>AWATSUJI DESIGN - Diese Wanduhr aus Holz im japanischen Design mit japanischem Uhrwerk besticht durch h\u00f6chste Pr\u00e4zision und Langlebigkeit. Eine besondere Wanduhr ohne Ticken f\u00fcr Ihr Wohnzimmer, B\u00fcro oder Ihre K\u00fcche.<\/li>\n<li>Leise Wanduhr - Die leise Wanduhr mit schleichendem Pr\u00e4zisionswerk passt perfekt in jeden Raum. Die minimalistische Wanduhr ist ein optisches Highlight und st\u00f6rt nicht durch ein Ticken.<\/li>\n<li>Qualit\u00e4t aus Japan - Sie erhalten eine Wanduhr analog vom japanischen Weltmarktf\u00fchrer f\u00fcr Gro\u00dfuhren - Lemnos. In langj\u00e4hriger Zusammenarbeit mit renommierten Designern werden hochwertige Uhren kreiert.<\/li>\n<li>Daten - Die Wohnzimmeruhr hat einen Durchmesser von 25,4 cm und ist 4,8 cm tief. Die gro\u00dfe Wanduhr aus Echtholz und Glas ist in den Farben blau, gelb und gr\u00fcn erh\u00e4ltlich. Wird mit Batterie und Befestigungsschraube geliefert.<\/li>\n<li>Vision Porter - Wir sind der exklusive Importeur und Vertriebspartner aus M\u00fcnchen f\u00fcr den Uhrenhersteller Lemnos aus Takaoka. Wir sind \u00fcberzeugt von der Kombination aus schlichter Eleganz und Qualit\u00e4t der Lemnos-Uhren.<\/li>\n<\/ul>","protected":false},"excerpt":{"rendered":"<div class=\"outline\">\n<div class=\"tit-wrap\">\n<p class=\"name\">Entworfen von AWATSUJI design<\/p>\n<p class=\"name\">TOKI ist in einer reinen Schlichtheit gestaltet, die ihre ruhige W\u00fcrde und St\u00e4rke unterstreicht. Die sanften Formen der Ziffern und Zeiger strahlen Weichheit und Ruhe aus, mit einem universellen und sch\u00f6nen Design, das sich \u00fcberall einf\u00fcgt.<\/p>\n<\/div>\n<\/div>","protected":false},"featured_media":1655,"comment_status":"open","ping_status":"closed","template":"","meta":{"_uag_custom_page_level_css":"","site-sidebar-layout":"default","site-content-layout":"","ast-site-content-layout":"default","site-content-style":"default","site-sidebar-style":"default","ast-global-header-display":"","ast-banner-title-visibility":"","ast-main-header-display":"","ast-hfb-above-header-display":"","ast-hfb-below-header-display":"","ast-hfb-mobile-header-display":"","site-post-title":"","ast-breadcrumbs-content":"","ast-featured-img":"","footer-sml-layout":"","ast-disable-related-posts":"","theme-transparent-header-meta":"default","adv-header-id-meta":"","stick-header-meta":"","header-above-stick-meta":"","header-main-stick-meta":"","header-below-stick-meta":"","astra-migrate-meta-layouts":"set","ast-page-background-enabled":"default","ast-page-background-meta":{"desktop":{"background-color":"var(--ast-global-color-4)","background-image":"","background-repeat":"repeat","background-position":"center center","background-size":"auto","background-attachment":"scroll","background-type":"","background-media":"","overlay-type":"","overlay-color":"","overlay-opacity":"","overlay-gradient":""},"tablet":{"background-color":"","background-image":"","background-repeat":"repeat","background-position":"center center","background-size":"auto","background-attachment":"scroll","background-type":"","background-media":"","overlay-type":"","overlay-color":"","overlay-opacity":"","overlay-gradient":""},"mobile":{"background-color":"","background-image":"","background-repeat":"repeat","background-position":"center center","background-size":"auto","background-attachment":"scroll","background-type":"","background-media":"","overlay-type":"","overlay-color":"","overlay-opacity":"","overlay-gradient":""}},"ast-content-background-meta":{"desktop":{"background-color":"var(--ast-global-color-5)","background-image":"","background-repeat":"repeat","background-position":"center center","background-size":"auto","background-attachment":"scroll","background-type":"","background-media":"","overlay-type":"","overlay-color":"","overlay-opacity":"","overlay-gradient":""},"tablet":{"background-color":"var(--ast-global-color-5)","background-image":"","background-repeat":"repeat","background-position":"center center","background-size":"auto","background-attachment":"scroll","background-type":"","background-media":"","overlay-type":"","overlay-color":"","overlay-opacity":"","overlay-gradient":""},"mobile":{"background-color":"var(--ast-global-color-5)","background-image":"","background-repeat":"repeat","background-position":"center center","background-size":"auto","background-attachment":"scroll","background-type":"","background-media":"","overlay-type":"","overlay-color":"","overlay-opacity":"","overlay-gradient":""}}},"product_brand":[],"product_cat":[84],"product_tag":[88],"class_list":{"0":"post-1656","1":"product","2":"type-product","3":"status-publish","4":"has-post-thumbnail","6":"product_cat-wall-clock","7":"product_tag-featured","8":"desktop-align-center","9":"tablet-align-left","10":"mobile-align-left","11":"ast-product-gallery-layout-horizontal-slider","12":"ast-product-single-variable","13":"ast-product-tabs-layout-horizontal","14":"ast-qv-on-image","16":"first","17":"instock","18":"taxable","19":"shipping-taxable","20":"purchasable","21":"product-type-variable","22":"has-default-attributes"},"yoast_head":"<!-- This site is optimized with the Yoast SEO plugin v27.4 - https:\/\/yoast.com\/product\/yoast-seo-wordpress\/ -->\n<title>Lemnos Wall Clock Awa Toki | Japanese Design Clock | Lemnos Clocks<\/title>\n<meta name=\"description\" content=\"This wall clock made of wood in Japanese design with Japanese movement impresses with its highest precision and long service life. A special wall clock without ticking for your living room, office or kitchen.\" \/>\n<meta name=\"robots\" content=\"index, follow, max-snippet:-1, max-image-preview:large, max-video-preview:-1\" \/>\n<link rel=\"canonical\" href=\"https:\/\/lemnosclocks.eu\/de\/produkt\/lemnos-wanduhr-awa-toki\/\" \/>\n<meta property=\"og:locale\" content=\"de_DE\" \/>\n<meta property=\"og:type\" content=\"article\" \/>\n<meta property=\"og:title\" content=\"Lemnos Wall Clock Awa Toki | Japanese Design Clock | Lemnos Clocks\" \/>\n<meta property=\"og:description\" content=\"This wall clock made of wood in Japanese design with Japanese movement impresses with its highest precision and long service life. A special wall clock without ticking for your living room, office or kitchen.\" \/>\n<meta property=\"og:url\" content=\"https:\/\/lemnosclocks.eu\/de\/produkt\/lemnos-wanduhr-awa-toki\/\" \/>\n<meta property=\"og:site_name\" content=\"Lemnos Clocks\" \/>\n<meta property=\"article:modified_time\" content=\"2026-02-25T09:44:26+00:00\" \/>\n<meta property=\"og:image\" content=\"https:\/\/lemnosclocks.eu\/wp-content\/uploads\/2025\/03\/AWA13_05_japanese-design-clock_WH.jpg\" \/>\n\t<meta property=\"og:image:width\" content=\"2000\" \/>\n\t<meta property=\"og:image:height\" content=\"2000\" \/>\n\t<meta property=\"og:image:type\" content=\"image\/jpeg\" \/>\n<meta name=\"twitter:card\" content=\"summary_large_image\" \/>\n<!-- \/ Yoast SEO plugin. -->","yoast_head_json":{"title":"Lemnos Wanduhr Awa Toki | Japanisches Design Uhr | Lemnos Uhren","description":"Diese Wanduhr aus Holz im japanischen Design mit japanischem Uhrwerk besticht durch h\u00f6chste Pr\u00e4zision und Langlebigkeit. Eine besondere Wanduhr ohne Ticken f\u00fcr Ihr Wohnzimmer, B\u00fcro oder Ihre K\u00fcche.","robots":{"index":"index","follow":"follow","max-snippet":"max-snippet:-1","max-image-preview":"max-image-preview:large","max-video-preview":"max-video-preview:-1"},"canonical":"https:\/\/lemnosclocks.eu\/de\/produkt\/lemnos-wanduhr-awa-toki\/","og_locale":"de_DE","og_type":"article","og_title":"Lemnos Wall Clock Awa Toki | Japanese Design Clock | Lemnos Clocks","og_description":"This wall clock made of wood in Japanese design with Japanese movement impresses with its highest precision and long service life. A special wall clock without ticking for your living room, office or kitchen.","og_url":"https:\/\/lemnosclocks.eu\/de\/produkt\/lemnos-wanduhr-awa-toki\/","og_site_name":"Lemnos Clocks","article_modified_time":"2026-02-25T09:44:26+00:00","og_image":[{"width":2000,"height":2000,"url":"https:\/\/lemnosclocks.eu\/wp-content\/uploads\/2025\/03\/AWA13_05_japanese-design-clock_WH.jpg","type":"image\/jpeg"}],"twitter_card":"summary_large_image","schema":{"@context":"https:\/\/schema.org","@graph":[{"@type":"WebPage","@id":"https:\/\/lemnosclocks.eu\/product\/lemnos-wall-clock-awa-toki\/","url":"https:\/\/lemnosclocks.eu\/product\/lemnos-wall-clock-awa-toki\/","name":"Lemnos Wanduhr Awa Toki | Japanisches Design Uhr | Lemnos Uhren","isPartOf":{"@id":"https:\/\/lemnosclocks.eu\/#website"},"primaryImageOfPage":{"@id":"https:\/\/lemnosclocks.eu\/product\/lemnos-wall-clock-awa-toki\/#primaryimage"},"image":{"@id":"https:\/\/lemnosclocks.eu\/product\/lemnos-wall-clock-awa-toki\/#primaryimage"},"thumbnailUrl":"https:\/\/lemnosclocks.eu\/wp-content\/uploads\/2025\/03\/AWA13_05_japanese-design-clock_WH.jpg","datePublished":"2025-03-06T13:56:35+00:00","dateModified":"2026-02-25T09:44:26+00:00","description":"Diese Wanduhr aus Holz im japanischen Design mit japanischem Uhrwerk besticht durch h\u00f6chste Pr\u00e4zision und Langlebigkeit. Eine besondere Wanduhr ohne Ticken f\u00fcr Ihr Wohnzimmer, B\u00fcro oder Ihre K\u00fcche.","breadcrumb":{"@id":"https:\/\/lemnosclocks.eu\/product\/lemnos-wall-clock-awa-toki\/#breadcrumb"},"inLanguage":"de","potentialAction":[{"@type":"ReadAction","target":["https:\/\/lemnosclocks.eu\/product\/lemnos-wall-clock-awa-toki\/"]}]},{"@type":"ImageObject","inLanguage":"de","@id":"https:\/\/lemnosclocks.eu\/product\/lemnos-wall-clock-awa-toki\/#primaryimage","url":"https:\/\/lemnosclocks.eu\/wp-content\/uploads\/2025\/03\/AWA13_05_japanese-design-clock_WH.jpg","contentUrl":"https:\/\/lemnosclocks.eu\/wp-content\/uploads\/2025\/03\/AWA13_05_japanese-design-clock_WH.jpg","width":2000,"height":2000},{"@type":"BreadcrumbList","@id":"https:\/\/lemnosclocks.eu\/product\/lemnos-wall-clock-awa-toki\/#breadcrumb","itemListElement":[{"@type":"ListItem","position":1,"name":"Startseite","item":"https:\/\/lemnosclocks.eu\/en\/"},{"@type":"ListItem","position":2,"name":"Shop","item":"https:\/\/lemnosclocks.eu\/shop\/"},{"@type":"ListItem","position":3,"name":"Lemnos Wall Clock Awa Toki"}]},{"@type":"WebSite","@id":"https:\/\/lemnosclocks.eu\/#website","url":"https:\/\/lemnosclocks.eu\/","name":"Lemnos-Uhren","description":"Handgefertigte Design-Uhren aus Japan","publisher":{"@id":"https:\/\/lemnosclocks.eu\/#organization"},"alternateName":"Lemnos","potentialAction":[{"@type":"SearchAction","target":{"@type":"EntryPoint","urlTemplate":"https:\/\/lemnosclocks.eu\/?s={search_term_string}"},"query-input":{"@type":"PropertyValueSpecification","valueRequired":true,"valueName":"search_term_string"}}],"inLanguage":"de"},{"@type":"Organization","@id":"https:\/\/lemnosclocks.eu\/#organization","name":"Lemnos-Uhren","url":"https:\/\/lemnosclocks.eu\/","logo":{"@type":"ImageObject","inLanguage":"de","@id":"https:\/\/lemnosclocks.eu\/#\/schema\/logo\/image\/","url":"https:\/\/lemnosclocks.eu\/wp-content\/uploads\/2024\/09\/logo_160x28.png","contentUrl":"https:\/\/lemnosclocks.eu\/wp-content\/uploads\/2024\/09\/logo_160x28.png","width":160,"height":28,"caption":"Lemnos Clocks"},"image":{"@id":"https:\/\/lemnosclocks.eu\/#\/schema\/logo\/image\/"}}]}},"uagb_featured_image_src":{"full":["https:\/\/lemnosclocks.eu\/wp-content\/uploads\/2025\/03\/AWA13_05_japanese-design-clock_WH.jpg",2000,2000,false],"thumbnail":["https:\/\/lemnosclocks.eu\/wp-content\/uploads\/2025\/03\/AWA13_05_japanese-design-clock_WH-150x150.jpg",150,150,true],"medium":["https:\/\/lemnosclocks.eu\/wp-content\/uploads\/2025\/03\/AWA13_05_japanese-design-clock_WH-800x800.jpg",800,800,true],"medium_large":["https:\/\/lemnosclocks.eu\/wp-content\/uploads\/2025\/03\/AWA13_05_japanese-design-clock_WH-768x768.jpg",768,768,true],"large":["https:\/\/lemnosclocks.eu\/wp-content\/uploads\/2025\/03\/AWA13_05_japanese-design-clock_WH-1200x1200.jpg",1200,1200,true],"1536x1536":["https:\/\/lemnosclocks.eu\/wp-content\/uploads\/2025\/03\/AWA13_05_japanese-design-clock_WH-1536x1536.jpg",1536,1536,true],"2048x2048":["https:\/\/lemnosclocks.eu\/wp-content\/uploads\/2025\/03\/AWA13_05_japanese-design-clock_WH.jpg",2000,2000,false],"trp-custom-language-flag":["https:\/\/lemnosclocks.eu\/wp-content\/uploads\/2025\/03\/AWA13_05_japanese-design-clock_WH-12x12.jpg",12,12,true],"woocommerce_thumbnail":["https:\/\/lemnosclocks.eu\/wp-content\/uploads\/2025\/03\/AWA13_05_japanese-design-clock_WH-620x620.jpg",620,620,true],"woocommerce_single":["https:\/\/lemnosclocks.eu\/wp-content\/uploads\/2025\/03\/AWA13_05_japanese-design-clock_WH-930x930.jpg",930,930,true],"woocommerce_gallery_thumbnail":["https:\/\/lemnosclocks.eu\/wp-content\/uploads\/2025\/03\/AWA13_05_japanese-design-clock_WH-250x250.jpg",250,250,true]},"uagb_author_info":{"display_name":"mariko","author_link":"https:\/\/lemnosclocks.eu\/de\/author\/"},"uagb_comment_info":0,"uagb_excerpt":"Designed by AWATSUJI design TOKI is designed with a pure simplicity that underscores its quiet dignity and strength. The gentle shapes of the numbers and clock hands radiate softness and calm, with a universal and beautiful design that fits in anywhere.","_links":{"self":[{"href":"https:\/\/lemnosclocks.eu\/de\/wp-json\/wp\/v2\/product\/1656","targetHints":{"allow":["GET"]}}],"collection":[{"href":"https:\/\/lemnosclocks.eu\/de\/wp-json\/wp\/v2\/product"}],"about":[{"href":"https:\/\/lemnosclocks.eu\/de\/wp-json\/wp\/v2\/types\/product"}],"replies":[{"embeddable":true,"href":"https:\/\/lemnosclocks.eu\/de\/wp-json\/wp\/v2\/comments?post=1656"}],"wp:featuredmedia":[{"embeddable":true,"href":"https:\/\/lemnosclocks.eu\/de\/wp-json\/wp\/v2\/media\/1655"}],"wp:attachment":[{"href":"https:\/\/lemnosclocks.eu\/de\/wp-json\/wp\/v2\/media?parent=1656"}],"wp:term":[{"taxonomy":"product_brand","embeddable":true,"href":"https:\/\/lemnosclocks.eu\/de\/wp-json\/wp\/v2\/product_brand?post=1656"},{"taxonomy":"product_cat","embeddable":true,"href":"https:\/\/lemnosclocks.eu\/de\/wp-json\/wp\/v2\/product_cat?post=1656"},{"taxonomy":"product_tag","embeddable":true,"href":"https:\/\/lemnosclocks.eu\/de\/wp-json\/wp\/v2\/product_tag?post=1656"}],"curies":[{"name":"wp","href":"https:\/\/api.w.org\/{rel}","templated":true}]}}