{"id":1624,"date":"2025-02-27T14:20:08","date_gmt":"2025-02-27T14:20:08","guid":{"rendered":"https:\/\/lemnosclocks.eu\/?post_type=product&#038;p=1624"},"modified":"2026-04-17T05:53:29","modified_gmt":"2026-04-17T03:53:29","slug":"lemnos-wanduhr-sio2-uhr-gewaschene-oberflache","status":"publish","type":"product","link":"https:\/\/lemnosclocks.eu\/de\/product\/lemnos-wall-clock-sio2-clock-washed-finish\/","title":{"rendered":"Lemnos Wall Clock SiO2 CLOCK [ Washed finish ]"},"content":{"rendered":"<ul class=\"a-unordered-list a-vertical a-spacing-mini\">\n<li class=\"a-spacing-mini\"><span class=\"a-list-item\"> Diese moderne und zeitlose Uhr ist als Wanduhr geeignet und bringt Design aus Japan zu Ihnen nach Hause. Eine besondere kleine Wanduhr ohne Ticken f\u00fcr Ihr Wohnzimmer, B\u00fcro oder Schlafzimmer. <\/span><\/li>\n<li class=\"a-spacing-mini\"><span class=\"a-list-item\"> Leise Wanduhr - Die leise Wanduhr klein mit schleichendem Pr\u00e4zisionswerk passt perfekt in jeden Raum. Die minimalistische Wanduhr ist ein optisches Highlight und st\u00f6rt nicht durch ein Ticken. <\/span><\/li>\n<li class=\"a-spacing-mini\"><span class=\"a-list-item\"> Qualit\u00e4t aus Japan - Sie erhalten eine analoge Wanduhr vom japanischen Weltmarktf\u00fchrer f\u00fcr Gro\u00dfuhren - Lemnos. In jahrelanger Zusammenarbeit mit renommierten Designern wurden hochwertige Uhren geschaffen und es werden noch viele weitere folgen. <\/span><\/li>\n<li class=\"a-spacing-mini\"><span class=\"a-list-item\"> Daten - Die Wohnzimmeruhr hat einen Durchmesser von 25,5 cm und ist 3,7 cm tief. Der Uhrenk\u00f6rper aus Kieselgur, M\u00f6rtel, kristallinem Kalkstein ist in verschiedenen Farben erh\u00e4ltlich. Sie wird mit Batterie und Befestigungsschraube geliefert. <\/span><\/li>\n<li class=\"a-spacing-mini\"><span class=\"a-list-item\"> Vision Porter - Wir sind der exklusive Importeur und Vertriebspartner aus M\u00fcnchen f\u00fcr den Uhrenhersteller Lemnos aus Takaoka. Wir sind \u00fcberzeugt von der Kombination aus schlichter Eleganz und Qualit\u00e4t der Lemnos-Uhren. <\/span><\/li>\n<\/ul>\n<p>F\u00fcr diese Uhr werden reinwei\u00dfe, kristalline Kalkstein-Aggregate, die so genannten \u201cKansuiseki\u201d, verwendet, die auch im Landschaftsbau usw. eingesetzt werden. Wenn Sie die Details betrachten, werden Sie feststellen, dass jeder Stein das Licht anders reflektiert, was ihnen verschiedene Ausdrucksformen verleiht. Die sanft geschwungene Form der Uhr erzeugt Licht- und Schattenspiele auf der Oberfl\u00e4che, die den Ausdruck des Steins noch unterstreichen. Es ist sehr schwierig, die Oberfl\u00e4che des Steins sauber abzuwaschen, ohne die R\u00e4nder der auf der Uhr eingravierten Zahlen zu zerst\u00f6ren, und die filigrane Handarbeit der Handwerker von \u201csoil\u201d hat dies m\u00f6glich gemacht. Diesmal wollte Lemnos ein Produkt, n\u00e4mlich eine Uhr, unter Verwendung traditioneller Materialien und Techniken ohne \u00dcberma\u00df und Mangel herstellen. Es gibt vier Farbvarianten: wei\u00df (Kieselgur aus Akita) und rosa (Kieselgur aus Noto), die beide die nat\u00fcrlichen Farben der Kieselgur widerspiegeln, sowie beige und grau, deren Farben mit Pigmenten angepasst werden.<\/p>","protected":false},"excerpt":{"rendered":"<div class=\"tit-wrap\">\n<p class=\"name\">Entworfen von Yuichi Nara<\/p>\n<\/div>\n<p class=\"txt\">Dies ist die dritte SiO2 CLOCK (Kieselgur-Uhr) der Serie mit der charakteristischen gewaschenen Oberfl\u00e4che \u201cAraidashi\u201d.<br \/>\nAraidashi ist eine Verputztechnik, bei der Kies, Kiesel und andere Zuschlagstoffe vor dem Auftragen mit M\u00f6rtel vermischt werden. Bevor der M\u00f6rtel aush\u00e4rtet, wird die Oberfl\u00e4che abgewaschen, so dass die Gesteinsk\u00f6rner zum Vorschein kommen und als integraler Bestandteil der Wand oder des Bodens erscheinen. Die Technik bietet unbegrenzte Kombinationsm\u00f6glichkeiten von Basismaterialien, Zuschlagstoffen, Gr\u00f6\u00dfen und Farben und erm\u00f6glicht so die Schaffung vielf\u00e4ltiger Ausdrucksformen.<\/p>\n<p>Auszeichnung f\u00fcr gutes Design 2024\uff08Japan\uff09<\/p>","protected":false},"featured_media":1623,"comment_status":"closed","ping_status":"closed","template":"","meta":{"_uag_custom_page_level_css":"","site-sidebar-layout":"default","site-content-layout":"","ast-site-content-layout":"default","site-content-style":"default","site-sidebar-style":"default","ast-global-header-display":"","ast-banner-title-visibility":"","ast-main-header-display":"","ast-hfb-above-header-display":"","ast-hfb-below-header-display":"","ast-hfb-mobile-header-display":"","site-post-title":"","ast-breadcrumbs-content":"","ast-featured-img":"","footer-sml-layout":"","ast-disable-related-posts":"","theme-transparent-header-meta":"default","adv-header-id-meta":"","stick-header-meta":"","header-above-stick-meta":"","header-main-stick-meta":"","header-below-stick-meta":"","astra-migrate-meta-layouts":"set","ast-page-background-enabled":"default","ast-page-background-meta":{"desktop":{"background-color":"var(--ast-global-color-4)","background-image":"","background-repeat":"repeat","background-position":"center center","background-size":"auto","background-attachment":"scroll","background-type":"","background-media":"","overlay-type":"","overlay-color":"","overlay-opacity":"","overlay-gradient":""},"tablet":{"background-color":"","background-image":"","background-repeat":"repeat","background-position":"center center","background-size":"auto","background-attachment":"scroll","background-type":"","background-media":"","overlay-type":"","overlay-color":"","overlay-opacity":"","overlay-gradient":""},"mobile":{"background-color":"","background-image":"","background-repeat":"repeat","background-position":"center center","background-size":"auto","background-attachment":"scroll","background-type":"","background-media":"","overlay-type":"","overlay-color":"","overlay-opacity":"","overlay-gradient":""}},"ast-content-background-meta":{"desktop":{"background-color":"var(--ast-global-color-5)","background-image":"","background-repeat":"repeat","background-position":"center center","background-size":"auto","background-attachment":"scroll","background-type":"","background-media":"","overlay-type":"","overlay-color":"","overlay-opacity":"","overlay-gradient":""},"tablet":{"background-color":"var(--ast-global-color-5)","background-image":"","background-repeat":"repeat","background-position":"center center","background-size":"auto","background-attachment":"scroll","background-type":"","background-media":"","overlay-type":"","overlay-color":"","overlay-opacity":"","overlay-gradient":""},"mobile":{"background-color":"var(--ast-global-color-5)","background-image":"","background-repeat":"repeat","background-position":"center center","background-size":"auto","background-attachment":"scroll","background-type":"","background-media":"","overlay-type":"","overlay-color":"","overlay-opacity":"","overlay-gradient":""}}},"product_brand":[],"product_cat":[84],"product_tag":[],"class_list":{"0":"post-1624","1":"product","2":"type-product","3":"status-publish","4":"has-post-thumbnail","6":"product_cat-wall-clock","7":"desktop-align-center","8":"tablet-align-left","9":"mobile-align-left","10":"ast-product-gallery-layout-horizontal-slider","11":"ast-product-single-variable","12":"ast-product-tabs-layout-horizontal","13":"ast-qv-on-image","15":"first","16":"instock","17":"taxable","18":"shipping-taxable","19":"purchasable","20":"product-type-variable","21":"has-default-attributes"},"yoast_head":"<!-- This site is optimized with the Yoast SEO plugin v27.4 - https:\/\/yoast.com\/product\/yoast-seo-wordpress\/ -->\n<title>Lemnos Wall Clock SiO2 CLOCK [ Washed finish ] | Japanese Design Clock | Lemnos Clocks<\/title>\n<meta name=\"description\" content=\"This modern and timeless clock is suitable as a wall clock and brings design from Japan to your home. A special small wall clock without ticking for your living room, office or bedroom.\" \/>\n<meta name=\"robots\" content=\"index, follow, max-snippet:-1, max-image-preview:large, max-video-preview:-1\" \/>\n<link rel=\"canonical\" href=\"https:\/\/lemnosclocks.eu\/de\/produkt\/lemnos-wanduhr-sio2-uhr-gewaschene-oberflache\/\" \/>\n<meta property=\"og:locale\" content=\"de_DE\" \/>\n<meta property=\"og:type\" content=\"article\" \/>\n<meta property=\"og:title\" content=\"Lemnos Wall Clock SiO2 CLOCK [ Washed finish ] | Japanese Design Clock | Lemnos Clocks\" \/>\n<meta property=\"og:description\" content=\"This modern and timeless clock is suitable as a wall clock and brings design from Japan to your home. A special small wall clock without ticking for your living room, office or bedroom.\" \/>\n<meta property=\"og:url\" content=\"https:\/\/lemnosclocks.eu\/de\/produkt\/lemnos-wanduhr-sio2-uhr-gewaschene-oberflache\/\" \/>\n<meta property=\"og:site_name\" content=\"Lemnos Clocks\" \/>\n<meta property=\"article:modified_time\" content=\"2026-04-17T03:53:29+00:00\" \/>\n<meta property=\"og:image\" content=\"https:\/\/lemnosclocks.eu\/wp-content\/uploads\/2025\/02\/NY23_06_japanese-design-clock_WH.jpg\" \/>\n\t<meta property=\"og:image:width\" content=\"2000\" \/>\n\t<meta property=\"og:image:height\" content=\"2000\" \/>\n\t<meta property=\"og:image:type\" content=\"image\/jpeg\" \/>\n<meta name=\"twitter:card\" content=\"summary_large_image\" \/>\n<!-- \/ Yoast SEO plugin. -->","yoast_head_json":{"title":"Lemnos Wall Clock SiO2 CLOCK [ Washed finish ] | Japanese Design Clock | Lemnos Clocks","description":"Diese moderne und zeitlose Uhr ist als Wanduhr geeignet und bringt Design aus Japan zu Ihnen nach Hause. Eine besondere kleine Wanduhr ohne Ticken f\u00fcr Ihr Wohnzimmer, B\u00fcro oder Schlafzimmer.","robots":{"index":"index","follow":"follow","max-snippet":"max-snippet:-1","max-image-preview":"max-image-preview:large","max-video-preview":"max-video-preview:-1"},"canonical":"https:\/\/lemnosclocks.eu\/de\/produkt\/lemnos-wanduhr-sio2-uhr-gewaschene-oberflache\/","og_locale":"de_DE","og_type":"article","og_title":"Lemnos Wall Clock SiO2 CLOCK [ Washed finish ] | Japanese Design Clock | Lemnos Clocks","og_description":"This modern and timeless clock is suitable as a wall clock and brings design from Japan to your home. A special small wall clock without ticking for your living room, office or bedroom.","og_url":"https:\/\/lemnosclocks.eu\/de\/produkt\/lemnos-wanduhr-sio2-uhr-gewaschene-oberflache\/","og_site_name":"Lemnos Clocks","article_modified_time":"2026-04-17T03:53:29+00:00","og_image":[{"width":2000,"height":2000,"url":"https:\/\/lemnosclocks.eu\/wp-content\/uploads\/2025\/02\/NY23_06_japanese-design-clock_WH.jpg","type":"image\/jpeg"}],"twitter_card":"summary_large_image","schema":{"@context":"https:\/\/schema.org","@graph":[{"@type":"WebPage","@id":"https:\/\/lemnosclocks.eu\/product\/lemnos-wall-clock-sio2-clock-washed-finish\/","url":"https:\/\/lemnosclocks.eu\/product\/lemnos-wall-clock-sio2-clock-washed-finish\/","name":"Lemnos Wall Clock SiO2 CLOCK [ Washed finish ] | Japanese Design Clock | Lemnos Clocks","isPartOf":{"@id":"https:\/\/lemnosclocks.eu\/#website"},"primaryImageOfPage":{"@id":"https:\/\/lemnosclocks.eu\/product\/lemnos-wall-clock-sio2-clock-washed-finish\/#primaryimage"},"image":{"@id":"https:\/\/lemnosclocks.eu\/product\/lemnos-wall-clock-sio2-clock-washed-finish\/#primaryimage"},"thumbnailUrl":"https:\/\/lemnosclocks.eu\/wp-content\/uploads\/2025\/02\/NY23_06_japanese-design-clock_WH.jpg","datePublished":"2025-02-27T14:20:08+00:00","dateModified":"2026-04-17T03:53:29+00:00","description":"Diese moderne und zeitlose Uhr ist als Wanduhr geeignet und bringt Design aus Japan zu Ihnen nach Hause. Eine besondere kleine Wanduhr ohne Ticken f\u00fcr Ihr Wohnzimmer, B\u00fcro oder Schlafzimmer.","breadcrumb":{"@id":"https:\/\/lemnosclocks.eu\/product\/lemnos-wall-clock-sio2-clock-washed-finish\/#breadcrumb"},"inLanguage":"de","potentialAction":[{"@type":"ReadAction","target":["https:\/\/lemnosclocks.eu\/product\/lemnos-wall-clock-sio2-clock-washed-finish\/"]}]},{"@type":"ImageObject","inLanguage":"de","@id":"https:\/\/lemnosclocks.eu\/product\/lemnos-wall-clock-sio2-clock-washed-finish\/#primaryimage","url":"https:\/\/lemnosclocks.eu\/wp-content\/uploads\/2025\/02\/NY23_06_japanese-design-clock_WH.jpg","contentUrl":"https:\/\/lemnosclocks.eu\/wp-content\/uploads\/2025\/02\/NY23_06_japanese-design-clock_WH.jpg","width":2000,"height":2000},{"@type":"BreadcrumbList","@id":"https:\/\/lemnosclocks.eu\/product\/lemnos-wall-clock-sio2-clock-washed-finish\/#breadcrumb","itemListElement":[{"@type":"ListItem","position":1,"name":"Startseite","item":"https:\/\/lemnosclocks.eu\/en\/"},{"@type":"ListItem","position":2,"name":"Shop","item":"https:\/\/lemnosclocks.eu\/shop\/"},{"@type":"ListItem","position":3,"name":"Lemnos Wall Clock SiO2 CLOCK [ Washed finish ]"}]},{"@type":"WebSite","@id":"https:\/\/lemnosclocks.eu\/#website","url":"https:\/\/lemnosclocks.eu\/","name":"Lemnos-Uhren","description":"Handgefertigte Design-Uhren aus Japan","publisher":{"@id":"https:\/\/lemnosclocks.eu\/#organization"},"alternateName":"Lemnos","potentialAction":[{"@type":"SearchAction","target":{"@type":"EntryPoint","urlTemplate":"https:\/\/lemnosclocks.eu\/?s={search_term_string}"},"query-input":{"@type":"PropertyValueSpecification","valueRequired":true,"valueName":"search_term_string"}}],"inLanguage":"de"},{"@type":"Organization","@id":"https:\/\/lemnosclocks.eu\/#organization","name":"Lemnos-Uhren","url":"https:\/\/lemnosclocks.eu\/","logo":{"@type":"ImageObject","inLanguage":"de","@id":"https:\/\/lemnosclocks.eu\/#\/schema\/logo\/image\/","url":"https:\/\/lemnosclocks.eu\/wp-content\/uploads\/2024\/09\/logo_160x28.png","contentUrl":"https:\/\/lemnosclocks.eu\/wp-content\/uploads\/2024\/09\/logo_160x28.png","width":160,"height":28,"caption":"Lemnos Clocks"},"image":{"@id":"https:\/\/lemnosclocks.eu\/#\/schema\/logo\/image\/"}}]}},"uagb_featured_image_src":{"full":["https:\/\/lemnosclocks.eu\/wp-content\/uploads\/2025\/02\/NY23_06_japanese-design-clock_WH.jpg",2000,2000,false],"thumbnail":["https:\/\/lemnosclocks.eu\/wp-content\/uploads\/2025\/02\/NY23_06_japanese-design-clock_WH-150x150.jpg",150,150,true],"medium":["https:\/\/lemnosclocks.eu\/wp-content\/uploads\/2025\/02\/NY23_06_japanese-design-clock_WH-800x800.jpg",800,800,true],"medium_large":["https:\/\/lemnosclocks.eu\/wp-content\/uploads\/2025\/02\/NY23_06_japanese-design-clock_WH-768x768.jpg",768,768,true],"large":["https:\/\/lemnosclocks.eu\/wp-content\/uploads\/2025\/02\/NY23_06_japanese-design-clock_WH-1200x1200.jpg",1200,1200,true],"1536x1536":["https:\/\/lemnosclocks.eu\/wp-content\/uploads\/2025\/02\/NY23_06_japanese-design-clock_WH-1536x1536.jpg",1536,1536,true],"2048x2048":["https:\/\/lemnosclocks.eu\/wp-content\/uploads\/2025\/02\/NY23_06_japanese-design-clock_WH.jpg",2000,2000,false],"trp-custom-language-flag":["https:\/\/lemnosclocks.eu\/wp-content\/uploads\/2025\/02\/NY23_06_japanese-design-clock_WH-12x12.jpg",12,12,true],"woocommerce_thumbnail":["https:\/\/lemnosclocks.eu\/wp-content\/uploads\/2025\/02\/NY23_06_japanese-design-clock_WH-620x620.jpg",620,620,true],"woocommerce_single":["https:\/\/lemnosclocks.eu\/wp-content\/uploads\/2025\/02\/NY23_06_japanese-design-clock_WH-930x930.jpg",930,930,true],"woocommerce_gallery_thumbnail":["https:\/\/lemnosclocks.eu\/wp-content\/uploads\/2025\/02\/NY23_06_japanese-design-clock_WH-250x250.jpg",250,250,true]},"uagb_author_info":{"display_name":"mariko","author_link":"https:\/\/lemnosclocks.eu\/de\/author\/"},"uagb_comment_info":0,"uagb_excerpt":"Designed by Yuichi Nara This is the third SiO2 CLOCK (diatomaceous earth clock) in the series, featuring the distinctive \u201cAraidashi\u201d washed finish. Araidashi is a plastering technique that involves mixing gravel, pebbles, and other aggregates with mortar prior to application. Before it hardens, the surface is washed away, revealing the aggregates and presenting them as&hellip;","_links":{"self":[{"href":"https:\/\/lemnosclocks.eu\/de\/wp-json\/wp\/v2\/product\/1624","targetHints":{"allow":["GET"]}}],"collection":[{"href":"https:\/\/lemnosclocks.eu\/de\/wp-json\/wp\/v2\/product"}],"about":[{"href":"https:\/\/lemnosclocks.eu\/de\/wp-json\/wp\/v2\/types\/product"}],"replies":[{"embeddable":true,"href":"https:\/\/lemnosclocks.eu\/de\/wp-json\/wp\/v2\/comments?post=1624"}],"wp:featuredmedia":[{"embeddable":true,"href":"https:\/\/lemnosclocks.eu\/de\/wp-json\/wp\/v2\/media\/1623"}],"wp:attachment":[{"href":"https:\/\/lemnosclocks.eu\/de\/wp-json\/wp\/v2\/media?parent=1624"}],"wp:term":[{"taxonomy":"product_brand","embeddable":true,"href":"https:\/\/lemnosclocks.eu\/de\/wp-json\/wp\/v2\/product_brand?post=1624"},{"taxonomy":"product_cat","embeddable":true,"href":"https:\/\/lemnosclocks.eu\/de\/wp-json\/wp\/v2\/product_cat?post=1624"},{"taxonomy":"product_tag","embeddable":true,"href":"https:\/\/lemnosclocks.eu\/de\/wp-json\/wp\/v2\/product_tag?post=1624"}],"curies":[{"name":"wp","href":"https:\/\/api.w.org\/{rel}","templated":true}]}}