{"id":1557,"date":"2025-02-21T12:38:16","date_gmt":"2025-02-21T12:38:16","guid":{"rendered":"https:\/\/lemnosclocks.eu\/?post_type=product&#038;p=1557"},"modified":"2026-04-17T05:55:30","modified_gmt":"2026-04-17T03:55:30","slug":"lemnos-riki-hibiya-wanduhr","status":"publish","type":"product","link":"https:\/\/lemnosclocks.eu\/de\/product\/lemnos-riki-hibiya-wall-clock\/","title":{"rendered":"Lemnos RIKI- Hibiya Wanduhr"},"content":{"rendered":"<ul>\n<li>Stardesigner Riki Watanabe: Diese moderne und zeitlose Wanduhr aus Holz bringt Design aus Japan zu Ihnen nach Hause. Eine besondere Wanduhr ohne Ticken f\u00fcr Ihr Wohnzimmer, B\u00fcro oder Ihre K\u00fcche.<\/li>\n<li>Leise Wanduhr - Die leise Wanduhr mit schleichendem Pr\u00e4zisionswerk passt perfekt in jeden Raum. Die minimalistische Wanduhr ist ein optisches Highlight und st\u00f6rt nicht durch ein Ticken.<\/li>\n<li>Qualit\u00e4t aus Japan - Sie erhalten eine Wanduhr analog vom japanischen Weltmarktf\u00fchrer f\u00fcr Gro\u00dfuhren - Lemnos. In langj\u00e4hriger Zusammenarbeit mit renommierten Designern werden hochwertige Uhren kreiert.<\/li>\n<li>DATA - Die Uhr aus echtem Aluminium und Glas ist in verschiedenen Gr\u00f6\u00dfen erh\u00e4ltlich und wird mit Batterie und Befestigungsschraube geliefert.<\/li>\n<li>Vision Porter - Wir sind ein exklusiver Importeur und Vertriebspartner aus M\u00fcnchen f\u00fcr den Uhrenhersteller Lemnos aus Takaoka. Wir sind \u00fcberzeugt von der Kombination aus schlichter Eleganz und Qualit\u00e4t der Lemnos-Uhren.<\/li>\n<\/ul>","protected":false},"excerpt":{"rendered":"<div class=\"tit-wrap\">\n<p class=\"name\">Entworfen von Riki Watanabe<\/p>\n<\/div>\n<p class=\"txt\">Das Design der Hibiya No Tokei, einer Uhr mit klarer Pr\u00e4senz, basiert auf der ber\u00fchmten Mastuhr der Dai-ichi Life Insurance Company. An der Ecke der Hibiya-Kreuzung wurde das schlichte und kraftvolle Design zum Vorbild f\u00fcr eine \u00f6ffentliche Uhr mit hoher Sichtbarkeit. Anl\u00e4sslich ihres 40-j\u00e4hrigen Bestehens produzierte Lemnos 2012 die Hibiya No Tokei, um an diese ber\u00fchmte Uhr und ihr markantes, langlebiges Design zu erinnern.<\/p>","protected":false},"featured_media":1555,"comment_status":"closed","ping_status":"closed","template":"","meta":{"_uag_custom_page_level_css":"","site-sidebar-layout":"default","site-content-layout":"","ast-site-content-layout":"default","site-content-style":"default","site-sidebar-style":"default","ast-global-header-display":"","ast-banner-title-visibility":"","ast-main-header-display":"","ast-hfb-above-header-display":"","ast-hfb-below-header-display":"","ast-hfb-mobile-header-display":"","site-post-title":"","ast-breadcrumbs-content":"","ast-featured-img":"","footer-sml-layout":"","ast-disable-related-posts":"","theme-transparent-header-meta":"default","adv-header-id-meta":"","stick-header-meta":"","header-above-stick-meta":"","header-main-stick-meta":"","header-below-stick-meta":"","astra-migrate-meta-layouts":"set","ast-page-background-enabled":"default","ast-page-background-meta":{"desktop":{"background-color":"var(--ast-global-color-4)","background-image":"","background-repeat":"repeat","background-position":"center center","background-size":"auto","background-attachment":"scroll","background-type":"","background-media":"","overlay-type":"","overlay-color":"","overlay-opacity":"","overlay-gradient":""},"tablet":{"background-color":"","background-image":"","background-repeat":"repeat","background-position":"center center","background-size":"auto","background-attachment":"scroll","background-type":"","background-media":"","overlay-type":"","overlay-color":"","overlay-opacity":"","overlay-gradient":""},"mobile":{"background-color":"","background-image":"","background-repeat":"repeat","background-position":"center center","background-size":"auto","background-attachment":"scroll","background-type":"","background-media":"","overlay-type":"","overlay-color":"","overlay-opacity":"","overlay-gradient":""}},"ast-content-background-meta":{"desktop":{"background-color":"var(--ast-global-color-5)","background-image":"","background-repeat":"repeat","background-position":"center center","background-size":"auto","background-attachment":"scroll","background-type":"","background-media":"","overlay-type":"","overlay-color":"","overlay-opacity":"","overlay-gradient":""},"tablet":{"background-color":"var(--ast-global-color-5)","background-image":"","background-repeat":"repeat","background-position":"center center","background-size":"auto","background-attachment":"scroll","background-type":"","background-media":"","overlay-type":"","overlay-color":"","overlay-opacity":"","overlay-gradient":""},"mobile":{"background-color":"var(--ast-global-color-5)","background-image":"","background-repeat":"repeat","background-position":"center center","background-size":"auto","background-attachment":"scroll","background-type":"","background-media":"","overlay-type":"","overlay-color":"","overlay-opacity":"","overlay-gradient":""}}},"product_brand":[],"product_cat":[84],"product_tag":[],"class_list":{"0":"post-1557","1":"product","2":"type-product","3":"status-publish","4":"has-post-thumbnail","6":"product_cat-wall-clock","7":"desktop-align-center","8":"tablet-align-left","9":"mobile-align-left","10":"ast-product-gallery-layout-horizontal-slider","11":"ast-product-single-variable","12":"ast-product-tabs-layout-horizontal","13":"ast-qv-on-image","15":"first","16":"instock","17":"taxable","18":"shipping-taxable","19":"purchasable","20":"product-type-variable","21":"has-default-attributes"},"yoast_head":"<!-- This site is optimized with the Yoast SEO plugin v27.4 - https:\/\/yoast.com\/product\/yoast-seo-wordpress\/ -->\n<title>Lemnos RIKI- Hibiya Wall clock | Japanese Design Clock | Lemnos Clocks<\/title>\n<meta name=\"description\" content=\"This modern and timeless wall clock made of wood brings design from Japan to your home. A special wall clock without ticking for your living room, office or kitchen.\" \/>\n<meta name=\"robots\" content=\"index, follow, max-snippet:-1, max-image-preview:large, max-video-preview:-1\" \/>\n<link rel=\"canonical\" href=\"https:\/\/lemnosclocks.eu\/de\/produkt\/lemnos-riki-hibiya-wanduhr\/\" \/>\n<meta property=\"og:locale\" content=\"de_DE\" \/>\n<meta property=\"og:type\" content=\"article\" \/>\n<meta property=\"og:title\" content=\"Lemnos RIKI- Hibiya Wall clock | Japanese Design Clock | Lemnos Clocks\" \/>\n<meta property=\"og:description\" content=\"This modern and timeless wall clock made of wood brings design from Japan to your home. A special wall clock without ticking for your living room, office or kitchen.\" \/>\n<meta property=\"og:url\" content=\"https:\/\/lemnosclocks.eu\/de\/produkt\/lemnos-riki-hibiya-wanduhr\/\" \/>\n<meta property=\"og:site_name\" content=\"Lemnos Clocks\" \/>\n<meta property=\"article:modified_time\" content=\"2026-04-17T03:55:30+00:00\" \/>\n<meta property=\"og:image\" content=\"https:\/\/lemnosclocks.eu\/wp-content\/uploads\/2025\/02\/WR12_03_japanese-design-clock.jpg\" \/>\n\t<meta property=\"og:image:width\" content=\"2000\" \/>\n\t<meta property=\"og:image:height\" content=\"2000\" \/>\n\t<meta property=\"og:image:type\" content=\"image\/jpeg\" \/>\n<meta name=\"twitter:card\" content=\"summary_large_image\" \/>\n<!-- \/ Yoast SEO plugin. -->","yoast_head_json":{"title":"Lemnos RIKI- Hibiya Wanduhr | Japanisches Design Uhr | Lemnos Uhren","description":"Diese moderne und zeitlose Wanduhr aus Holz bringt Design aus Japan zu Ihnen nach Hause. Eine besondere Wanduhr ohne Ticken f\u00fcr Ihr Wohnzimmer, B\u00fcro oder Ihre K\u00fcche.","robots":{"index":"index","follow":"follow","max-snippet":"max-snippet:-1","max-image-preview":"max-image-preview:large","max-video-preview":"max-video-preview:-1"},"canonical":"https:\/\/lemnosclocks.eu\/de\/produkt\/lemnos-riki-hibiya-wanduhr\/","og_locale":"de_DE","og_type":"article","og_title":"Lemnos RIKI- Hibiya Wall clock | Japanese Design Clock | Lemnos Clocks","og_description":"This modern and timeless wall clock made of wood brings design from Japan to your home. A special wall clock without ticking for your living room, office or kitchen.","og_url":"https:\/\/lemnosclocks.eu\/de\/produkt\/lemnos-riki-hibiya-wanduhr\/","og_site_name":"Lemnos Clocks","article_modified_time":"2026-04-17T03:55:30+00:00","og_image":[{"width":2000,"height":2000,"url":"https:\/\/lemnosclocks.eu\/wp-content\/uploads\/2025\/02\/WR12_03_japanese-design-clock.jpg","type":"image\/jpeg"}],"twitter_card":"summary_large_image","schema":{"@context":"https:\/\/schema.org","@graph":[{"@type":"WebPage","@id":"https:\/\/lemnosclocks.eu\/product\/lemnos-riki-hibiya-wall-clock\/","url":"https:\/\/lemnosclocks.eu\/product\/lemnos-riki-hibiya-wall-clock\/","name":"Lemnos RIKI- Hibiya Wanduhr | Japanisches Design Uhr | Lemnos Uhren","isPartOf":{"@id":"https:\/\/lemnosclocks.eu\/#website"},"primaryImageOfPage":{"@id":"https:\/\/lemnosclocks.eu\/product\/lemnos-riki-hibiya-wall-clock\/#primaryimage"},"image":{"@id":"https:\/\/lemnosclocks.eu\/product\/lemnos-riki-hibiya-wall-clock\/#primaryimage"},"thumbnailUrl":"https:\/\/lemnosclocks.eu\/wp-content\/uploads\/2025\/02\/WR12_03_japanese-design-clock.jpg","datePublished":"2025-02-21T12:38:16+00:00","dateModified":"2026-04-17T03:55:30+00:00","description":"Diese moderne und zeitlose Wanduhr aus Holz bringt Design aus Japan zu Ihnen nach Hause. Eine besondere Wanduhr ohne Ticken f\u00fcr Ihr Wohnzimmer, B\u00fcro oder Ihre K\u00fcche.","breadcrumb":{"@id":"https:\/\/lemnosclocks.eu\/product\/lemnos-riki-hibiya-wall-clock\/#breadcrumb"},"inLanguage":"de","potentialAction":[{"@type":"ReadAction","target":["https:\/\/lemnosclocks.eu\/product\/lemnos-riki-hibiya-wall-clock\/"]}]},{"@type":"ImageObject","inLanguage":"de","@id":"https:\/\/lemnosclocks.eu\/product\/lemnos-riki-hibiya-wall-clock\/#primaryimage","url":"https:\/\/lemnosclocks.eu\/wp-content\/uploads\/2025\/02\/WR12_03_japanese-design-clock.jpg","contentUrl":"https:\/\/lemnosclocks.eu\/wp-content\/uploads\/2025\/02\/WR12_03_japanese-design-clock.jpg","width":2000,"height":2000},{"@type":"BreadcrumbList","@id":"https:\/\/lemnosclocks.eu\/product\/lemnos-riki-hibiya-wall-clock\/#breadcrumb","itemListElement":[{"@type":"ListItem","position":1,"name":"Startseite","item":"https:\/\/lemnosclocks.eu\/en\/"},{"@type":"ListItem","position":2,"name":"Shop","item":"https:\/\/lemnosclocks.eu\/shop\/"},{"@type":"ListItem","position":3,"name":"Lemnos RIKI- Hibiya Wall clock"}]},{"@type":"WebSite","@id":"https:\/\/lemnosclocks.eu\/#website","url":"https:\/\/lemnosclocks.eu\/","name":"Lemnos-Uhren","description":"Handgefertigte Design-Uhren aus Japan","publisher":{"@id":"https:\/\/lemnosclocks.eu\/#organization"},"alternateName":"Lemnos","potentialAction":[{"@type":"SearchAction","target":{"@type":"EntryPoint","urlTemplate":"https:\/\/lemnosclocks.eu\/?s={search_term_string}"},"query-input":{"@type":"PropertyValueSpecification","valueRequired":true,"valueName":"search_term_string"}}],"inLanguage":"de"},{"@type":"Organization","@id":"https:\/\/lemnosclocks.eu\/#organization","name":"Lemnos-Uhren","url":"https:\/\/lemnosclocks.eu\/","logo":{"@type":"ImageObject","inLanguage":"de","@id":"https:\/\/lemnosclocks.eu\/#\/schema\/logo\/image\/","url":"https:\/\/lemnosclocks.eu\/wp-content\/uploads\/2024\/09\/logo_160x28.png","contentUrl":"https:\/\/lemnosclocks.eu\/wp-content\/uploads\/2024\/09\/logo_160x28.png","width":160,"height":28,"caption":"Lemnos Clocks"},"image":{"@id":"https:\/\/lemnosclocks.eu\/#\/schema\/logo\/image\/"}}]}},"uagb_featured_image_src":{"full":["https:\/\/lemnosclocks.eu\/wp-content\/uploads\/2025\/02\/WR12_03_japanese-design-clock.jpg",2000,2000,false],"thumbnail":["https:\/\/lemnosclocks.eu\/wp-content\/uploads\/2025\/02\/WR12_03_japanese-design-clock-150x150.jpg",150,150,true],"medium":["https:\/\/lemnosclocks.eu\/wp-content\/uploads\/2025\/02\/WR12_03_japanese-design-clock-800x800.jpg",800,800,true],"medium_large":["https:\/\/lemnosclocks.eu\/wp-content\/uploads\/2025\/02\/WR12_03_japanese-design-clock-768x768.jpg",768,768,true],"large":["https:\/\/lemnosclocks.eu\/wp-content\/uploads\/2025\/02\/WR12_03_japanese-design-clock-1200x1200.jpg",1200,1200,true],"1536x1536":["https:\/\/lemnosclocks.eu\/wp-content\/uploads\/2025\/02\/WR12_03_japanese-design-clock-1536x1536.jpg",1536,1536,true],"2048x2048":["https:\/\/lemnosclocks.eu\/wp-content\/uploads\/2025\/02\/WR12_03_japanese-design-clock.jpg",2000,2000,false],"trp-custom-language-flag":["https:\/\/lemnosclocks.eu\/wp-content\/uploads\/2025\/02\/WR12_03_japanese-design-clock-12x12.jpg",12,12,true],"woocommerce_thumbnail":["https:\/\/lemnosclocks.eu\/wp-content\/uploads\/2025\/02\/WR12_03_japanese-design-clock-620x620.jpg",620,620,true],"woocommerce_single":["https:\/\/lemnosclocks.eu\/wp-content\/uploads\/2025\/02\/WR12_03_japanese-design-clock-930x930.jpg",930,930,true],"woocommerce_gallery_thumbnail":["https:\/\/lemnosclocks.eu\/wp-content\/uploads\/2025\/02\/WR12_03_japanese-design-clock-250x250.jpg",250,250,true]},"uagb_author_info":{"display_name":"mariko","author_link":"https:\/\/lemnosclocks.eu\/de\/author\/"},"uagb_comment_info":0,"uagb_excerpt":"Designed by Riki Watanabe A clock with a definite presence, the design of the Hibiya No Tokei is based on the famous pole-type clock of the Dai-ichi Life Insurance Company. Standing at the corner of Hibiya crossing, the simple and powerful design became the model of a public clock with high visibility. In 2012, on&hellip;","_links":{"self":[{"href":"https:\/\/lemnosclocks.eu\/de\/wp-json\/wp\/v2\/product\/1557","targetHints":{"allow":["GET"]}}],"collection":[{"href":"https:\/\/lemnosclocks.eu\/de\/wp-json\/wp\/v2\/product"}],"about":[{"href":"https:\/\/lemnosclocks.eu\/de\/wp-json\/wp\/v2\/types\/product"}],"replies":[{"embeddable":true,"href":"https:\/\/lemnosclocks.eu\/de\/wp-json\/wp\/v2\/comments?post=1557"}],"wp:featuredmedia":[{"embeddable":true,"href":"https:\/\/lemnosclocks.eu\/de\/wp-json\/wp\/v2\/media\/1555"}],"wp:attachment":[{"href":"https:\/\/lemnosclocks.eu\/de\/wp-json\/wp\/v2\/media?parent=1557"}],"wp:term":[{"taxonomy":"product_brand","embeddable":true,"href":"https:\/\/lemnosclocks.eu\/de\/wp-json\/wp\/v2\/product_brand?post=1557"},{"taxonomy":"product_cat","embeddable":true,"href":"https:\/\/lemnosclocks.eu\/de\/wp-json\/wp\/v2\/product_cat?post=1557"},{"taxonomy":"product_tag","embeddable":true,"href":"https:\/\/lemnosclocks.eu\/de\/wp-json\/wp\/v2\/product_tag?post=1557"}],"curies":[{"name":"wp","href":"https:\/\/api.w.org\/{rel}","templated":true}]}}