{"id":1421,"date":"2025-02-11T12:50:14","date_gmt":"2025-02-11T12:50:14","guid":{"rendered":"https:\/\/lemnosclocks.eu\/?post_type=product&#038;p=1421"},"modified":"2026-04-22T04:30:35","modified_gmt":"2026-04-22T02:30:35","slug":"lemnos-riki-chiisana_tokei","status":"publish","type":"product","link":"https:\/\/lemnosclocks.eu\/de\/product\/lemnos-riki-chiisana_tokei\/","title":{"rendered":"Lemnos RIKI chiisana_tokei"},"content":{"rendered":"<ul>\n<li>Stardesigner Riki Watanabe: Diese moderne und zeitlose Wanduhr aus Holz bringt Design aus Japan zu Ihnen nach Hause. Eine besondere Wanduhr ohne Ticken f\u00fcr Ihr Wohnzimmer, B\u00fcro oder Ihre K\u00fcche.<\/li>\n<li>Leise Wanduhr - Die leise Wanduhr mit schleichendem Pr\u00e4zisionswerk passt perfekt in jeden Raum. Die minimalistische Wanduhr ist ein optisches Highlight und st\u00f6rt nicht durch ein Ticken.<\/li>\n<li>Qualit\u00e4t aus Japan - Sie erhalten eine Wanduhr analog vom japanischen Weltmarktf\u00fchrer f\u00fcr Uhren - Lemnos. In langj\u00e4hriger Zusammenarbeit mit renommierten Designern werden hochwertige Uhren kreiert.<\/li>\n<li>DATA - Die Wohnzimmeruhr hat einen Durchmesser von 12,2 cm und ist 7,2 cm tief. Die gro\u00dfe Uhr aus Stahl, ABS-Harz und Glas ist in verschiedenen Gr\u00f6\u00dfen erh\u00e4ltlich und wird mit Batterie und Befestigungsschraube geliefert.<\/li>\n<li>Vision Porter - Wir sind ein exklusiver Importeur und Vertriebspartner aus M\u00fcnchen f\u00fcr den Uhrenhersteller Lemnos aus Takaoka. Wir sind \u00fcberzeugt von der Kombination aus schlichter Eleganz und Qualit\u00e4t der Lemnos-Uhren.<\/li>\n<\/ul>","protected":false},"excerpt":{"rendered":"<p>Diese kleine Wanduhr wurde 1970 zu einem der f\u00fchrenden Modelle unter den pers\u00f6nlichen Uhren. Sie war ein epochales Design im Vergleich zu den damals \u00fcblichen, \u00fcberm\u00e4\u00dfig verzierten und gro\u00dfformatigen Uhren.<br \/>\nJetzt wurde sie von Riki Watanabe als Modell nachgebildet, und zwar in einer neuen Form mit einem \u00fcberarbeiteten Design, das die Atmosph\u00e4re der Chiisana Tokei bewahrt, indem Merkmale wie die Gr\u00f6\u00dfe, die Reliefschrift und der Nadelstopfen beibehalten werden.<\/p>\n<p>JIDA Design Museum Selection Vol.9, Ausgew\u00e4hlte Produkte\uff08Japan\uff09<\/p>","protected":false},"featured_media":1420,"comment_status":"closed","ping_status":"closed","template":"","meta":{"_uag_custom_page_level_css":"","site-sidebar-layout":"default","site-content-layout":"","ast-site-content-layout":"default","site-content-style":"default","site-sidebar-style":"default","ast-global-header-display":"","ast-banner-title-visibility":"","ast-main-header-display":"","ast-hfb-above-header-display":"","ast-hfb-below-header-display":"","ast-hfb-mobile-header-display":"","site-post-title":"","ast-breadcrumbs-content":"","ast-featured-img":"","footer-sml-layout":"","ast-disable-related-posts":"","theme-transparent-header-meta":"default","adv-header-id-meta":"","stick-header-meta":"","header-above-stick-meta":"","header-main-stick-meta":"","header-below-stick-meta":"","astra-migrate-meta-layouts":"set","ast-page-background-enabled":"default","ast-page-background-meta":{"desktop":{"background-color":"var(--ast-global-color-4)","background-image":"","background-repeat":"repeat","background-position":"center center","background-size":"auto","background-attachment":"scroll","background-type":"","background-media":"","overlay-type":"","overlay-color":"","overlay-opacity":"","overlay-gradient":""},"tablet":{"background-color":"","background-image":"","background-repeat":"repeat","background-position":"center center","background-size":"auto","background-attachment":"scroll","background-type":"","background-media":"","overlay-type":"","overlay-color":"","overlay-opacity":"","overlay-gradient":""},"mobile":{"background-color":"","background-image":"","background-repeat":"repeat","background-position":"center center","background-size":"auto","background-attachment":"scroll","background-type":"","background-media":"","overlay-type":"","overlay-color":"","overlay-opacity":"","overlay-gradient":""}},"ast-content-background-meta":{"desktop":{"background-color":"var(--ast-global-color-5)","background-image":"","background-repeat":"repeat","background-position":"center center","background-size":"auto","background-attachment":"scroll","background-type":"","background-media":"","overlay-type":"","overlay-color":"","overlay-opacity":"","overlay-gradient":""},"tablet":{"background-color":"var(--ast-global-color-5)","background-image":"","background-repeat":"repeat","background-position":"center center","background-size":"auto","background-attachment":"scroll","background-type":"","background-media":"","overlay-type":"","overlay-color":"","overlay-opacity":"","overlay-gradient":""},"mobile":{"background-color":"var(--ast-global-color-5)","background-image":"","background-repeat":"repeat","background-position":"center center","background-size":"auto","background-attachment":"scroll","background-type":"","background-media":"","overlay-type":"","overlay-color":"","overlay-opacity":"","overlay-gradient":""}}},"product_brand":[],"product_cat":[84],"product_tag":[],"class_list":{"0":"post-1421","1":"product","2":"type-product","3":"status-publish","4":"has-post-thumbnail","6":"product_cat-wall-clock","7":"desktop-align-center","8":"tablet-align-left","9":"mobile-align-left","10":"ast-product-gallery-layout-horizontal-slider","11":"ast-product-single-variable","12":"ast-product-tabs-layout-horizontal","13":"ast-qv-on-image","15":"first","16":"instock","17":"taxable","18":"shipping-taxable","19":"purchasable","20":"product-type-variable","21":"has-default-attributes"},"yoast_head":"<!-- This site is optimized with the Yoast SEO plugin v27.4 - https:\/\/yoast.com\/product\/yoast-seo-wordpress\/ -->\n<title>Lemnos RIKI chiisana_tokei | Japanese Design Clock | Lemnos Clocks<\/title>\n<meta name=\"description\" content=\"This modern and timeless wall clock made of wood brings design from Japan to your home. A special wall clock without ticking for your living room, office or kitchen.\" \/>\n<meta name=\"robots\" content=\"index, follow, max-snippet:-1, max-image-preview:large, max-video-preview:-1\" \/>\n<link rel=\"canonical\" href=\"https:\/\/lemnosclocks.eu\/de\/produkt\/lemnos-riki-chiisana_tokei\/\" \/>\n<meta property=\"og:locale\" content=\"de_DE\" \/>\n<meta property=\"og:type\" content=\"article\" \/>\n<meta property=\"og:title\" content=\"Lemnos RIKI chiisana_tokei | Japanese Design Clock | Lemnos Clocks\" \/>\n<meta property=\"og:description\" content=\"This modern and timeless wall clock made of wood brings design from Japan to your home. A special wall clock without ticking for your living room, office or kitchen.\" \/>\n<meta property=\"og:url\" content=\"https:\/\/lemnosclocks.eu\/de\/produkt\/lemnos-riki-chiisana_tokei\/\" \/>\n<meta property=\"og:site_name\" content=\"Lemnos Clocks\" \/>\n<meta property=\"article:modified_time\" content=\"2026-04-22T02:30:35+00:00\" \/>\n<meta property=\"og:image\" content=\"https:\/\/lemnosclocks.eu\/wp-content\/uploads\/2025\/02\/WR07_15_japanese-design-clock_OR.jpg\" \/>\n\t<meta property=\"og:image:width\" content=\"2000\" \/>\n\t<meta property=\"og:image:height\" content=\"2000\" \/>\n\t<meta property=\"og:image:type\" content=\"image\/jpeg\" \/>\n<meta name=\"twitter:card\" content=\"summary_large_image\" \/>\n<!-- \/ Yoast SEO plugin. -->","yoast_head_json":{"title":"Lemnos RIKI chiisana_tokei | Japanisches Design Uhr | Lemnos Uhren","description":"Diese moderne und zeitlose Wanduhr aus Holz bringt Design aus Japan zu Ihnen nach Hause. Eine besondere Wanduhr ohne Ticken f\u00fcr Ihr Wohnzimmer, B\u00fcro oder Ihre K\u00fcche.","robots":{"index":"index","follow":"follow","max-snippet":"max-snippet:-1","max-image-preview":"max-image-preview:large","max-video-preview":"max-video-preview:-1"},"canonical":"https:\/\/lemnosclocks.eu\/de\/produkt\/lemnos-riki-chiisana_tokei\/","og_locale":"de_DE","og_type":"article","og_title":"Lemnos RIKI chiisana_tokei | Japanese Design Clock | Lemnos Clocks","og_description":"This modern and timeless wall clock made of wood brings design from Japan to your home. A special wall clock without ticking for your living room, office or kitchen.","og_url":"https:\/\/lemnosclocks.eu\/de\/produkt\/lemnos-riki-chiisana_tokei\/","og_site_name":"Lemnos Clocks","article_modified_time":"2026-04-22T02:30:35+00:00","og_image":[{"width":2000,"height":2000,"url":"https:\/\/lemnosclocks.eu\/wp-content\/uploads\/2025\/02\/WR07_15_japanese-design-clock_OR.jpg","type":"image\/jpeg"}],"twitter_card":"summary_large_image","schema":{"@context":"https:\/\/schema.org","@graph":[{"@type":"WebPage","@id":"https:\/\/lemnosclocks.eu\/product\/lemnos-riki-chiisana_tokei\/","url":"https:\/\/lemnosclocks.eu\/product\/lemnos-riki-chiisana_tokei\/","name":"Lemnos RIKI chiisana_tokei | Japanisches Design Uhr | Lemnos Uhren","isPartOf":{"@id":"https:\/\/lemnosclocks.eu\/#website"},"primaryImageOfPage":{"@id":"https:\/\/lemnosclocks.eu\/product\/lemnos-riki-chiisana_tokei\/#primaryimage"},"image":{"@id":"https:\/\/lemnosclocks.eu\/product\/lemnos-riki-chiisana_tokei\/#primaryimage"},"thumbnailUrl":"https:\/\/lemnosclocks.eu\/wp-content\/uploads\/2025\/02\/WR07_15_japanese-design-clock_OR.jpg","datePublished":"2025-02-11T12:50:14+00:00","dateModified":"2026-04-22T02:30:35+00:00","description":"Diese moderne und zeitlose Wanduhr aus Holz bringt Design aus Japan zu Ihnen nach Hause. Eine besondere Wanduhr ohne Ticken f\u00fcr Ihr Wohnzimmer, B\u00fcro oder Ihre K\u00fcche.","breadcrumb":{"@id":"https:\/\/lemnosclocks.eu\/product\/lemnos-riki-chiisana_tokei\/#breadcrumb"},"inLanguage":"de","potentialAction":[{"@type":"ReadAction","target":["https:\/\/lemnosclocks.eu\/product\/lemnos-riki-chiisana_tokei\/"]}]},{"@type":"ImageObject","inLanguage":"de","@id":"https:\/\/lemnosclocks.eu\/product\/lemnos-riki-chiisana_tokei\/#primaryimage","url":"https:\/\/lemnosclocks.eu\/wp-content\/uploads\/2025\/02\/WR07_15_japanese-design-clock_OR.jpg","contentUrl":"https:\/\/lemnosclocks.eu\/wp-content\/uploads\/2025\/02\/WR07_15_japanese-design-clock_OR.jpg","width":2000,"height":2000,"caption":"WR07_15_japanese-design-clock_OR"},{"@type":"BreadcrumbList","@id":"https:\/\/lemnosclocks.eu\/product\/lemnos-riki-chiisana_tokei\/#breadcrumb","itemListElement":[{"@type":"ListItem","position":1,"name":"Startseite","item":"https:\/\/lemnosclocks.eu\/en\/"},{"@type":"ListItem","position":2,"name":"Shop","item":"https:\/\/lemnosclocks.eu\/shop\/"},{"@type":"ListItem","position":3,"name":"Lemnos RIKI chiisana_tokei"}]},{"@type":"WebSite","@id":"https:\/\/lemnosclocks.eu\/#website","url":"https:\/\/lemnosclocks.eu\/","name":"Lemnos-Uhren","description":"Handgefertigte Design-Uhren aus Japan","publisher":{"@id":"https:\/\/lemnosclocks.eu\/#organization"},"alternateName":"Lemnos","potentialAction":[{"@type":"SearchAction","target":{"@type":"EntryPoint","urlTemplate":"https:\/\/lemnosclocks.eu\/?s={search_term_string}"},"query-input":{"@type":"PropertyValueSpecification","valueRequired":true,"valueName":"search_term_string"}}],"inLanguage":"de"},{"@type":"Organization","@id":"https:\/\/lemnosclocks.eu\/#organization","name":"Lemnos-Uhren","url":"https:\/\/lemnosclocks.eu\/","logo":{"@type":"ImageObject","inLanguage":"de","@id":"https:\/\/lemnosclocks.eu\/#\/schema\/logo\/image\/","url":"https:\/\/lemnosclocks.eu\/wp-content\/uploads\/2024\/09\/logo_160x28.png","contentUrl":"https:\/\/lemnosclocks.eu\/wp-content\/uploads\/2024\/09\/logo_160x28.png","width":160,"height":28,"caption":"Lemnos Clocks"},"image":{"@id":"https:\/\/lemnosclocks.eu\/#\/schema\/logo\/image\/"}}]}},"uagb_featured_image_src":{"full":["https:\/\/lemnosclocks.eu\/wp-content\/uploads\/2025\/02\/WR07_15_japanese-design-clock_OR.jpg",2000,2000,false],"thumbnail":["https:\/\/lemnosclocks.eu\/wp-content\/uploads\/2025\/02\/WR07_15_japanese-design-clock_OR-150x150.jpg",150,150,true],"medium":["https:\/\/lemnosclocks.eu\/wp-content\/uploads\/2025\/02\/WR07_15_japanese-design-clock_OR-800x800.jpg",800,800,true],"medium_large":["https:\/\/lemnosclocks.eu\/wp-content\/uploads\/2025\/02\/WR07_15_japanese-design-clock_OR-768x768.jpg",768,768,true],"large":["https:\/\/lemnosclocks.eu\/wp-content\/uploads\/2025\/02\/WR07_15_japanese-design-clock_OR-1200x1200.jpg",1200,1200,true],"1536x1536":["https:\/\/lemnosclocks.eu\/wp-content\/uploads\/2025\/02\/WR07_15_japanese-design-clock_OR-1536x1536.jpg",1536,1536,true],"2048x2048":["https:\/\/lemnosclocks.eu\/wp-content\/uploads\/2025\/02\/WR07_15_japanese-design-clock_OR.jpg",2000,2000,false],"trp-custom-language-flag":["https:\/\/lemnosclocks.eu\/wp-content\/uploads\/2025\/02\/WR07_15_japanese-design-clock_OR-12x12.jpg",12,12,true],"woocommerce_thumbnail":["https:\/\/lemnosclocks.eu\/wp-content\/uploads\/2025\/02\/WR07_15_japanese-design-clock_OR-620x620.jpg",620,620,true],"woocommerce_single":["https:\/\/lemnosclocks.eu\/wp-content\/uploads\/2025\/02\/WR07_15_japanese-design-clock_OR-930x930.jpg",930,930,true],"woocommerce_gallery_thumbnail":["https:\/\/lemnosclocks.eu\/wp-content\/uploads\/2025\/02\/WR07_15_japanese-design-clock_OR-250x250.jpg",250,250,true]},"uagb_author_info":{"display_name":"mariko","author_link":"https:\/\/lemnosclocks.eu\/de\/author\/"},"uagb_comment_info":0,"uagb_excerpt":"This small wall clock emerged as a leader in personal clocks in 1970. It was an epoch-making design compared to the common clocks of those days which were over-decorated and large-sized. Now, it has been reproduced as a model by Riki Watanabe, made from a new mold with a reviewed design which preserves the Chiisana&hellip;","_links":{"self":[{"href":"https:\/\/lemnosclocks.eu\/de\/wp-json\/wp\/v2\/product\/1421","targetHints":{"allow":["GET"]}}],"collection":[{"href":"https:\/\/lemnosclocks.eu\/de\/wp-json\/wp\/v2\/product"}],"about":[{"href":"https:\/\/lemnosclocks.eu\/de\/wp-json\/wp\/v2\/types\/product"}],"replies":[{"embeddable":true,"href":"https:\/\/lemnosclocks.eu\/de\/wp-json\/wp\/v2\/comments?post=1421"}],"wp:featuredmedia":[{"embeddable":true,"href":"https:\/\/lemnosclocks.eu\/de\/wp-json\/wp\/v2\/media\/1420"}],"wp:attachment":[{"href":"https:\/\/lemnosclocks.eu\/de\/wp-json\/wp\/v2\/media?parent=1421"}],"wp:term":[{"taxonomy":"product_brand","embeddable":true,"href":"https:\/\/lemnosclocks.eu\/de\/wp-json\/wp\/v2\/product_brand?post=1421"},{"taxonomy":"product_cat","embeddable":true,"href":"https:\/\/lemnosclocks.eu\/de\/wp-json\/wp\/v2\/product_cat?post=1421"},{"taxonomy":"product_tag","embeddable":true,"href":"https:\/\/lemnosclocks.eu\/de\/wp-json\/wp\/v2\/product_tag?post=1421"}],"curies":[{"name":"wp","href":"https:\/\/api.w.org\/{rel}","templated":true}]}}