{"id":1381,"date":"2025-02-13T12:33:15","date_gmt":"2025-02-13T12:33:15","guid":{"rendered":"https:\/\/lemnosclocks.eu\/?post_type=product&#038;p=1381"},"modified":"2026-04-12T14:49:38","modified_gmt":"2026-04-12T12:49:38","slug":"tropfen-zeichnen-die-existenz-spannung-feuerwerk","status":"publish","type":"product","link":"https:\/\/lemnosclocks.eu\/de\/product\/drops-draw-the-existance-tension-fireworks\/","title":{"rendered":"TROPFEN ZEICHNEN DIE EXISTENZ, DIE SPANNUNG, DAS FEUERWERK"},"content":{"rendered":"<p>Entwurf : Kana\u00e9 Tsukamoto<\/p>\n<p><em>TROPFEN ZEICHNEN DAS VORHANDENSEIN<\/em><br \/>\nAls Kanae Tsukamoto, die Designerin dieser Uhr, die Form eines fallenden Regentropfens im Boden bemerkte, wurde ihr bewusst, dass es sich um eine Gravitationsform handelt. Die Schwerkraft wirkt und kann direkt gef\u00fchlt werden, aber man kann sie nicht sehen oder anfassen. Sie schuf dieses Design als Bild der Schwerkraft, die zuf\u00e4llig auf die Form eines anderen Objekts wirkt.<\/p>\n<p><em>SPANNUNG<\/em><br \/>\nDas Hervorheben widerspr\u00fcchlicher Faktoren in den Elementen eines bestimmten Charakters erzeugt ein Gef\u00fchl der Spannung. Wir haben eine solche Idee in einer Form ausgedr\u00fcckt.<\/p>\n<p><em>FEUERWERKE<\/em><br \/>\nNachdem wir zun\u00e4chst eine Form entwickelt hatten, die an dreidimensionale Spitze erinnert, haben wir uns schlie\u00dflich auf eine einfache Form geeinigt, auf der man die Zeit auf einen Blick genau ablesen kann. Das Ergebnis war ein kontrastreicher K\u00f6rper mit einer Form, die an ein Feuerwerk erinnert, das in den Nachthimmel steigt, als Witzpunkt.<\/p>\n<hr \/>\n<p>red dot design award Gewinner 2010\uff08Deutschland\uff09<\/p>","protected":false},"excerpt":{"rendered":"<p>Lemnos Tischuhr\/Designer-Uhr ohne Tickger\u00e4usche aus Japan\/Tischuhr Modern mit schwingenden Sekunden\/K\u00fcchenuhr, Wohnzimmeruhr<\/p>","protected":false},"featured_media":1378,"comment_status":"closed","ping_status":"closed","template":"","meta":{"_uag_custom_page_level_css":"","site-sidebar-layout":"default","site-content-layout":"","ast-site-content-layout":"default","site-content-style":"default","site-sidebar-style":"default","ast-global-header-display":"","ast-banner-title-visibility":"","ast-main-header-display":"","ast-hfb-above-header-display":"","ast-hfb-below-header-display":"","ast-hfb-mobile-header-display":"","site-post-title":"","ast-breadcrumbs-content":"","ast-featured-img":"","footer-sml-layout":"","ast-disable-related-posts":"","theme-transparent-header-meta":"default","adv-header-id-meta":"","stick-header-meta":"","header-above-stick-meta":"","header-main-stick-meta":"","header-below-stick-meta":"","astra-migrate-meta-layouts":"set","ast-page-background-enabled":"default","ast-page-background-meta":{"desktop":{"background-color":"var(--ast-global-color-4)","background-image":"","background-repeat":"repeat","background-position":"center center","background-size":"auto","background-attachment":"scroll","background-type":"","background-media":"","overlay-type":"","overlay-color":"","overlay-opacity":"","overlay-gradient":""},"tablet":{"background-color":"","background-image":"","background-repeat":"repeat","background-position":"center center","background-size":"auto","background-attachment":"scroll","background-type":"","background-media":"","overlay-type":"","overlay-color":"","overlay-opacity":"","overlay-gradient":""},"mobile":{"background-color":"","background-image":"","background-repeat":"repeat","background-position":"center center","background-size":"auto","background-attachment":"scroll","background-type":"","background-media":"","overlay-type":"","overlay-color":"","overlay-opacity":"","overlay-gradient":""}},"ast-content-background-meta":{"desktop":{"background-color":"var(--ast-global-color-5)","background-image":"","background-repeat":"repeat","background-position":"center center","background-size":"auto","background-attachment":"scroll","background-type":"","background-media":"","overlay-type":"","overlay-color":"","overlay-opacity":"","overlay-gradient":""},"tablet":{"background-color":"var(--ast-global-color-5)","background-image":"","background-repeat":"repeat","background-position":"center center","background-size":"auto","background-attachment":"scroll","background-type":"","background-media":"","overlay-type":"","overlay-color":"","overlay-opacity":"","overlay-gradient":""},"mobile":{"background-color":"var(--ast-global-color-5)","background-image":"","background-repeat":"repeat","background-position":"center center","background-size":"auto","background-attachment":"scroll","background-type":"","background-media":"","overlay-type":"","overlay-color":"","overlay-opacity":"","overlay-gradient":""}}},"product_brand":[],"product_cat":[269],"product_tag":[],"class_list":{"0":"post-1381","1":"product","2":"type-product","3":"status-publish","4":"has-post-thumbnail","6":"product_cat-table-clocks","7":"desktop-align-center","8":"tablet-align-left","9":"mobile-align-left","10":"ast-product-gallery-layout-horizontal-slider","11":"ast-product-single-variable","12":"ast-product-tabs-layout-horizontal","13":"ast-qv-on-image","15":"first","16":"instock","17":"taxable","18":"shipping-taxable","19":"purchasable","20":"product-type-variable"},"yoast_head":"<!-- This site is optimized with the Yoast SEO plugin v27.4 - https:\/\/yoast.com\/product\/yoast-seo-wordpress\/ -->\n<title>DROPS DRAW THE EXISTANCE, TENSION, FIREWORKS | Japanese Design Clock | Lemnos Clocks<\/title>\n<meta name=\"robots\" content=\"index, follow, max-snippet:-1, max-image-preview:large, max-video-preview:-1\" \/>\n<link rel=\"canonical\" href=\"https:\/\/lemnosclocks.eu\/de\/produkt\/tropfen-zeichnen-die-existenz-spannung-feuerwerk\/\" \/>\n<meta property=\"og:locale\" content=\"de_DE\" \/>\n<meta property=\"og:type\" content=\"article\" \/>\n<meta property=\"og:title\" content=\"DROPS DRAW THE EXISTANCE, TENSION, FIREWORKS | Japanese Design Clock | Lemnos Clocks\" \/>\n<meta property=\"og:description\" content=\"Lemnos Table Clock\/Designer Clock without Ticking Noises from Japan\/Table Clock Modern with Sweeping Seconds\/Kitchen Clock, Living Room Clock\" \/>\n<meta property=\"og:url\" content=\"https:\/\/lemnosclocks.eu\/de\/produkt\/tropfen-zeichnen-die-existenz-spannung-feuerwerk\/\" \/>\n<meta property=\"og:site_name\" content=\"Lemnos Clocks\" \/>\n<meta property=\"article:modified_time\" content=\"2026-04-12T12:49:38+00:00\" \/>\n<meta property=\"og:image\" content=\"https:\/\/lemnosclocks.eu\/wp-content\/uploads\/2025\/02\/KC10_121314_japanese-design-clock.jpg\" \/>\n\t<meta property=\"og:image:width\" content=\"2000\" \/>\n\t<meta property=\"og:image:height\" content=\"1333\" \/>\n\t<meta property=\"og:image:type\" content=\"image\/jpeg\" \/>\n<meta name=\"twitter:card\" content=\"summary_large_image\" \/>\n<!-- \/ Yoast SEO plugin. -->","yoast_head_json":{"title":"TROPFEN ZIEHEN DIE EXISTENZ, SPANNUNG, FEUERWERKE | Japanische Design Uhr | Lemnos Uhren","robots":{"index":"index","follow":"follow","max-snippet":"max-snippet:-1","max-image-preview":"max-image-preview:large","max-video-preview":"max-video-preview:-1"},"canonical":"https:\/\/lemnosclocks.eu\/de\/produkt\/tropfen-zeichnen-die-existenz-spannung-feuerwerk\/","og_locale":"de_DE","og_type":"article","og_title":"DROPS DRAW THE EXISTANCE, TENSION, FIREWORKS | Japanese Design Clock | Lemnos Clocks","og_description":"Lemnos Table Clock\/Designer Clock without Ticking Noises from Japan\/Table Clock Modern with Sweeping Seconds\/Kitchen Clock, Living Room Clock","og_url":"https:\/\/lemnosclocks.eu\/de\/produkt\/tropfen-zeichnen-die-existenz-spannung-feuerwerk\/","og_site_name":"Lemnos Clocks","article_modified_time":"2026-04-12T12:49:38+00:00","og_image":[{"width":2000,"height":1333,"url":"https:\/\/lemnosclocks.eu\/wp-content\/uploads\/2025\/02\/KC10_121314_japanese-design-clock.jpg","type":"image\/jpeg"}],"twitter_card":"summary_large_image","schema":{"@context":"https:\/\/schema.org","@graph":[{"@type":"WebPage","@id":"https:\/\/lemnosclocks.eu\/product\/drops-draw-the-existance-tension-fireworks\/","url":"https:\/\/lemnosclocks.eu\/product\/drops-draw-the-existance-tension-fireworks\/","name":"TROPFEN ZIEHEN DIE EXISTENZ, SPANNUNG, FEUERWERKE | Japanische Design Uhr | Lemnos Uhren","isPartOf":{"@id":"https:\/\/lemnosclocks.eu\/#website"},"primaryImageOfPage":{"@id":"https:\/\/lemnosclocks.eu\/product\/drops-draw-the-existance-tension-fireworks\/#primaryimage"},"image":{"@id":"https:\/\/lemnosclocks.eu\/product\/drops-draw-the-existance-tension-fireworks\/#primaryimage"},"thumbnailUrl":"https:\/\/lemnosclocks.eu\/wp-content\/uploads\/2025\/02\/KC10_121314_japanese-design-clock.jpg","datePublished":"2025-02-13T12:33:15+00:00","dateModified":"2026-04-12T12:49:38+00:00","breadcrumb":{"@id":"https:\/\/lemnosclocks.eu\/product\/drops-draw-the-existance-tension-fireworks\/#breadcrumb"},"inLanguage":"de","potentialAction":[{"@type":"ReadAction","target":["https:\/\/lemnosclocks.eu\/product\/drops-draw-the-existance-tension-fireworks\/"]}]},{"@type":"ImageObject","inLanguage":"de","@id":"https:\/\/lemnosclocks.eu\/product\/drops-draw-the-existance-tension-fireworks\/#primaryimage","url":"https:\/\/lemnosclocks.eu\/wp-content\/uploads\/2025\/02\/KC10_121314_japanese-design-clock.jpg","contentUrl":"https:\/\/lemnosclocks.eu\/wp-content\/uploads\/2025\/02\/KC10_121314_japanese-design-clock.jpg","width":2000,"height":1333},{"@type":"BreadcrumbList","@id":"https:\/\/lemnosclocks.eu\/product\/drops-draw-the-existance-tension-fireworks\/#breadcrumb","itemListElement":[{"@type":"ListItem","position":1,"name":"Startseite","item":"https:\/\/lemnosclocks.eu\/en\/"},{"@type":"ListItem","position":2,"name":"Shop","item":"https:\/\/lemnosclocks.eu\/shop\/"},{"@type":"ListItem","position":3,"name":"DROPS DRAW THE EXISTANCE, TENSION, FIREWORKS"}]},{"@type":"WebSite","@id":"https:\/\/lemnosclocks.eu\/#website","url":"https:\/\/lemnosclocks.eu\/","name":"Lemnos-Uhren","description":"Handgefertigte Design-Uhren aus Japan","publisher":{"@id":"https:\/\/lemnosclocks.eu\/#organization"},"alternateName":"Lemnos","potentialAction":[{"@type":"SearchAction","target":{"@type":"EntryPoint","urlTemplate":"https:\/\/lemnosclocks.eu\/?s={search_term_string}"},"query-input":{"@type":"PropertyValueSpecification","valueRequired":true,"valueName":"search_term_string"}}],"inLanguage":"de"},{"@type":"Organization","@id":"https:\/\/lemnosclocks.eu\/#organization","name":"Lemnos-Uhren","url":"https:\/\/lemnosclocks.eu\/","logo":{"@type":"ImageObject","inLanguage":"de","@id":"https:\/\/lemnosclocks.eu\/#\/schema\/logo\/image\/","url":"https:\/\/lemnosclocks.eu\/wp-content\/uploads\/2024\/09\/logo_160x28.png","contentUrl":"https:\/\/lemnosclocks.eu\/wp-content\/uploads\/2024\/09\/logo_160x28.png","width":160,"height":28,"caption":"Lemnos Clocks"},"image":{"@id":"https:\/\/lemnosclocks.eu\/#\/schema\/logo\/image\/"}}]}},"uagb_featured_image_src":{"full":["https:\/\/lemnosclocks.eu\/wp-content\/uploads\/2025\/02\/KC10_121314_japanese-design-clock.jpg",2000,1333,false],"thumbnail":["https:\/\/lemnosclocks.eu\/wp-content\/uploads\/2025\/02\/KC10_121314_japanese-design-clock-150x150.jpg",150,150,true],"medium":["https:\/\/lemnosclocks.eu\/wp-content\/uploads\/2025\/02\/KC10_121314_japanese-design-clock-800x533.jpg",800,533,true],"medium_large":["https:\/\/lemnosclocks.eu\/wp-content\/uploads\/2025\/02\/KC10_121314_japanese-design-clock-768x512.jpg",768,512,true],"large":["https:\/\/lemnosclocks.eu\/wp-content\/uploads\/2025\/02\/KC10_121314_japanese-design-clock-1200x800.jpg",1200,800,true],"1536x1536":["https:\/\/lemnosclocks.eu\/wp-content\/uploads\/2025\/02\/KC10_121314_japanese-design-clock-1536x1024.jpg",1536,1024,true],"2048x2048":["https:\/\/lemnosclocks.eu\/wp-content\/uploads\/2025\/02\/KC10_121314_japanese-design-clock.jpg",2000,1333,false],"trp-custom-language-flag":["https:\/\/lemnosclocks.eu\/wp-content\/uploads\/2025\/02\/KC10_121314_japanese-design-clock-18x12.jpg",18,12,true],"woocommerce_thumbnail":["https:\/\/lemnosclocks.eu\/wp-content\/uploads\/2025\/02\/KC10_121314_japanese-design-clock-620x620.jpg",620,620,true],"woocommerce_single":["https:\/\/lemnosclocks.eu\/wp-content\/uploads\/2025\/02\/KC10_121314_japanese-design-clock-930x620.jpg",930,620,true],"woocommerce_gallery_thumbnail":["https:\/\/lemnosclocks.eu\/wp-content\/uploads\/2025\/02\/KC10_121314_japanese-design-clock-250x250.jpg",250,250,true]},"uagb_author_info":{"display_name":"mariko","author_link":"https:\/\/lemnosclocks.eu\/de\/author\/"},"uagb_comment_info":0,"uagb_excerpt":"Lemnos Table Clock\/Designer Clock without Ticking Noises from Japan\/Table Clock Modern with Sweeping Seconds\/Kitchen Clock, Living Room Clock","_links":{"self":[{"href":"https:\/\/lemnosclocks.eu\/de\/wp-json\/wp\/v2\/product\/1381","targetHints":{"allow":["GET"]}}],"collection":[{"href":"https:\/\/lemnosclocks.eu\/de\/wp-json\/wp\/v2\/product"}],"about":[{"href":"https:\/\/lemnosclocks.eu\/de\/wp-json\/wp\/v2\/types\/product"}],"replies":[{"embeddable":true,"href":"https:\/\/lemnosclocks.eu\/de\/wp-json\/wp\/v2\/comments?post=1381"}],"wp:featuredmedia":[{"embeddable":true,"href":"https:\/\/lemnosclocks.eu\/de\/wp-json\/wp\/v2\/media\/1378"}],"wp:attachment":[{"href":"https:\/\/lemnosclocks.eu\/de\/wp-json\/wp\/v2\/media?parent=1381"}],"wp:term":[{"taxonomy":"product_brand","embeddable":true,"href":"https:\/\/lemnosclocks.eu\/de\/wp-json\/wp\/v2\/product_brand?post=1381"},{"taxonomy":"product_cat","embeddable":true,"href":"https:\/\/lemnosclocks.eu\/de\/wp-json\/wp\/v2\/product_cat?post=1381"},{"taxonomy":"product_tag","embeddable":true,"href":"https:\/\/lemnosclocks.eu\/de\/wp-json\/wp\/v2\/product_tag?post=1381"}],"curies":[{"name":"wp","href":"https:\/\/api.w.org\/{rel}","templated":true}]}}