{"id":1096,"date":"2024-12-11T12:10:44","date_gmt":"2024-12-11T12:10:44","guid":{"rendered":"https:\/\/lemnosclocks.eu\/?post_type=product&#038;p=1096"},"modified":"2026-04-07T05:10:05","modified_gmt":"2026-04-07T03:10:05","slug":"lemnos-extra-normale-uhr","status":"publish","type":"product","link":"https:\/\/lemnosclocks.eu\/de\/product\/lemnos-extra-normal-clock\/","title":{"rendered":"Lemnos Extra Normal Clock"},"content":{"rendered":"<p class=\"p1\"><span class=\"s1\">Der Designer Ross McBride gr\u00fcndete 2006 die Marke \"Normal Timepieces\". Die erste Uhrenlinie, Extra Normal, wurde zur Ikone der Marke. <\/span><\/p>\n<p class=\"p1\"><span class=\"s1\">Da sie sich \u00fcber all die Jahre hinweg gro\u00dfer Beliebtheit erfreut hat, kehrt sie nun als Uhr zur\u00fcck. Auf den ersten Blick ist die Extra Normal ein eleganter, minimalistischer Zeitmesser, doch ganz so einfach ist es nicht. Es gibt einen subtilen Effekt, bei dem die Zahlen im Laufe der Zeit immer wieder verschwinden. Der \"Stundenzeiger\" ist in Wirklichkeit eine Scheibe, die die Uhr bildet<\/span><span class=\"s2\">\u02bc<\/span><span class=\"s1\">s Gesicht. Diese Scheibe hat ein Fenster, durch das die Zahlen des darunter liegenden Zifferblatts w\u00e4hrend der Stunde sichtbar sind.<\/span><\/p>\n<p><a href=\"https:\/\/lemnosclocks.eu\/wp-content\/uploads\/2025\/02\/Extra-Normal-Clock_movie_credit.mov\">Extra Normal Uhr_Film_credit<\/a><\/p>\n<p>&nbsp;<\/p>","protected":false},"excerpt":{"rendered":"<p>Lemnos Extra Normale Uhr \/ Designer Wanduhr ohne Tickger\u00e4usche aus Japan \/ Wanduhr Modern mit schwungvollen Sekunden \/ K\u00fcchenuhr Wohnzimmer \/ Uhr<\/p>","protected":false},"featured_media":1090,"comment_status":"closed","ping_status":"closed","template":"","meta":{"_uag_custom_page_level_css":"","site-sidebar-layout":"default","site-content-layout":"","ast-site-content-layout":"default","site-content-style":"default","site-sidebar-style":"default","ast-global-header-display":"","ast-banner-title-visibility":"","ast-main-header-display":"","ast-hfb-above-header-display":"","ast-hfb-below-header-display":"","ast-hfb-mobile-header-display":"","site-post-title":"","ast-breadcrumbs-content":"","ast-featured-img":"","footer-sml-layout":"","ast-disable-related-posts":"","theme-transparent-header-meta":"default","adv-header-id-meta":"","stick-header-meta":"","header-above-stick-meta":"","header-main-stick-meta":"","header-below-stick-meta":"","astra-migrate-meta-layouts":"set","ast-page-background-enabled":"default","ast-page-background-meta":{"desktop":{"background-color":"var(--ast-global-color-4)","background-image":"","background-repeat":"repeat","background-position":"center center","background-size":"auto","background-attachment":"scroll","background-type":"","background-media":"","overlay-type":"","overlay-color":"","overlay-opacity":"","overlay-gradient":""},"tablet":{"background-color":"","background-image":"","background-repeat":"repeat","background-position":"center center","background-size":"auto","background-attachment":"scroll","background-type":"","background-media":"","overlay-type":"","overlay-color":"","overlay-opacity":"","overlay-gradient":""},"mobile":{"background-color":"","background-image":"","background-repeat":"repeat","background-position":"center center","background-size":"auto","background-attachment":"scroll","background-type":"","background-media":"","overlay-type":"","overlay-color":"","overlay-opacity":"","overlay-gradient":""}},"ast-content-background-meta":{"desktop":{"background-color":"var(--ast-global-color-5)","background-image":"","background-repeat":"repeat","background-position":"center center","background-size":"auto","background-attachment":"scroll","background-type":"","background-media":"","overlay-type":"","overlay-color":"","overlay-opacity":"","overlay-gradient":""},"tablet":{"background-color":"var(--ast-global-color-5)","background-image":"","background-repeat":"repeat","background-position":"center center","background-size":"auto","background-attachment":"scroll","background-type":"","background-media":"","overlay-type":"","overlay-color":"","overlay-opacity":"","overlay-gradient":""},"mobile":{"background-color":"var(--ast-global-color-5)","background-image":"","background-repeat":"repeat","background-position":"center center","background-size":"auto","background-attachment":"scroll","background-type":"","background-media":"","overlay-type":"","overlay-color":"","overlay-opacity":"","overlay-gradient":""}}},"product_brand":[],"product_cat":[84],"product_tag":[],"class_list":{"0":"post-1096","1":"product","2":"type-product","3":"status-publish","4":"has-post-thumbnail","6":"product_cat-wall-clock","7":"desktop-align-center","8":"tablet-align-left","9":"mobile-align-left","10":"ast-product-gallery-layout-horizontal-slider","11":"ast-product-single-variable","12":"ast-product-tabs-layout-horizontal","13":"ast-qv-on-image","15":"first","16":"instock","17":"taxable","18":"shipping-taxable","19":"purchasable","20":"product-type-variable","21":"has-default-attributes"},"yoast_head":"<!-- This site is optimized with the Yoast SEO plugin v27.4 - https:\/\/yoast.com\/product\/yoast-seo-wordpress\/ -->\n<title>Lemnos Extra Normal Clock | Japanese Design Clock | Lemnos Clocks<\/title>\n<meta name=\"description\" content=\"Designer, Ross McBride, launched the brand \u201cNormal Timepieces\u201d in 2006. Its first watch range, Extra Normal, became the icon for this brand.\" \/>\n<meta name=\"robots\" content=\"index, follow, max-snippet:-1, max-image-preview:large, max-video-preview:-1\" \/>\n<link rel=\"canonical\" href=\"https:\/\/lemnosclocks.eu\/de\/produkt\/lemnos-extra-normale-uhr\/\" \/>\n<meta property=\"og:locale\" content=\"de_DE\" \/>\n<meta property=\"og:type\" content=\"article\" \/>\n<meta property=\"og:title\" content=\"Lemnos Extra Normal Clock | Japanese Design Clock | Lemnos Clocks\" \/>\n<meta property=\"og:description\" content=\"Designer, Ross McBride, launched the brand \u201cNormal Timepieces\u201d in 2006. Its first watch range, Extra Normal, became the icon for this brand.\" \/>\n<meta property=\"og:url\" content=\"https:\/\/lemnosclocks.eu\/de\/produkt\/lemnos-extra-normale-uhr\/\" \/>\n<meta property=\"og:site_name\" content=\"Lemnos Clocks\" \/>\n<meta property=\"article:modified_time\" content=\"2026-04-07T03:10:05+00:00\" \/>\n<meta property=\"og:image\" content=\"https:\/\/lemnosclocks.eu\/wp-content\/uploads\/2024\/12\/RM24_07_japanese-design-clock_BK.jpg\" \/>\n\t<meta property=\"og:image:width\" content=\"2000\" \/>\n\t<meta property=\"og:image:height\" content=\"2000\" \/>\n\t<meta property=\"og:image:type\" content=\"image\/jpeg\" \/>\n<meta name=\"twitter:card\" content=\"summary_large_image\" \/>\n<!-- \/ Yoast SEO plugin. -->","yoast_head_json":{"title":"Lemnos Extra Normal Uhr | Japanisches Design Uhr | Lemnos Uhren","description":"Der Designer Ross McBride gr\u00fcndete 2006 die Marke \"Normal Timepieces\". Die erste Uhrenlinie, Extra Normal, wurde zur Ikone der Marke.","robots":{"index":"index","follow":"follow","max-snippet":"max-snippet:-1","max-image-preview":"max-image-preview:large","max-video-preview":"max-video-preview:-1"},"canonical":"https:\/\/lemnosclocks.eu\/de\/produkt\/lemnos-extra-normale-uhr\/","og_locale":"de_DE","og_type":"article","og_title":"Lemnos Extra Normal Clock | Japanese Design Clock | Lemnos Clocks","og_description":"Designer, Ross McBride, launched the brand \u201cNormal Timepieces\u201d in 2006. Its first watch range, Extra Normal, became the icon for this brand.","og_url":"https:\/\/lemnosclocks.eu\/de\/produkt\/lemnos-extra-normale-uhr\/","og_site_name":"Lemnos Clocks","article_modified_time":"2026-04-07T03:10:05+00:00","og_image":[{"width":2000,"height":2000,"url":"https:\/\/lemnosclocks.eu\/wp-content\/uploads\/2024\/12\/RM24_07_japanese-design-clock_BK.jpg","type":"image\/jpeg"}],"twitter_card":"summary_large_image","schema":{"@context":"https:\/\/schema.org","@graph":[{"@type":"WebPage","@id":"https:\/\/lemnosclocks.eu\/product\/lemnos-extra-normal-clock\/","url":"https:\/\/lemnosclocks.eu\/product\/lemnos-extra-normal-clock\/","name":"Lemnos Extra Normal Uhr | Japanisches Design Uhr | Lemnos Uhren","isPartOf":{"@id":"https:\/\/lemnosclocks.eu\/#website"},"primaryImageOfPage":{"@id":"https:\/\/lemnosclocks.eu\/product\/lemnos-extra-normal-clock\/#primaryimage"},"image":{"@id":"https:\/\/lemnosclocks.eu\/product\/lemnos-extra-normal-clock\/#primaryimage"},"thumbnailUrl":"https:\/\/lemnosclocks.eu\/wp-content\/uploads\/2024\/12\/RM24_07_japanese-design-clock_BK.jpg","datePublished":"2024-12-11T12:10:44+00:00","dateModified":"2026-04-07T03:10:05+00:00","description":"Der Designer Ross McBride gr\u00fcndete 2006 die Marke \"Normal Timepieces\". Die erste Uhrenlinie, Extra Normal, wurde zur Ikone der Marke.","breadcrumb":{"@id":"https:\/\/lemnosclocks.eu\/product\/lemnos-extra-normal-clock\/#breadcrumb"},"inLanguage":"de","potentialAction":[{"@type":"ReadAction","target":["https:\/\/lemnosclocks.eu\/product\/lemnos-extra-normal-clock\/"]}]},{"@type":"ImageObject","inLanguage":"de","@id":"https:\/\/lemnosclocks.eu\/product\/lemnos-extra-normal-clock\/#primaryimage","url":"https:\/\/lemnosclocks.eu\/wp-content\/uploads\/2024\/12\/RM24_07_japanese-design-clock_BK.jpg","contentUrl":"https:\/\/lemnosclocks.eu\/wp-content\/uploads\/2024\/12\/RM24_07_japanese-design-clock_BK.jpg","width":2000,"height":2000,"caption":"Lemnos Japanese Design extra normal clock RM24-05"},{"@type":"BreadcrumbList","@id":"https:\/\/lemnosclocks.eu\/product\/lemnos-extra-normal-clock\/#breadcrumb","itemListElement":[{"@type":"ListItem","position":1,"name":"Startseite","item":"https:\/\/lemnosclocks.eu\/en\/"},{"@type":"ListItem","position":2,"name":"Shop","item":"https:\/\/lemnosclocks.eu\/shop\/"},{"@type":"ListItem","position":3,"name":"Lemnos Extra Normal Clock"}]},{"@type":"WebSite","@id":"https:\/\/lemnosclocks.eu\/#website","url":"https:\/\/lemnosclocks.eu\/","name":"Lemnos-Uhren","description":"Handgefertigte Design-Uhren aus Japan","publisher":{"@id":"https:\/\/lemnosclocks.eu\/#organization"},"alternateName":"Lemnos","potentialAction":[{"@type":"SearchAction","target":{"@type":"EntryPoint","urlTemplate":"https:\/\/lemnosclocks.eu\/?s={search_term_string}"},"query-input":{"@type":"PropertyValueSpecification","valueRequired":true,"valueName":"search_term_string"}}],"inLanguage":"de"},{"@type":"Organization","@id":"https:\/\/lemnosclocks.eu\/#organization","name":"Lemnos-Uhren","url":"https:\/\/lemnosclocks.eu\/","logo":{"@type":"ImageObject","inLanguage":"de","@id":"https:\/\/lemnosclocks.eu\/#\/schema\/logo\/image\/","url":"https:\/\/lemnosclocks.eu\/wp-content\/uploads\/2024\/09\/logo_160x28.png","contentUrl":"https:\/\/lemnosclocks.eu\/wp-content\/uploads\/2024\/09\/logo_160x28.png","width":160,"height":28,"caption":"Lemnos Clocks"},"image":{"@id":"https:\/\/lemnosclocks.eu\/#\/schema\/logo\/image\/"}}]}},"uagb_featured_image_src":{"full":["https:\/\/lemnosclocks.eu\/wp-content\/uploads\/2024\/12\/RM24_07_japanese-design-clock_BK.jpg",2000,2000,false],"thumbnail":["https:\/\/lemnosclocks.eu\/wp-content\/uploads\/2024\/12\/RM24_07_japanese-design-clock_BK-150x150.jpg",150,150,true],"medium":["https:\/\/lemnosclocks.eu\/wp-content\/uploads\/2024\/12\/RM24_07_japanese-design-clock_BK-800x800.jpg",800,800,true],"medium_large":["https:\/\/lemnosclocks.eu\/wp-content\/uploads\/2024\/12\/RM24_07_japanese-design-clock_BK-768x768.jpg",768,768,true],"large":["https:\/\/lemnosclocks.eu\/wp-content\/uploads\/2024\/12\/RM24_07_japanese-design-clock_BK-1200x1200.jpg",1200,1200,true],"1536x1536":["https:\/\/lemnosclocks.eu\/wp-content\/uploads\/2024\/12\/RM24_07_japanese-design-clock_BK-1536x1536.jpg",1536,1536,true],"2048x2048":["https:\/\/lemnosclocks.eu\/wp-content\/uploads\/2024\/12\/RM24_07_japanese-design-clock_BK.jpg",2000,2000,false],"trp-custom-language-flag":["https:\/\/lemnosclocks.eu\/wp-content\/uploads\/2024\/12\/RM24_07_japanese-design-clock_BK-12x12.jpg",12,12,true],"woocommerce_thumbnail":["https:\/\/lemnosclocks.eu\/wp-content\/uploads\/2024\/12\/RM24_07_japanese-design-clock_BK-620x620.jpg",620,620,true],"woocommerce_single":["https:\/\/lemnosclocks.eu\/wp-content\/uploads\/2024\/12\/RM24_07_japanese-design-clock_BK-930x930.jpg",930,930,true],"woocommerce_gallery_thumbnail":["https:\/\/lemnosclocks.eu\/wp-content\/uploads\/2024\/12\/RM24_07_japanese-design-clock_BK-250x250.jpg",250,250,true]},"uagb_author_info":{"display_name":"mariko","author_link":"https:\/\/lemnosclocks.eu\/de\/author\/"},"uagb_comment_info":0,"uagb_excerpt":"Lemnos Extra Normal Clock \/ Designer Wall Clock without Ticking Noises from Japan \/ Wall Clock Modern with Sweeping Seconds \/ Kitchen Clock Living Room \/ Clock","_links":{"self":[{"href":"https:\/\/lemnosclocks.eu\/de\/wp-json\/wp\/v2\/product\/1096","targetHints":{"allow":["GET"]}}],"collection":[{"href":"https:\/\/lemnosclocks.eu\/de\/wp-json\/wp\/v2\/product"}],"about":[{"href":"https:\/\/lemnosclocks.eu\/de\/wp-json\/wp\/v2\/types\/product"}],"replies":[{"embeddable":true,"href":"https:\/\/lemnosclocks.eu\/de\/wp-json\/wp\/v2\/comments?post=1096"}],"wp:featuredmedia":[{"embeddable":true,"href":"https:\/\/lemnosclocks.eu\/de\/wp-json\/wp\/v2\/media\/1090"}],"wp:attachment":[{"href":"https:\/\/lemnosclocks.eu\/de\/wp-json\/wp\/v2\/media?parent=1096"}],"wp:term":[{"taxonomy":"product_brand","embeddable":true,"href":"https:\/\/lemnosclocks.eu\/de\/wp-json\/wp\/v2\/product_brand?post=1096"},{"taxonomy":"product_cat","embeddable":true,"href":"https:\/\/lemnosclocks.eu\/de\/wp-json\/wp\/v2\/product_cat?post=1096"},{"taxonomy":"product_tag","embeddable":true,"href":"https:\/\/lemnosclocks.eu\/de\/wp-json\/wp\/v2\/product_tag?post=1096"}],"curies":[{"name":"wp","href":"https:\/\/api.w.org\/{rel}","templated":true}]}}