{"id":1079,"date":"2024-12-11T12:07:13","date_gmt":"2024-12-11T12:07:13","guid":{"rendered":"https:\/\/lemnosclocks.eu\/?post_type=product&#038;p=1079"},"modified":"2025-11-13T11:45:00","modified_gmt":"2025-11-13T10:45:00","slug":"lemnos-kuckucksuhr-bockoo","status":"publish","type":"product","link":"https:\/\/lemnosclocks.eu\/de\/product\/lemnos-cuckoo-clock-bockoo\/","title":{"rendered":"Lemnos Kuckucksuhr Bockoo"},"content":{"rendered":"<p>Seitdem Mobiltelefone \u00fcberall um uns herum verbreitet sind, \u00fcberpr\u00fcfen wir die Zeit oft an anderen Dingen als an Uhren. Heutzutage verbringen wir mehr und mehr Zeit damit, unbewusst die Zeit auf mobilen Ger\u00e4ten wie Smartphones zu \u00fcberpr\u00fcfen.<br \/>\nWelche Rolle kann also eine analoge Uhr in dieser Situation spielen?<\/p>\n<p>Die urspr\u00fcngliche Idee f\u00fcr die Kuckucksuhr \"Bockoo\" basierte auf dieser Frage, und ihre ikonische Form und Gr\u00f6\u00dfe entsprechen der eines Buches.<br \/>\nLemnos Inc. hat ein eigenes Kuckucksmodul entwickelt und konnte so eine Kuckucksuhr flexibler gestalten und viel kleiner machen. Aufgrund ihrer kompakten Gr\u00f6\u00dfe kann die Kuckucksuhr auch in kleinen R\u00e4umen aufgestellt werden, an die man bisher nicht gedacht hat.<br \/>\nWenn Sie die Uhr in ein B\u00fccherregal stellen, k\u00f6nnte sie Sie dazu anregen, das Regal anzuschauen und Ihr Lieblingsbuch zu nehmen, wenn der Kuckuck die Zeit anzeigt. Die Uhr w\u00fcrde Sie also dazu anregen, das Lesen eines Buches durch das \u00dcberpr\u00fcfen eines mobilen Ger\u00e4ts zu ersetzen.<\/p>\n<div style=\"width: 1920px;\" class=\"wp-video\"><video class=\"wp-video-shortcode\" id=\"video-1079-1\" width=\"1920\" height=\"1080\" preload=\"metadata\" controls=\"controls\"><source type=\"video\/mp4\" src=\"https:\/\/lemnosclocks.eu\/wp-content\/uploads\/2024\/12\/Bockoo_movie\u306e\u30b3\u30d4\u30fc.mp4?_=1\" \/><a href=\"https:\/\/lemnosclocks.eu\/wp-content\/uploads\/2024\/12\/Bockoo_movie\u306e\u30b3\u30d4\u30fc.mp4\">https:\/\/lemnosclocks.eu\/wp-content\/uploads\/2024\/12\/Bockoo_movie\u306e\u30b3\u30d4\u30fc.mp4<\/a><\/video><\/div>","protected":false},"excerpt":{"rendered":"<p>Lemnos Kuckucksuhr Bockoo von Designer Fumiaki Goto \/Eine Kuckucksuhr aus Japan\/mit Batterie und Lichtsensor\/ Kuckucksuhr Modernes Design<\/p>","protected":false},"featured_media":1082,"comment_status":"closed","ping_status":"closed","template":"","meta":{"_uag_custom_page_level_css":"","site-sidebar-layout":"default","site-content-layout":"","ast-site-content-layout":"default","site-content-style":"default","site-sidebar-style":"default","ast-global-header-display":"","ast-banner-title-visibility":"","ast-main-header-display":"","ast-hfb-above-header-display":"","ast-hfb-below-header-display":"","ast-hfb-mobile-header-display":"","site-post-title":"","ast-breadcrumbs-content":"","ast-featured-img":"","footer-sml-layout":"","ast-disable-related-posts":"","theme-transparent-header-meta":"default","adv-header-id-meta":"","stick-header-meta":"","header-above-stick-meta":"","header-main-stick-meta":"","header-below-stick-meta":"","astra-migrate-meta-layouts":"set","ast-page-background-enabled":"default","ast-page-background-meta":{"desktop":{"background-color":"var(--ast-global-color-4)","background-image":"","background-repeat":"repeat","background-position":"center center","background-size":"auto","background-attachment":"scroll","background-type":"","background-media":"","overlay-type":"","overlay-color":"","overlay-opacity":"","overlay-gradient":""},"tablet":{"background-color":"","background-image":"","background-repeat":"repeat","background-position":"center center","background-size":"auto","background-attachment":"scroll","background-type":"","background-media":"","overlay-type":"","overlay-color":"","overlay-opacity":"","overlay-gradient":""},"mobile":{"background-color":"","background-image":"","background-repeat":"repeat","background-position":"center center","background-size":"auto","background-attachment":"scroll","background-type":"","background-media":"","overlay-type":"","overlay-color":"","overlay-opacity":"","overlay-gradient":""}},"ast-content-background-meta":{"desktop":{"background-color":"var(--ast-global-color-5)","background-image":"","background-repeat":"repeat","background-position":"center center","background-size":"auto","background-attachment":"scroll","background-type":"","background-media":"","overlay-type":"","overlay-color":"","overlay-opacity":"","overlay-gradient":""},"tablet":{"background-color":"var(--ast-global-color-5)","background-image":"","background-repeat":"repeat","background-position":"center center","background-size":"auto","background-attachment":"scroll","background-type":"","background-media":"","overlay-type":"","overlay-color":"","overlay-opacity":"","overlay-gradient":""},"mobile":{"background-color":"var(--ast-global-color-5)","background-image":"","background-repeat":"repeat","background-position":"center center","background-size":"auto","background-attachment":"scroll","background-type":"","background-media":"","overlay-type":"","overlay-color":"","overlay-opacity":"","overlay-gradient":""}}},"product_brand":[],"product_cat":[75],"product_tag":[],"class_list":{"0":"post-1079","1":"product","2":"type-product","3":"status-publish","4":"has-post-thumbnail","6":"product_cat-cuckoo-clock","7":"desktop-align-center","8":"tablet-align-left","9":"mobile-align-left","10":"ast-product-gallery-layout-horizontal-slider","11":"ast-product-single-variable","12":"ast-product-tabs-layout-horizontal","13":"ast-qv-on-image","15":"first","16":"instock","17":"taxable","18":"shipping-taxable","19":"purchasable","20":"product-type-variable","21":"has-default-attributes"},"yoast_head":"<!-- This site is optimized with the Yoast SEO plugin v27.4 - https:\/\/yoast.com\/product\/yoast-seo-wordpress\/ -->\n<title>Lemnos Cuckoo Clock Bockoo | Japanese Design Clock | Lemnos Clocks<\/title>\n<meta name=\"description\" content=\"Lemnos Cuckoo Clock Bockoo made by designer Fumiaki Goto\" \/>\n<meta name=\"robots\" content=\"index, follow, max-snippet:-1, max-image-preview:large, max-video-preview:-1\" \/>\n<link rel=\"canonical\" href=\"https:\/\/lemnosclocks.eu\/de\/produkt\/lemnos-kuckucksuhr-bockoo\/\" \/>\n<meta property=\"og:locale\" content=\"de_DE\" \/>\n<meta property=\"og:type\" content=\"article\" \/>\n<meta property=\"og:title\" content=\"Lemnos Cuckoo Clock Bockoo | Japanese Design Clock | Lemnos Clocks\" \/>\n<meta property=\"og:description\" content=\"Lemnos Cuckoo Clock Bockoo made by designer Fumiaki Goto\" \/>\n<meta property=\"og:url\" content=\"https:\/\/lemnosclocks.eu\/de\/produkt\/lemnos-kuckucksuhr-bockoo\/\" \/>\n<meta property=\"og:site_name\" content=\"Lemnos Clocks\" \/>\n<meta property=\"article:modified_time\" content=\"2025-11-13T10:45:00+00:00\" \/>\n<meta property=\"og:image\" content=\"https:\/\/lemnosclocks.eu\/wp-content\/uploads\/2024\/12\/GF17_04_japanese-design-clock_WH.jpg\" \/>\n\t<meta property=\"og:image:width\" content=\"2000\" \/>\n\t<meta property=\"og:image:height\" content=\"2000\" \/>\n\t<meta property=\"og:image:type\" content=\"image\/jpeg\" \/>\n<meta name=\"twitter:card\" content=\"summary_large_image\" \/>\n<!-- \/ Yoast SEO plugin. -->","yoast_head_json":{"title":"Lemnos Kuckucksuhr Bockoo | Japanisches Design Uhr | Lemnos Uhren","description":"Lemnos Kuckucksuhr Bockoo von Designer Fumiaki Goto","robots":{"index":"index","follow":"follow","max-snippet":"max-snippet:-1","max-image-preview":"max-image-preview:large","max-video-preview":"max-video-preview:-1"},"canonical":"https:\/\/lemnosclocks.eu\/de\/produkt\/lemnos-kuckucksuhr-bockoo\/","og_locale":"de_DE","og_type":"article","og_title":"Lemnos Cuckoo Clock Bockoo | Japanese Design Clock | Lemnos Clocks","og_description":"Lemnos Cuckoo Clock Bockoo made by designer Fumiaki Goto","og_url":"https:\/\/lemnosclocks.eu\/de\/produkt\/lemnos-kuckucksuhr-bockoo\/","og_site_name":"Lemnos Clocks","article_modified_time":"2025-11-13T10:45:00+00:00","og_image":[{"width":2000,"height":2000,"url":"https:\/\/lemnosclocks.eu\/wp-content\/uploads\/2024\/12\/GF17_04_japanese-design-clock_WH.jpg","type":"image\/jpeg"}],"twitter_card":"summary_large_image","schema":{"@context":"https:\/\/schema.org","@graph":[{"@type":"WebPage","@id":"https:\/\/lemnosclocks.eu\/product\/lemnos-cuckoo-clock-bockoo\/","url":"https:\/\/lemnosclocks.eu\/product\/lemnos-cuckoo-clock-bockoo\/","name":"Lemnos Kuckucksuhr Bockoo | Japanisches Design Uhr | Lemnos Uhren","isPartOf":{"@id":"https:\/\/lemnosclocks.eu\/#website"},"primaryImageOfPage":{"@id":"https:\/\/lemnosclocks.eu\/product\/lemnos-cuckoo-clock-bockoo\/#primaryimage"},"image":{"@id":"https:\/\/lemnosclocks.eu\/product\/lemnos-cuckoo-clock-bockoo\/#primaryimage"},"thumbnailUrl":"https:\/\/lemnosclocks.eu\/wp-content\/uploads\/2024\/12\/GF17_04_japanese-design-clock_WH.jpg","datePublished":"2024-12-11T12:07:13+00:00","dateModified":"2025-11-13T10:45:00+00:00","description":"Lemnos Kuckucksuhr Bockoo von Designer Fumiaki Goto","breadcrumb":{"@id":"https:\/\/lemnosclocks.eu\/product\/lemnos-cuckoo-clock-bockoo\/#breadcrumb"},"inLanguage":"de","potentialAction":[{"@type":"ReadAction","target":["https:\/\/lemnosclocks.eu\/product\/lemnos-cuckoo-clock-bockoo\/"]}]},{"@type":"ImageObject","inLanguage":"de","@id":"https:\/\/lemnosclocks.eu\/product\/lemnos-cuckoo-clock-bockoo\/#primaryimage","url":"https:\/\/lemnosclocks.eu\/wp-content\/uploads\/2024\/12\/GF17_04_japanese-design-clock_WH.jpg","contentUrl":"https:\/\/lemnosclocks.eu\/wp-content\/uploads\/2024\/12\/GF17_04_japanese-design-clock_WH.jpg","width":2000,"height":2000,"caption":"Lemnos Japanese Design cuckoo clock Bockoo GF17-04"},{"@type":"BreadcrumbList","@id":"https:\/\/lemnosclocks.eu\/product\/lemnos-cuckoo-clock-bockoo\/#breadcrumb","itemListElement":[{"@type":"ListItem","position":1,"name":"Startseite","item":"https:\/\/lemnosclocks.eu\/en\/"},{"@type":"ListItem","position":2,"name":"Shop","item":"https:\/\/lemnosclocks.eu\/shop\/"},{"@type":"ListItem","position":3,"name":"Lemnos Cuckoo Clock Bockoo"}]},{"@type":"WebSite","@id":"https:\/\/lemnosclocks.eu\/#website","url":"https:\/\/lemnosclocks.eu\/","name":"Lemnos-Uhren","description":"Handgefertigte Design-Uhren aus Japan","publisher":{"@id":"https:\/\/lemnosclocks.eu\/#organization"},"alternateName":"Lemnos","potentialAction":[{"@type":"SearchAction","target":{"@type":"EntryPoint","urlTemplate":"https:\/\/lemnosclocks.eu\/?s={search_term_string}"},"query-input":{"@type":"PropertyValueSpecification","valueRequired":true,"valueName":"search_term_string"}}],"inLanguage":"de"},{"@type":"Organization","@id":"https:\/\/lemnosclocks.eu\/#organization","name":"Lemnos-Uhren","url":"https:\/\/lemnosclocks.eu\/","logo":{"@type":"ImageObject","inLanguage":"de","@id":"https:\/\/lemnosclocks.eu\/#\/schema\/logo\/image\/","url":"https:\/\/lemnosclocks.eu\/wp-content\/uploads\/2024\/09\/logo_160x28.png","contentUrl":"https:\/\/lemnosclocks.eu\/wp-content\/uploads\/2024\/09\/logo_160x28.png","width":160,"height":28,"caption":"Lemnos Clocks"},"image":{"@id":"https:\/\/lemnosclocks.eu\/#\/schema\/logo\/image\/"}}]}},"uagb_featured_image_src":{"full":["https:\/\/lemnosclocks.eu\/wp-content\/uploads\/2024\/12\/GF17_04_japanese-design-clock_WH.jpg",2000,2000,false],"thumbnail":["https:\/\/lemnosclocks.eu\/wp-content\/uploads\/2024\/12\/GF17_04_japanese-design-clock_WH-150x150.jpg",150,150,true],"medium":["https:\/\/lemnosclocks.eu\/wp-content\/uploads\/2024\/12\/GF17_04_japanese-design-clock_WH-800x800.jpg",800,800,true],"medium_large":["https:\/\/lemnosclocks.eu\/wp-content\/uploads\/2024\/12\/GF17_04_japanese-design-clock_WH-768x768.jpg",768,768,true],"large":["https:\/\/lemnosclocks.eu\/wp-content\/uploads\/2024\/12\/GF17_04_japanese-design-clock_WH-1200x1200.jpg",1200,1200,true],"1536x1536":["https:\/\/lemnosclocks.eu\/wp-content\/uploads\/2024\/12\/GF17_04_japanese-design-clock_WH-1536x1536.jpg",1536,1536,true],"2048x2048":["https:\/\/lemnosclocks.eu\/wp-content\/uploads\/2024\/12\/GF17_04_japanese-design-clock_WH.jpg",2000,2000,false],"trp-custom-language-flag":["https:\/\/lemnosclocks.eu\/wp-content\/uploads\/2024\/12\/GF17_04_japanese-design-clock_WH-12x12.jpg",12,12,true],"woocommerce_thumbnail":["https:\/\/lemnosclocks.eu\/wp-content\/uploads\/2024\/12\/GF17_04_japanese-design-clock_WH-620x620.jpg",620,620,true],"woocommerce_single":["https:\/\/lemnosclocks.eu\/wp-content\/uploads\/2024\/12\/GF17_04_japanese-design-clock_WH-930x930.jpg",930,930,true],"woocommerce_gallery_thumbnail":["https:\/\/lemnosclocks.eu\/wp-content\/uploads\/2024\/12\/GF17_04_japanese-design-clock_WH-250x250.jpg",250,250,true]},"uagb_author_info":{"display_name":"mariko","author_link":"https:\/\/lemnosclocks.eu\/de\/author\/"},"uagb_comment_info":0,"uagb_excerpt":"Lemnos Cuckoo Clock Bockoo made by designer Fumiaki Goto \/A Cuckoo Clock from Japan\/It comes with Battery and Light Sensor\/ Cuckoo Clock Modern Design","_links":{"self":[{"href":"https:\/\/lemnosclocks.eu\/de\/wp-json\/wp\/v2\/product\/1079","targetHints":{"allow":["GET"]}}],"collection":[{"href":"https:\/\/lemnosclocks.eu\/de\/wp-json\/wp\/v2\/product"}],"about":[{"href":"https:\/\/lemnosclocks.eu\/de\/wp-json\/wp\/v2\/types\/product"}],"replies":[{"embeddable":true,"href":"https:\/\/lemnosclocks.eu\/de\/wp-json\/wp\/v2\/comments?post=1079"}],"wp:featuredmedia":[{"embeddable":true,"href":"https:\/\/lemnosclocks.eu\/de\/wp-json\/wp\/v2\/media\/1082"}],"wp:attachment":[{"href":"https:\/\/lemnosclocks.eu\/de\/wp-json\/wp\/v2\/media?parent=1079"}],"wp:term":[{"taxonomy":"product_brand","embeddable":true,"href":"https:\/\/lemnosclocks.eu\/de\/wp-json\/wp\/v2\/product_brand?post=1079"},{"taxonomy":"product_cat","embeddable":true,"href":"https:\/\/lemnosclocks.eu\/de\/wp-json\/wp\/v2\/product_cat?post=1079"},{"taxonomy":"product_tag","embeddable":true,"href":"https:\/\/lemnosclocks.eu\/de\/wp-json\/wp\/v2\/product_tag?post=1079"}],"curies":[{"name":"wp","href":"https:\/\/api.w.org\/{rel}","templated":true}]}}