{"id":1074,"date":"2024-12-10T13:03:13","date_gmt":"2024-12-10T13:03:13","guid":{"rendered":"https:\/\/lemnosclocks.eu\/?post_type=product&#038;p=1074"},"modified":"2025-12-13T10:41:56","modified_gmt":"2025-12-13T09:41:56","slug":"lemnos-wanduhr-malerisch","status":"publish","type":"product","link":"https:\/\/lemnosclocks.eu\/de\/product\/lemnos-wall-clock-quaint\/","title":{"rendered":"Lemnos Wanduhr Quaint"},"content":{"rendered":"<div id=\"products_detail_head_text\">\n<p>Quaint ist eine Wanduhr, die durch das Ziffernblatt einer alten Turmuhr inspiriert wurde. Das Messing des Ziffernblatts und der \u00e4u\u00dferen Peripherie der Uhr wird durch Polieren freigelegt.<br \/>\nD\u00fcnne Gravuren auf dem Ziffernblatt bilden ein Zifferblatt auf der farbigen Oberfl\u00e4che und legen das darunter liegende Messing frei.<\/p>\n<p>Quaint-Uhren betonen die nat\u00fcrlichen Qualit\u00e4ten ihrer Materialien, indem sie den attraktiven Kontrast zwischen dem Messing und der farbigen Oberfl\u00e4che nutzen, um die Sichtbarkeit des Ziffernblatts zu verbessern. Die unverwechselbare Textur wird durch ein Messinggussverfahren erreicht, das traditionelle F\u00e4rbetechniken aus Takaoka, Toyama, verwendet. Die reichhaltige Textur soll W\u00e4nden mit starker Materialbeschaffenheit, wie Sichtbeton oder Ziegel, standhalten.<\/p>\n<\/div>","protected":false},"excerpt":{"rendered":"<p><span class=\"HwtZe\" lang=\"en\"><span class=\"jCAhz ChMk0b\"><span class=\"ryNqvb\">Lemnos Wanduhr Quaint designed by Shin Azumi - eine Designer-Wanduhr ohne Tickger\u00e4usche, Handwerkskunst aus Japan \/ Eine moderne Wanduhr mit geschwungener Sekunde\/ bereichert jeden Wohnraum\/ die Uhr ist in den Farben schwarz, silber und gr\u00fcn erh\u00e4ltlich<\/span><\/span><\/span><\/p>\n<p>\"\u00dcber Messingf\u00e4rbung\"<br \/>\nDie traditionelle F\u00e4rbetechnik von \"Takaoka Douki (Kupfer)\", genannt \"Nuka yaki shudo-shoku\", wurde auf jede Uhr angewendet. Die schwarze, satinierte Farbe mit einem gesprenkelten Muster wird durch Schw\u00e4rzen hergestellt, nachdem das Muster mit einer Chemikalie herausgezogen und erhitzt wurde. Die silberne Oberfl\u00e4che mit dem gesprenkelten Muster wird durch eine reine Versilberung erreicht. Die gasbronzene Farbe mit gesprenkeltem Muster entsteht durch gr\u00fcnen Rost, der sich bildet, wenn das Zifferblatt Ammoniakgas ausgesetzt wird.<\/p>","protected":false},"featured_media":1069,"comment_status":"closed","ping_status":"closed","template":"","meta":{"_uag_custom_page_level_css":"","site-sidebar-layout":"default","site-content-layout":"","ast-site-content-layout":"default","site-content-style":"default","site-sidebar-style":"default","ast-global-header-display":"","ast-banner-title-visibility":"","ast-main-header-display":"","ast-hfb-above-header-display":"","ast-hfb-below-header-display":"","ast-hfb-mobile-header-display":"","site-post-title":"","ast-breadcrumbs-content":"","ast-featured-img":"","footer-sml-layout":"","ast-disable-related-posts":"","theme-transparent-header-meta":"default","adv-header-id-meta":"","stick-header-meta":"","header-above-stick-meta":"","header-main-stick-meta":"","header-below-stick-meta":"","astra-migrate-meta-layouts":"set","ast-page-background-enabled":"default","ast-page-background-meta":{"desktop":{"background-color":"var(--ast-global-color-4)","background-image":"","background-repeat":"repeat","background-position":"center center","background-size":"auto","background-attachment":"scroll","background-type":"","background-media":"","overlay-type":"","overlay-color":"","overlay-opacity":"","overlay-gradient":""},"tablet":{"background-color":"","background-image":"","background-repeat":"repeat","background-position":"center center","background-size":"auto","background-attachment":"scroll","background-type":"","background-media":"","overlay-type":"","overlay-color":"","overlay-opacity":"","overlay-gradient":""},"mobile":{"background-color":"","background-image":"","background-repeat":"repeat","background-position":"center center","background-size":"auto","background-attachment":"scroll","background-type":"","background-media":"","overlay-type":"","overlay-color":"","overlay-opacity":"","overlay-gradient":""}},"ast-content-background-meta":{"desktop":{"background-color":"var(--ast-global-color-5)","background-image":"","background-repeat":"repeat","background-position":"center center","background-size":"auto","background-attachment":"scroll","background-type":"","background-media":"","overlay-type":"","overlay-color":"","overlay-opacity":"","overlay-gradient":""},"tablet":{"background-color":"var(--ast-global-color-5)","background-image":"","background-repeat":"repeat","background-position":"center center","background-size":"auto","background-attachment":"scroll","background-type":"","background-media":"","overlay-type":"","overlay-color":"","overlay-opacity":"","overlay-gradient":""},"mobile":{"background-color":"var(--ast-global-color-5)","background-image":"","background-repeat":"repeat","background-position":"center center","background-size":"auto","background-attachment":"scroll","background-type":"","background-media":"","overlay-type":"","overlay-color":"","overlay-opacity":"","overlay-gradient":""}}},"product_brand":[],"product_cat":[84],"product_tag":[],"class_list":{"0":"post-1074","1":"product","2":"type-product","3":"status-publish","4":"has-post-thumbnail","6":"product_cat-wall-clock","7":"desktop-align-center","8":"tablet-align-left","9":"mobile-align-left","10":"ast-product-gallery-layout-horizontal-slider","11":"ast-product-single-variable","12":"ast-product-tabs-layout-horizontal","13":"ast-qv-on-image","15":"first","16":"instock","17":"taxable","18":"shipping-taxable","19":"purchasable","20":"product-type-variable","21":"has-default-attributes"},"yoast_head":"<!-- This site is optimized with the Yoast SEO plugin v27.4 - https:\/\/yoast.com\/product\/yoast-seo-wordpress\/ -->\n<title>Lemnos Wall Clock Quaint | Japanese Design Clock | Lemnos Clocks<\/title>\n<meta name=\"description\" content=\"Quaint is a wall clock which was inspired by the clock face of an old clock tower. The brass of the clock\u2019s dial and outer periphery are exposed by polishing.\" \/>\n<meta name=\"robots\" content=\"index, follow, max-snippet:-1, max-image-preview:large, max-video-preview:-1\" \/>\n<link rel=\"canonical\" href=\"https:\/\/lemnosclocks.eu\/de\/produkt\/lemnos-wanduhr-malerisch\/\" \/>\n<meta property=\"og:locale\" content=\"de_DE\" \/>\n<meta property=\"og:type\" content=\"article\" \/>\n<meta property=\"og:title\" content=\"Lemnos Wall Clock Quaint | Japanese Design Clock | Lemnos Clocks\" \/>\n<meta property=\"og:description\" content=\"Quaint is a wall clock which was inspired by the clock face of an old clock tower. The brass of the clock\u2019s dial and outer periphery are exposed by polishing.\" \/>\n<meta property=\"og:url\" content=\"https:\/\/lemnosclocks.eu\/de\/produkt\/lemnos-wanduhr-malerisch\/\" \/>\n<meta property=\"og:site_name\" content=\"Lemnos Clocks\" \/>\n<meta property=\"article:modified_time\" content=\"2025-12-13T09:41:56+00:00\" \/>\n<meta property=\"og:image\" content=\"https:\/\/lemnosclocks.eu\/wp-content\/uploads\/2024\/12\/AZ15_06_japanese-design-clock_GN-1200x1200.jpg\" \/>\n\t<meta property=\"og:image:width\" content=\"1200\" \/>\n\t<meta property=\"og:image:height\" content=\"1200\" \/>\n\t<meta property=\"og:image:type\" content=\"image\/jpeg\" \/>\n<meta name=\"twitter:card\" content=\"summary_large_image\" \/>\n<!-- \/ Yoast SEO plugin. -->","yoast_head_json":{"title":"Lemnos Wanduhr Urig | Japanisches Design Uhr | Lemnos Uhren","description":"Quaint ist eine Wanduhr, die durch das Ziffernblatt einer alten Turmuhr inspiriert wurde. Das Messing des Ziffernblatts und der \u00e4u\u00dferen Peripherie der Uhr wird durch Polieren freigelegt.","robots":{"index":"index","follow":"follow","max-snippet":"max-snippet:-1","max-image-preview":"max-image-preview:large","max-video-preview":"max-video-preview:-1"},"canonical":"https:\/\/lemnosclocks.eu\/de\/produkt\/lemnos-wanduhr-malerisch\/","og_locale":"de_DE","og_type":"article","og_title":"Lemnos Wall Clock Quaint | Japanese Design Clock | Lemnos Clocks","og_description":"Quaint is a wall clock which was inspired by the clock face of an old clock tower. The brass of the clock\u2019s dial and outer periphery are exposed by polishing.","og_url":"https:\/\/lemnosclocks.eu\/de\/produkt\/lemnos-wanduhr-malerisch\/","og_site_name":"Lemnos Clocks","article_modified_time":"2025-12-13T09:41:56+00:00","og_image":[{"width":1200,"height":1200,"url":"https:\/\/lemnosclocks.eu\/wp-content\/uploads\/2024\/12\/AZ15_06_japanese-design-clock_GN-1200x1200.jpg","type":"image\/jpeg"}],"twitter_card":"summary_large_image","schema":{"@context":"https:\/\/schema.org","@graph":[{"@type":"WebPage","@id":"https:\/\/lemnosclocks.eu\/product\/lemnos-wall-clock-quaint\/","url":"https:\/\/lemnosclocks.eu\/product\/lemnos-wall-clock-quaint\/","name":"Lemnos Wanduhr Urig | Japanisches Design Uhr | Lemnos Uhren","isPartOf":{"@id":"https:\/\/lemnosclocks.eu\/#website"},"primaryImageOfPage":{"@id":"https:\/\/lemnosclocks.eu\/product\/lemnos-wall-clock-quaint\/#primaryimage"},"image":{"@id":"https:\/\/lemnosclocks.eu\/product\/lemnos-wall-clock-quaint\/#primaryimage"},"thumbnailUrl":"https:\/\/lemnosclocks.eu\/wp-content\/uploads\/2024\/12\/AZ15_06_japanese-design-clock_GN.jpg","datePublished":"2024-12-10T13:03:13+00:00","dateModified":"2025-12-13T09:41:56+00:00","description":"Quaint ist eine Wanduhr, die durch das Ziffernblatt einer alten Turmuhr inspiriert wurde. Das Messing des Ziffernblatts und der \u00e4u\u00dferen Peripherie der Uhr wird durch Polieren freigelegt.","breadcrumb":{"@id":"https:\/\/lemnosclocks.eu\/product\/lemnos-wall-clock-quaint\/#breadcrumb"},"inLanguage":"de","potentialAction":[{"@type":"ReadAction","target":["https:\/\/lemnosclocks.eu\/product\/lemnos-wall-clock-quaint\/"]}]},{"@type":"ImageObject","inLanguage":"de","@id":"https:\/\/lemnosclocks.eu\/product\/lemnos-wall-clock-quaint\/#primaryimage","url":"https:\/\/lemnosclocks.eu\/wp-content\/uploads\/2024\/12\/AZ15_06_japanese-design-clock_GN.jpg","contentUrl":"https:\/\/lemnosclocks.eu\/wp-content\/uploads\/2024\/12\/AZ15_06_japanese-design-clock_GN.jpg","width":2000,"height":2000,"caption":"Lemnos Japanese Design wall clock Quaint AZ15-06"},{"@type":"BreadcrumbList","@id":"https:\/\/lemnosclocks.eu\/product\/lemnos-wall-clock-quaint\/#breadcrumb","itemListElement":[{"@type":"ListItem","position":1,"name":"Startseite","item":"https:\/\/lemnosclocks.eu\/en\/"},{"@type":"ListItem","position":2,"name":"Shop","item":"https:\/\/lemnosclocks.eu\/shop\/"},{"@type":"ListItem","position":3,"name":"Lemnos Wall Clock Quaint"}]},{"@type":"WebSite","@id":"https:\/\/lemnosclocks.eu\/#website","url":"https:\/\/lemnosclocks.eu\/","name":"Lemnos-Uhren","description":"Handgefertigte Design-Uhren aus Japan","publisher":{"@id":"https:\/\/lemnosclocks.eu\/#organization"},"alternateName":"Lemnos","potentialAction":[{"@type":"SearchAction","target":{"@type":"EntryPoint","urlTemplate":"https:\/\/lemnosclocks.eu\/?s={search_term_string}"},"query-input":{"@type":"PropertyValueSpecification","valueRequired":true,"valueName":"search_term_string"}}],"inLanguage":"de"},{"@type":"Organization","@id":"https:\/\/lemnosclocks.eu\/#organization","name":"Lemnos-Uhren","url":"https:\/\/lemnosclocks.eu\/","logo":{"@type":"ImageObject","inLanguage":"de","@id":"https:\/\/lemnosclocks.eu\/#\/schema\/logo\/image\/","url":"https:\/\/lemnosclocks.eu\/wp-content\/uploads\/2024\/09\/logo_160x28.png","contentUrl":"https:\/\/lemnosclocks.eu\/wp-content\/uploads\/2024\/09\/logo_160x28.png","width":160,"height":28,"caption":"Lemnos Clocks"},"image":{"@id":"https:\/\/lemnosclocks.eu\/#\/schema\/logo\/image\/"}}]}},"uagb_featured_image_src":{"full":["https:\/\/lemnosclocks.eu\/wp-content\/uploads\/2024\/12\/AZ15_06_japanese-design-clock_GN.jpg",2000,2000,false],"thumbnail":["https:\/\/lemnosclocks.eu\/wp-content\/uploads\/2024\/12\/AZ15_06_japanese-design-clock_GN-150x150.jpg",150,150,true],"medium":["https:\/\/lemnosclocks.eu\/wp-content\/uploads\/2024\/12\/AZ15_06_japanese-design-clock_GN-800x800.jpg",800,800,true],"medium_large":["https:\/\/lemnosclocks.eu\/wp-content\/uploads\/2024\/12\/AZ15_06_japanese-design-clock_GN-768x768.jpg",768,768,true],"large":["https:\/\/lemnosclocks.eu\/wp-content\/uploads\/2024\/12\/AZ15_06_japanese-design-clock_GN-1200x1200.jpg",1200,1200,true],"1536x1536":["https:\/\/lemnosclocks.eu\/wp-content\/uploads\/2024\/12\/AZ15_06_japanese-design-clock_GN-1536x1536.jpg",1536,1536,true],"2048x2048":["https:\/\/lemnosclocks.eu\/wp-content\/uploads\/2024\/12\/AZ15_06_japanese-design-clock_GN.jpg",2000,2000,false],"trp-custom-language-flag":["https:\/\/lemnosclocks.eu\/wp-content\/uploads\/2024\/12\/AZ15_06_japanese-design-clock_GN-12x12.jpg",12,12,true],"woocommerce_thumbnail":["https:\/\/lemnosclocks.eu\/wp-content\/uploads\/2024\/12\/AZ15_06_japanese-design-clock_GN-620x620.jpg",620,620,true],"woocommerce_single":["https:\/\/lemnosclocks.eu\/wp-content\/uploads\/2024\/12\/AZ15_06_japanese-design-clock_GN-930x930.jpg",930,930,true],"woocommerce_gallery_thumbnail":["https:\/\/lemnosclocks.eu\/wp-content\/uploads\/2024\/12\/AZ15_06_japanese-design-clock_GN-250x250.jpg",250,250,true]},"uagb_author_info":{"display_name":"mariko","author_link":"https:\/\/lemnosclocks.eu\/de\/author\/"},"uagb_comment_info":0,"uagb_excerpt":"Lemnos wall clock Quaint designed by Shin Azumi - a Designer wall clock without ticking noises, craftsmanship from Japan \/ A Modern wall clock with sweeping second\/ enriching every living space\/ the Clock is available in the colors black, silver and\u00a0 green \"About brass coloring \" The traditional coloring technique of \u201cTakaoka Douki (copper)\u201d, named&hellip;","_links":{"self":[{"href":"https:\/\/lemnosclocks.eu\/de\/wp-json\/wp\/v2\/product\/1074","targetHints":{"allow":["GET"]}}],"collection":[{"href":"https:\/\/lemnosclocks.eu\/de\/wp-json\/wp\/v2\/product"}],"about":[{"href":"https:\/\/lemnosclocks.eu\/de\/wp-json\/wp\/v2\/types\/product"}],"replies":[{"embeddable":true,"href":"https:\/\/lemnosclocks.eu\/de\/wp-json\/wp\/v2\/comments?post=1074"}],"wp:featuredmedia":[{"embeddable":true,"href":"https:\/\/lemnosclocks.eu\/de\/wp-json\/wp\/v2\/media\/1069"}],"wp:attachment":[{"href":"https:\/\/lemnosclocks.eu\/de\/wp-json\/wp\/v2\/media?parent=1074"}],"wp:term":[{"taxonomy":"product_brand","embeddable":true,"href":"https:\/\/lemnosclocks.eu\/de\/wp-json\/wp\/v2\/product_brand?post=1074"},{"taxonomy":"product_cat","embeddable":true,"href":"https:\/\/lemnosclocks.eu\/de\/wp-json\/wp\/v2\/product_cat?post=1074"},{"taxonomy":"product_tag","embeddable":true,"href":"https:\/\/lemnosclocks.eu\/de\/wp-json\/wp\/v2\/product_tag?post=1074"}],"curies":[{"name":"wp","href":"https:\/\/api.w.org\/{rel}","templated":true}]}}