{"id":1061,"date":"2024-12-10T08:34:33","date_gmt":"2024-12-10T08:34:33","guid":{"rendered":"https:\/\/lemnosclocks.eu\/?post_type=product&#038;p=1061"},"modified":"2026-04-05T14:46:03","modified_gmt":"2026-04-05T12:46:03","slug":"lemnos-wecker-farbe","status":"publish","type":"product","link":"https:\/\/lemnosclocks.eu\/de\/product\/lemnos-alarm-clock-farbe\/","title":{"rendered":"Lemnos Wecker Farbe"},"content":{"rendered":"<ul>\n<li class=\"a-spacing-mini\"><span class=\"a-list-item\">Analoger Reisewecker - Dieser kompakte Retro-Wecker kann leicht mitgenommen werden, wenn Sie auf Reisen sind oder einfach in Ihrem Schlafzimmer zu Hause platziert werden. Die erforderliche Batterie ist im Lieferumfang dieses stillen Weckers enthalten. <\/span><\/li>\n<li class=\"a-spacing-mini\"><span class=\"a-list-item\"> Design - Dieser Miniwecker besticht durch sein geradliniges Holzdesign. Der Analogwecker ist in 3 (blau, rot und gelb) verschiedenen Farben erh\u00e4ltlich - schlichte Eleganz trifft auf Funktionalit\u00e4t. <\/span><\/li>\n<li class=\"a-spacing-mini\"><span class=\"a-list-item\"> Qualit\u00e4t aus Japan - Sie erhalten einen fast lautlosen Wecker vom japanischen Weltmarktf\u00fchrer f\u00fcr Gro\u00dfuhren - Lemnos. In langj\u00e4hriger Zusammenarbeit mit renommierten Designern werden hochwertige Uhren kreiert. <\/span><\/li>\n<li class=\"a-spacing-mini\"><span class=\"a-list-item\"> Daten - Der Batteriewecker ist aus hochwertigem Holz und Glas gefertigt und ist 7 cm hoch, 7 cm breit und 4,1 cm tief. Die kleinen Wecker von Lemnos haben keine Licht- und Snooze-Funktion. Wenn Sie diese Funktion w\u00fcnschen, empfehlen wir die Lemnos Riki Weckerserie. <\/span><\/li>\n<li class=\"a-spacing-mini\"><span class=\"a-list-item\"> Vision Porter - Wir sind der exklusive Importeur und Vertriebspartner aus M\u00fcnchen f\u00fcr den Uhrenhersteller Lemnos aus Takaoka. Wir sind \u00fcberzeugt von der Kombination aus schlichter Eleganz und Qualit\u00e4t der Lemnos-Uhren. <\/span><\/li>\n<\/ul>","protected":false},"excerpt":{"rendered":"<p>\"farbe\" ist ein Wecker mit einer f\u00fcr den Benutzer sanften Form, mit abgeschr\u00e4gten Kanten wie bei einem Bauklotz. Die gut sichtbare Ziffernschrift und die einfachen Anzeigen machen das Ablesen der Uhrzeit leicht. Die Uhr ist so gestaltet, dass der gelbe Sekundenzeiger und der rote Alarmzeiger hervorgehoben werden.<\/p>","protected":false},"featured_media":1056,"comment_status":"closed","ping_status":"closed","template":"","meta":{"_uag_custom_page_level_css":"","site-sidebar-layout":"default","site-content-layout":"","ast-site-content-layout":"default","site-content-style":"default","site-sidebar-style":"default","ast-global-header-display":"","ast-banner-title-visibility":"","ast-main-header-display":"","ast-hfb-above-header-display":"","ast-hfb-below-header-display":"","ast-hfb-mobile-header-display":"","site-post-title":"","ast-breadcrumbs-content":"","ast-featured-img":"","footer-sml-layout":"","ast-disable-related-posts":"","theme-transparent-header-meta":"default","adv-header-id-meta":"","stick-header-meta":"","header-above-stick-meta":"","header-main-stick-meta":"","header-below-stick-meta":"","astra-migrate-meta-layouts":"set","ast-page-background-enabled":"default","ast-page-background-meta":{"desktop":{"background-color":"var(--ast-global-color-4)","background-image":"","background-repeat":"repeat","background-position":"center center","background-size":"auto","background-attachment":"scroll","background-type":"","background-media":"","overlay-type":"","overlay-color":"","overlay-opacity":"","overlay-gradient":""},"tablet":{"background-color":"","background-image":"","background-repeat":"repeat","background-position":"center center","background-size":"auto","background-attachment":"scroll","background-type":"","background-media":"","overlay-type":"","overlay-color":"","overlay-opacity":"","overlay-gradient":""},"mobile":{"background-color":"","background-image":"","background-repeat":"repeat","background-position":"center center","background-size":"auto","background-attachment":"scroll","background-type":"","background-media":"","overlay-type":"","overlay-color":"","overlay-opacity":"","overlay-gradient":""}},"ast-content-background-meta":{"desktop":{"background-color":"var(--ast-global-color-5)","background-image":"","background-repeat":"repeat","background-position":"center center","background-size":"auto","background-attachment":"scroll","background-type":"","background-media":"","overlay-type":"","overlay-color":"","overlay-opacity":"","overlay-gradient":""},"tablet":{"background-color":"var(--ast-global-color-5)","background-image":"","background-repeat":"repeat","background-position":"center center","background-size":"auto","background-attachment":"scroll","background-type":"","background-media":"","overlay-type":"","overlay-color":"","overlay-opacity":"","overlay-gradient":""},"mobile":{"background-color":"var(--ast-global-color-5)","background-image":"","background-repeat":"repeat","background-position":"center center","background-size":"auto","background-attachment":"scroll","background-type":"","background-media":"","overlay-type":"","overlay-color":"","overlay-opacity":"","overlay-gradient":""}}},"product_brand":[],"product_cat":[155],"product_tag":[],"class_list":{"0":"post-1061","1":"product","2":"type-product","3":"status-publish","4":"has-post-thumbnail","6":"product_cat-alarm-clock","7":"desktop-align-center","8":"tablet-align-left","9":"mobile-align-left","10":"ast-product-gallery-layout-horizontal-slider","11":"ast-product-single-variable","12":"ast-product-tabs-layout-horizontal","13":"ast-qv-on-image","15":"first","16":"instock","17":"taxable","18":"shipping-taxable","19":"purchasable","20":"product-type-variable","21":"has-default-attributes"},"yoast_head":"<!-- This site is optimized with the Yoast SEO plugin v27.4 - https:\/\/yoast.com\/product\/yoast-seo-wordpress\/ -->\n<title>Lemnos Alarm Clock Farbe | Japanese Design Clock | Lemnos Clocks<\/title>\n<meta name=\"description\" content=\"\u201cfarbe\u201d is an alarm clock with a gentle form for users, with edges that are chamfered like toy blocks. Its highly visible figure fonts and simple indicators make the time easy to read.\" \/>\n<meta name=\"robots\" content=\"index, follow, max-snippet:-1, max-image-preview:large, max-video-preview:-1\" \/>\n<link rel=\"canonical\" href=\"https:\/\/lemnosclocks.eu\/de\/produkt\/lemnos-wecker-farbe\/\" \/>\n<meta property=\"og:locale\" content=\"de_DE\" \/>\n<meta property=\"og:type\" content=\"article\" \/>\n<meta property=\"og:title\" content=\"Lemnos Alarm Clock Farbe | Japanese Design Clock | Lemnos Clocks\" \/>\n<meta property=\"og:description\" content=\"\u201cfarbe\u201d is an alarm clock with a gentle form for users, with edges that are chamfered like toy blocks. Its highly visible figure fonts and simple indicators make the time easy to read.\" \/>\n<meta property=\"og:url\" content=\"https:\/\/lemnosclocks.eu\/de\/produkt\/lemnos-wecker-farbe\/\" \/>\n<meta property=\"og:site_name\" content=\"Lemnos Clocks\" \/>\n<meta property=\"article:modified_time\" content=\"2026-04-05T12:46:03+00:00\" \/>\n<meta property=\"og:image\" content=\"https:\/\/lemnosclocks.eu\/wp-content\/uploads\/2024\/12\/PA18_02_japanese-design-clock_BL.jpg\" \/>\n\t<meta property=\"og:image:width\" content=\"2000\" \/>\n\t<meta property=\"og:image:height\" content=\"2000\" \/>\n\t<meta property=\"og:image:type\" content=\"image\/jpeg\" \/>\n<meta name=\"twitter:card\" content=\"summary_large_image\" \/>\n<!-- \/ Yoast SEO plugin. -->","yoast_head_json":{"title":"Lemnos Wecker Farbe | Japanisches Design Uhr | Lemnos Uhren","description":"\u201cfarbe\u201d ist ein Wecker mit einer sanften Form f\u00fcr den Benutzer, mit abgeschr\u00e4gten Kanten wie bei einem Bauklotz. Die gut sichtbare Ziffernschrift und die einfachen Anzeigen machen das Ablesen der Uhrzeit leicht.","robots":{"index":"index","follow":"follow","max-snippet":"max-snippet:-1","max-image-preview":"max-image-preview:large","max-video-preview":"max-video-preview:-1"},"canonical":"https:\/\/lemnosclocks.eu\/de\/produkt\/lemnos-wecker-farbe\/","og_locale":"de_DE","og_type":"article","og_title":"Lemnos Alarm Clock Farbe | Japanese Design Clock | Lemnos Clocks","og_description":"\u201cfarbe\u201d is an alarm clock with a gentle form for users, with edges that are chamfered like toy blocks. Its highly visible figure fonts and simple indicators make the time easy to read.","og_url":"https:\/\/lemnosclocks.eu\/de\/produkt\/lemnos-wecker-farbe\/","og_site_name":"Lemnos Clocks","article_modified_time":"2026-04-05T12:46:03+00:00","og_image":[{"width":2000,"height":2000,"url":"https:\/\/lemnosclocks.eu\/wp-content\/uploads\/2024\/12\/PA18_02_japanese-design-clock_BL.jpg","type":"image\/jpeg"}],"twitter_card":"summary_large_image","schema":{"@context":"https:\/\/schema.org","@graph":[{"@type":"WebPage","@id":"https:\/\/lemnosclocks.eu\/product\/lemnos-alarm-clock-farbe\/","url":"https:\/\/lemnosclocks.eu\/product\/lemnos-alarm-clock-farbe\/","name":"Lemnos Wecker Farbe | Japanisches Design Uhr | Lemnos Uhren","isPartOf":{"@id":"https:\/\/lemnosclocks.eu\/#website"},"primaryImageOfPage":{"@id":"https:\/\/lemnosclocks.eu\/product\/lemnos-alarm-clock-farbe\/#primaryimage"},"image":{"@id":"https:\/\/lemnosclocks.eu\/product\/lemnos-alarm-clock-farbe\/#primaryimage"},"thumbnailUrl":"https:\/\/lemnosclocks.eu\/wp-content\/uploads\/2024\/12\/PA18_02_japanese-design-clock_BL.jpg","datePublished":"2024-12-10T08:34:33+00:00","dateModified":"2026-04-05T12:46:03+00:00","description":"\u201cfarbe\u201d ist ein Wecker mit einer sanften Form f\u00fcr den Benutzer, mit abgeschr\u00e4gten Kanten wie bei einem Bauklotz. Die gut sichtbare Ziffernschrift und die einfachen Anzeigen machen das Ablesen der Uhrzeit leicht.","breadcrumb":{"@id":"https:\/\/lemnosclocks.eu\/product\/lemnos-alarm-clock-farbe\/#breadcrumb"},"inLanguage":"de","potentialAction":[{"@type":"ReadAction","target":["https:\/\/lemnosclocks.eu\/product\/lemnos-alarm-clock-farbe\/"]}]},{"@type":"ImageObject","inLanguage":"de","@id":"https:\/\/lemnosclocks.eu\/product\/lemnos-alarm-clock-farbe\/#primaryimage","url":"https:\/\/lemnosclocks.eu\/wp-content\/uploads\/2024\/12\/PA18_02_japanese-design-clock_BL.jpg","contentUrl":"https:\/\/lemnosclocks.eu\/wp-content\/uploads\/2024\/12\/PA18_02_japanese-design-clock_BL.jpg","width":2000,"height":2000,"caption":"Lemnos Japanese Design alarm clock Color PA18-02"},{"@type":"BreadcrumbList","@id":"https:\/\/lemnosclocks.eu\/product\/lemnos-alarm-clock-farbe\/#breadcrumb","itemListElement":[{"@type":"ListItem","position":1,"name":"Startseite","item":"https:\/\/lemnosclocks.eu\/en\/"},{"@type":"ListItem","position":2,"name":"Shop","item":"https:\/\/lemnosclocks.eu\/shop\/"},{"@type":"ListItem","position":3,"name":"Lemnos Alarm Clock Farbe"}]},{"@type":"WebSite","@id":"https:\/\/lemnosclocks.eu\/#website","url":"https:\/\/lemnosclocks.eu\/","name":"Lemnos-Uhren","description":"Handgefertigte Design-Uhren aus Japan","publisher":{"@id":"https:\/\/lemnosclocks.eu\/#organization"},"alternateName":"Lemnos","potentialAction":[{"@type":"SearchAction","target":{"@type":"EntryPoint","urlTemplate":"https:\/\/lemnosclocks.eu\/?s={search_term_string}"},"query-input":{"@type":"PropertyValueSpecification","valueRequired":true,"valueName":"search_term_string"}}],"inLanguage":"de"},{"@type":"Organization","@id":"https:\/\/lemnosclocks.eu\/#organization","name":"Lemnos-Uhren","url":"https:\/\/lemnosclocks.eu\/","logo":{"@type":"ImageObject","inLanguage":"de","@id":"https:\/\/lemnosclocks.eu\/#\/schema\/logo\/image\/","url":"https:\/\/lemnosclocks.eu\/wp-content\/uploads\/2024\/09\/logo_160x28.png","contentUrl":"https:\/\/lemnosclocks.eu\/wp-content\/uploads\/2024\/09\/logo_160x28.png","width":160,"height":28,"caption":"Lemnos Clocks"},"image":{"@id":"https:\/\/lemnosclocks.eu\/#\/schema\/logo\/image\/"}}]}},"uagb_featured_image_src":{"full":["https:\/\/lemnosclocks.eu\/wp-content\/uploads\/2024\/12\/PA18_02_japanese-design-clock_BL.jpg",2000,2000,false],"thumbnail":["https:\/\/lemnosclocks.eu\/wp-content\/uploads\/2024\/12\/PA18_02_japanese-design-clock_BL-150x150.jpg",150,150,true],"medium":["https:\/\/lemnosclocks.eu\/wp-content\/uploads\/2024\/12\/PA18_02_japanese-design-clock_BL-800x800.jpg",800,800,true],"medium_large":["https:\/\/lemnosclocks.eu\/wp-content\/uploads\/2024\/12\/PA18_02_japanese-design-clock_BL-768x768.jpg",768,768,true],"large":["https:\/\/lemnosclocks.eu\/wp-content\/uploads\/2024\/12\/PA18_02_japanese-design-clock_BL-1200x1200.jpg",1200,1200,true],"1536x1536":["https:\/\/lemnosclocks.eu\/wp-content\/uploads\/2024\/12\/PA18_02_japanese-design-clock_BL-1536x1536.jpg",1536,1536,true],"2048x2048":["https:\/\/lemnosclocks.eu\/wp-content\/uploads\/2024\/12\/PA18_02_japanese-design-clock_BL.jpg",2000,2000,false],"trp-custom-language-flag":["https:\/\/lemnosclocks.eu\/wp-content\/uploads\/2024\/12\/PA18_02_japanese-design-clock_BL-12x12.jpg",12,12,true],"woocommerce_thumbnail":["https:\/\/lemnosclocks.eu\/wp-content\/uploads\/2024\/12\/PA18_02_japanese-design-clock_BL-620x620.jpg",620,620,true],"woocommerce_single":["https:\/\/lemnosclocks.eu\/wp-content\/uploads\/2024\/12\/PA18_02_japanese-design-clock_BL-930x930.jpg",930,930,true],"woocommerce_gallery_thumbnail":["https:\/\/lemnosclocks.eu\/wp-content\/uploads\/2024\/12\/PA18_02_japanese-design-clock_BL-250x250.jpg",250,250,true]},"uagb_author_info":{"display_name":"mariko","author_link":"https:\/\/lemnosclocks.eu\/de\/author\/"},"uagb_comment_info":0,"uagb_excerpt":"\u201cfarbe\u201d is an alarm clock with a gentle form for users, with edges that are chamfered like toy blocks. Its highly visible figure fonts and simple indicators make the time easy to read. The clock is made to accent the yellow second hand and red alarm hand.","_links":{"self":[{"href":"https:\/\/lemnosclocks.eu\/de\/wp-json\/wp\/v2\/product\/1061","targetHints":{"allow":["GET"]}}],"collection":[{"href":"https:\/\/lemnosclocks.eu\/de\/wp-json\/wp\/v2\/product"}],"about":[{"href":"https:\/\/lemnosclocks.eu\/de\/wp-json\/wp\/v2\/types\/product"}],"replies":[{"embeddable":true,"href":"https:\/\/lemnosclocks.eu\/de\/wp-json\/wp\/v2\/comments?post=1061"}],"wp:featuredmedia":[{"embeddable":true,"href":"https:\/\/lemnosclocks.eu\/de\/wp-json\/wp\/v2\/media\/1056"}],"wp:attachment":[{"href":"https:\/\/lemnosclocks.eu\/de\/wp-json\/wp\/v2\/media?parent=1061"}],"wp:term":[{"taxonomy":"product_brand","embeddable":true,"href":"https:\/\/lemnosclocks.eu\/de\/wp-json\/wp\/v2\/product_brand?post=1061"},{"taxonomy":"product_cat","embeddable":true,"href":"https:\/\/lemnosclocks.eu\/de\/wp-json\/wp\/v2\/product_cat?post=1061"},{"taxonomy":"product_tag","embeddable":true,"href":"https:\/\/lemnosclocks.eu\/de\/wp-json\/wp\/v2\/product_tag?post=1061"}],"curies":[{"name":"wp","href":"https:\/\/api.w.org\/{rel}","templated":true}]}}