{"id":360,"date":"2024-10-14T10:53:31","date_gmt":"2024-10-14T10:53:31","guid":{"rendered":"https:\/\/lemnosclocks.eu\/?page_id=360"},"modified":"2024-12-05T17:03:27","modified_gmt":"2024-12-05T17:03:27","slug":"produktpflege-garantie","status":"publish","type":"page","link":"https:\/\/lemnosclocks.eu\/de\/product-care-warranty\/","title":{"rendered":"Produktpflege &amp; Garantie"},"content":{"rendered":"<div class=\"wp-block-cover alignfull is-light\"><span aria-hidden=\"true\" class=\"wp-block-cover__background has-background-dim-0 has-background-dim\"><\/span><img loading=\"lazy\" decoding=\"async\" width=\"1200\" height=\"800\" class=\"wp-block-cover__image-background wp-image-733\" alt=\"\" src=\"https:\/\/lemnosclocks.eu\/wp-content\/uploads\/2024\/11\/KM22-01_japanese-design-clock_GY_scene1-1200x800.jpg\" style=\"object-position:50% 35%\" data-object-fit=\"cover\" data-object-position=\"50% 35%\" srcset=\"https:\/\/lemnosclocks.eu\/wp-content\/uploads\/2024\/11\/KM22-01_japanese-design-clock_GY_scene1-1200x800.jpg 1200w, https:\/\/lemnosclocks.eu\/wp-content\/uploads\/2024\/11\/KM22-01_japanese-design-clock_GY_scene1-930x620.jpg 930w, https:\/\/lemnosclocks.eu\/wp-content\/uploads\/2024\/11\/KM22-01_japanese-design-clock_GY_scene1-800x533.jpg 800w, https:\/\/lemnosclocks.eu\/wp-content\/uploads\/2024\/11\/KM22-01_japanese-design-clock_GY_scene1-768x512.jpg 768w, https:\/\/lemnosclocks.eu\/wp-content\/uploads\/2024\/11\/KM22-01_japanese-design-clock_GY_scene1-1536x1024.jpg 1536w, https:\/\/lemnosclocks.eu\/wp-content\/uploads\/2024\/11\/KM22-01_japanese-design-clock_GY_scene1-18x12.jpg 18w, https:\/\/lemnosclocks.eu\/wp-content\/uploads\/2024\/11\/KM22-01_japanese-design-clock_GY_scene1.jpg 2000w\" sizes=\"auto, (max-width: 1200px) 100vw, 1200px\" \/><div class=\"wp-block-cover__inner-container is-layout-flow wp-block-cover-is-layout-flow\">\n<p class=\"has-text-align-center has-large-font-size\"><\/p>\n<\/div><\/div>\n\n\n\n<div style=\"height:2em\" aria-hidden=\"true\" class=\"wp-block-spacer\"><\/div>\n\n\n\n<div class=\"wp-block-group is-layout-constrained wp-container-core-group-is-layout-ed92f1a2 wp-block-group-is-layout-constrained\">\n<h1 class=\"wp-block-heading\"><strong>Produktpflege &amp; Garantie<\/strong><\/h1>\n\n\n\n<p>Bitte lesen Sie die Anleitung sorgf\u00e4ltig durch, bevor Sie Ihre Lemnos-Uhr benutzen. Legen Sie Ihre Uhr am besten an einen trockenen, vibrationsfreien Ort. Orte mit hoher Luftfeuchtigkeit oder hohen Temperaturen (&gt; 50 Grad Celsius) sind ungeeignet. Auch starker Magnetismus kann die Funktionst\u00fcchtigkeit beeintr\u00e4chtigen.<\/p>\n\n\n\n<p>Pflege Ihrer Lemnos-Uhr: Bitte verwenden Sie zur Reinigung nur ein trockenes Tuch ohne Reinigungs- oder L\u00f6sungsmittel.<\/p>\n\n\n\n<div class=\"wp-block-columns is-layout-flex wp-container-core-columns-is-layout-b89c29fa wp-block-columns-is-layout-flex\" style=\"padding-top:0;padding-right:0;padding-bottom:var(--wp--preset--spacing--60);padding-left:0\">\n<div class=\"wp-block-column is-layout-flow wp-block-column-is-layout-flow\" style=\"flex-basis:25%\">\n<h3 class=\"wp-block-heading\"><strong>Batterie<\/strong><\/h3>\n<\/div>\n\n\n\n<div class=\"wp-block-column is-layout-flow wp-block-column-is-layout-flow\">\n<p>Die mit Ihrer Lemnos-Uhr gelieferte Batterie hat normalerweise eine Lebenserwartung von \u00fcber 1 Jahr. F\u00fcr eine einwandfreie Funktion empfehlen wir jedoch, die Batterie jedes Jahr zu wechseln.<\/p>\n<\/div>\n<\/div>\n\n\n\n<div class=\"wp-block-columns is-layout-flex wp-container-core-columns-is-layout-b89c29fa wp-block-columns-is-layout-flex\" style=\"padding-top:0;padding-right:0;padding-bottom:var(--wp--preset--spacing--60);padding-left:0\">\n<div class=\"wp-block-column is-layout-flow wp-block-column-is-layout-flow\" style=\"flex-basis:25%\">\n<h3 class=\"wp-block-heading\"><strong>Standard-Bewegung<\/strong><\/h3>\n<\/div>\n\n\n\n<div class=\"wp-block-column is-layout-flow wp-block-column-is-layout-flow\">\n<p>Legen Sie die Batterie ein oder entfernen Sie das Sicherheitskissen, um Batterie und Uhrwerk zu verbinden. Einstellen der Zeit: Drehen Sie das Handrad in die angegebene Richtung.<\/p>\n<\/div>\n<\/div>\n\n\n\n<div class=\"wp-block-columns is-layout-flex wp-container-core-columns-is-layout-b89c29fa wp-block-columns-is-layout-flex\" style=\"padding-top:0;padding-right:0;padding-bottom:var(--wp--preset--spacing--60);padding-left:0\">\n<div class=\"wp-block-column is-layout-flow wp-block-column-is-layout-flow\" style=\"flex-basis:25%\">\n<h3 class=\"wp-block-heading\"><strong>Wecker<\/strong><\/h3>\n<\/div>\n\n\n\n<div class=\"wp-block-column is-layout-flow wp-block-column-is-layout-flow\">\n<p>Legen Sie die Batterie ein oder entfernen Sie das Sicherheitspad. Stellen Sie die Uhrzeit ein. Einstellen des Weckers: Dr\u00fccken und Drehen des Weckers auf die gew\u00fcnschte Weckzeit; Weckerknopf in die Position \"on\" stellen.<\/p>\n<\/div>\n<\/div>\n\n\n\n<div class=\"wp-block-columns is-layout-flex wp-container-core-columns-is-layout-b89c29fa wp-block-columns-is-layout-flex\" style=\"padding-top:0;padding-right:0;padding-bottom:var(--wp--preset--spacing--60);padding-left:0\">\n<div class=\"wp-block-column is-layout-flow wp-block-column-is-layout-flow\" style=\"flex-basis:25%\">\n<h3 class=\"wp-block-heading\"><strong>Lemnos Europe Garantie<\/strong><\/h3>\n<\/div>\n\n\n\n<div class=\"wp-block-column is-layout-flow wp-block-column-is-layout-flow\">\n<p>Lemnos gew\u00e4hrt eine Garantie nach europ\u00e4ischem Recht. Das Kaufdatum muss durch einen Kaufbeleg nachgewiesen werden. Jeder offensichtliche Fall von Besch\u00e4digung oder Missbrauch ist von der Garantie ausgenommen. Batterien sind von der Garantie ausgenommen. Bei R\u00fcckfragen wenden Sie sich bitte an Ihren H\u00e4ndler.<\/p>\n\n\n\n<p>Gem\u00e4\u00df den WEEE-Vorschriften d\u00fcrfen elektronische Produkte und Batterien nicht im Hausm\u00fcll entsorgt werden, sondern m\u00fcssen einem Recyclingprozess zugef\u00fchrt werden.<\/p>\n<\/div>\n<\/div>\n\n\n\n<hr class=\"wp-block-separator has-alpha-channel-opacity is-style-wide\"\/>\n\n\n\n<h2 class=\"wp-block-heading\"><strong>Handb\u00fccher<\/strong><\/h2>\n\n\n\n<p>Standard-Uhr Gebrauchsanweisung<\/p>\n\n\n\n<div class=\"wp-block-buttons is-layout-flex wp-block-buttons-is-layout-flex\">\n<div class=\"wp-block-button is-style-fill\"><a class=\"wp-block-button__link wp-element-button\" href=\"https:\/\/lemnosclocks.eu\/wp-content\/uploads\/2024\/12\/standard_clock_manual_64059.pdf\">Gebrauchsanweisung (pdf)<\/a><\/div>\n<\/div>\n\n\n\n<div style=\"height:1em\" aria-hidden=\"true\" class=\"wp-block-spacer\"><\/div>\n\n\n\n<p>Wecker manuell-A\uff08Schritt-Sekunde\uff09<\/p>\n\n\n\n<div class=\"wp-block-buttons is-layout-flex wp-block-buttons-is-layout-flex\">\n<div class=\"wp-block-button is-style-fill\"><a class=\"wp-block-button__link wp-element-button\" href=\"https:\/\/lemnosclocks.eu\/wp-content\/uploads\/2024\/12\/alarm_clock_manual_64061.pdf\">Gebrauchsanweisung (pdf)<\/a><\/div>\n<\/div>\n\n\n\n<div style=\"height:1em\" aria-hidden=\"true\" class=\"wp-block-spacer\"><\/div>\n\n\n\n<p>Wecker manuell-B\uff08Wechsel-Sekunde\uff09<\/p>\n\n\n\n<div class=\"wp-block-buttons is-layout-flex wp-block-buttons-is-layout-flex\">\n<div class=\"wp-block-button is-style-fill\"><a class=\"wp-block-button__link wp-element-button\" href=\"https:\/\/lemnosclocks.eu\/wp-content\/uploads\/2024\/12\/alarm_clock_manual_640078.pdf\">Gebrauchsanweisung (pdf)<\/a><\/div>\n<\/div>\n\n\n\n<div style=\"height:1em\" aria-hidden=\"true\" class=\"wp-block-spacer\"><\/div>\n\n\n\n<p>Kuckucksuhr Gebrauchsanweisung<\/p>\n\n\n\n<div class=\"wp-block-buttons is-layout-flex wp-block-buttons-is-layout-flex\">\n<div class=\"wp-block-button is-style-fill\"><a class=\"wp-block-button__link wp-element-button\" href=\"https:\/\/lemnosclocks.eu\/wp-content\/uploads\/2024\/12\/cuckoo_clock_manual_640144-2.pdf\">Gebrauchsanweisung (pdf)<\/a><\/div>\n<\/div>\n<\/div>\n\n\n\n<div style=\"height:8em\" aria-hidden=\"true\" class=\"wp-block-spacer\"><\/div>","protected":false},"excerpt":{"rendered":"<p>Product Care &amp; Warranty Please read the instructions carefully before using your Lemnos watch. It is best to place your [&hellip;]<\/p>\n","protected":false},"author":1,"featured_media":0,"parent":0,"menu_order":7,"comment_status":"closed","ping_status":"closed","template":"","meta":{"_uag_custom_page_level_css":"","site-sidebar-layout":"default","site-content-layout":"","ast-site-content-layout":"default","site-content-style":"default","site-sidebar-style":"default","ast-global-header-display":"","ast-banner-title-visibility":"","ast-main-header-display":"","ast-hfb-above-header-display":"","ast-hfb-below-header-display":"","ast-hfb-mobile-header-display":"","site-post-title":"disabled","ast-breadcrumbs-content":"","ast-featured-img":"","footer-sml-layout":"","ast-disable-related-posts":"","theme-transparent-header-meta":"","adv-header-id-meta":"","stick-header-meta":"","header-above-stick-meta":"","header-main-stick-meta":"","header-below-stick-meta":"","astra-migrate-meta-layouts":"default","ast-page-background-enabled":"default","ast-page-background-meta":{"desktop":{"background-color":"var(--ast-global-color-4)","background-image":"","background-repeat":"repeat","background-position":"center center","background-size":"auto","background-attachment":"scroll","background-type":"","background-media":"","overlay-type":"","overlay-color":"","overlay-opacity":"","overlay-gradient":""},"tablet":{"background-color":"","background-image":"","background-repeat":"repeat","background-position":"center center","background-size":"auto","background-attachment":"scroll","background-type":"","background-media":"","overlay-type":"","overlay-color":"","overlay-opacity":"","overlay-gradient":""},"mobile":{"background-color":"","background-image":"","background-repeat":"repeat","background-position":"center center","background-size":"auto","background-attachment":"scroll","background-type":"","background-media":"","overlay-type":"","overlay-color":"","overlay-opacity":"","overlay-gradient":""}},"ast-content-background-meta":{"desktop":{"background-color":"var(--ast-global-color-5)","background-image":"","background-repeat":"repeat","background-position":"center center","background-size":"auto","background-attachment":"scroll","background-type":"","background-media":"","overlay-type":"","overlay-color":"","overlay-opacity":"","overlay-gradient":""},"tablet":{"background-color":"var(--ast-global-color-5)","background-image":"","background-repeat":"repeat","background-position":"center center","background-size":"auto","background-attachment":"scroll","background-type":"","background-media":"","overlay-type":"","overlay-color":"","overlay-opacity":"","overlay-gradient":""},"mobile":{"background-color":"var(--ast-global-color-5)","background-image":"","background-repeat":"repeat","background-position":"center center","background-size":"auto","background-attachment":"scroll","background-type":"","background-media":"","overlay-type":"","overlay-color":"","overlay-opacity":"","overlay-gradient":""}},"footnotes":""},"class_list":["post-360","page","type-page","status-publish","hentry"],"yoast_head":"<!-- This site is optimized with the Yoast SEO plugin v27.4 - https:\/\/yoast.com\/product\/yoast-seo-wordpress\/ -->\n<title>Product Care &amp; Warranty | Lemnos Clocks<\/title>\n<meta name=\"robots\" content=\"index, follow, max-snippet:-1, max-image-preview:large, max-video-preview:-1\" \/>\n<link rel=\"canonical\" href=\"https:\/\/lemnosclocks.eu\/de\/produktpflege-garantie\/\" \/>\n<meta property=\"og:locale\" content=\"de_DE\" \/>\n<meta property=\"og:type\" content=\"article\" \/>\n<meta property=\"og:title\" content=\"Product Care &amp; Warranty | Lemnos Clocks\" \/>\n<meta property=\"og:description\" content=\"Product Care &amp; Warranty Please read the instructions carefully before using your Lemnos watch. It is best to place your [&hellip;]\" \/>\n<meta property=\"og:url\" content=\"https:\/\/lemnosclocks.eu\/de\/produktpflege-garantie\/\" \/>\n<meta property=\"og:site_name\" content=\"Lemnos Clocks\" \/>\n<meta property=\"article:modified_time\" content=\"2024-12-05T17:03:27+00:00\" \/>\n<meta property=\"og:image\" content=\"https:\/\/lemnosclocks.eu\/wp-content\/uploads\/2024\/11\/KM22-01_japanese-design-clock_GY_scene1-1200x800.jpg\" \/>\n<meta name=\"twitter:card\" content=\"summary_large_image\" \/>\n<!-- \/ Yoast SEO plugin. -->","yoast_head_json":{"title":"Produktpflege &amp; Garantie | Lemnos Clocks","robots":{"index":"index","follow":"follow","max-snippet":"max-snippet:-1","max-image-preview":"max-image-preview:large","max-video-preview":"max-video-preview:-1"},"canonical":"https:\/\/lemnosclocks.eu\/de\/produktpflege-garantie\/","og_locale":"de_DE","og_type":"article","og_title":"Product Care &amp; Warranty | Lemnos Clocks","og_description":"Product Care &amp; Warranty Please read the instructions carefully before using your Lemnos watch. It is best to place your [&hellip;]","og_url":"https:\/\/lemnosclocks.eu\/de\/produktpflege-garantie\/","og_site_name":"Lemnos Clocks","article_modified_time":"2024-12-05T17:03:27+00:00","og_image":[{"url":"https:\/\/lemnosclocks.eu\/wp-content\/uploads\/2024\/11\/KM22-01_japanese-design-clock_GY_scene1-1200x800.jpg","type":"","width":"","height":""}],"twitter_card":"summary_large_image","schema":{"@context":"https:\/\/schema.org","@graph":[{"@type":"WebPage","@id":"https:\/\/lemnosclocks.eu\/product-care-warranty\/","url":"https:\/\/lemnosclocks.eu\/product-care-warranty\/","name":"Produktpflege &amp; Garantie | Lemnos Clocks","isPartOf":{"@id":"https:\/\/lemnosclocks.eu\/#website"},"primaryImageOfPage":{"@id":"https:\/\/lemnosclocks.eu\/product-care-warranty\/#primaryimage"},"image":{"@id":"https:\/\/lemnosclocks.eu\/product-care-warranty\/#primaryimage"},"thumbnailUrl":"https:\/\/lemnosclocks.eu\/wp-content\/uploads\/2024\/11\/KM22-01_japanese-design-clock_GY_scene1-1200x800.jpg","datePublished":"2024-10-14T10:53:31+00:00","dateModified":"2024-12-05T17:03:27+00:00","breadcrumb":{"@id":"https:\/\/lemnosclocks.eu\/product-care-warranty\/#breadcrumb"},"inLanguage":"de","potentialAction":[{"@type":"ReadAction","target":["https:\/\/lemnosclocks.eu\/product-care-warranty\/"]}]},{"@type":"ImageObject","inLanguage":"de","@id":"https:\/\/lemnosclocks.eu\/product-care-warranty\/#primaryimage","url":"https:\/\/lemnosclocks.eu\/wp-content\/uploads\/2024\/11\/KM22-01_japanese-design-clock_GY_scene1-1200x800.jpg","contentUrl":"https:\/\/lemnosclocks.eu\/wp-content\/uploads\/2024\/11\/KM22-01_japanese-design-clock_GY_scene1-1200x800.jpg"},{"@type":"BreadcrumbList","@id":"https:\/\/lemnosclocks.eu\/product-care-warranty\/#breadcrumb","itemListElement":[{"@type":"ListItem","position":1,"name":"Startseite","item":"https:\/\/lemnosclocks.eu\/en\/"},{"@type":"ListItem","position":2,"name":"Product Care &amp; Warranty"}]},{"@type":"WebSite","@id":"https:\/\/lemnosclocks.eu\/#website","url":"https:\/\/lemnosclocks.eu\/","name":"Lemnos-Uhren","description":"Handgefertigte Design-Uhren aus Japan","publisher":{"@id":"https:\/\/lemnosclocks.eu\/#organization"},"alternateName":"Lemnos","potentialAction":[{"@type":"SearchAction","target":{"@type":"EntryPoint","urlTemplate":"https:\/\/lemnosclocks.eu\/?s={search_term_string}"},"query-input":{"@type":"PropertyValueSpecification","valueRequired":true,"valueName":"search_term_string"}}],"inLanguage":"de"},{"@type":"Organization","@id":"https:\/\/lemnosclocks.eu\/#organization","name":"Lemnos-Uhren","url":"https:\/\/lemnosclocks.eu\/","logo":{"@type":"ImageObject","inLanguage":"de","@id":"https:\/\/lemnosclocks.eu\/#\/schema\/logo\/image\/","url":"https:\/\/lemnosclocks.eu\/wp-content\/uploads\/2024\/09\/logo_160x28.png","contentUrl":"https:\/\/lemnosclocks.eu\/wp-content\/uploads\/2024\/09\/logo_160x28.png","width":160,"height":28,"caption":"Lemnos Clocks"},"image":{"@id":"https:\/\/lemnosclocks.eu\/#\/schema\/logo\/image\/"}}]}},"uagb_featured_image_src":{"full":false,"thumbnail":false,"medium":false,"medium_large":false,"large":false,"1536x1536":false,"2048x2048":false,"trp-custom-language-flag":false,"woocommerce_thumbnail":false,"woocommerce_single":false,"woocommerce_gallery_thumbnail":false},"uagb_author_info":{"display_name":"admin","author_link":"https:\/\/lemnosclocks.eu\/de\/author\/admin\/"},"uagb_comment_info":0,"uagb_excerpt":"Product Care &amp; Warranty Please read the instructions carefully before using your Lemnos watch. It is best to place your [&hellip;]","_links":{"self":[{"href":"https:\/\/lemnosclocks.eu\/de\/wp-json\/wp\/v2\/pages\/360","targetHints":{"allow":["GET"]}}],"collection":[{"href":"https:\/\/lemnosclocks.eu\/de\/wp-json\/wp\/v2\/pages"}],"about":[{"href":"https:\/\/lemnosclocks.eu\/de\/wp-json\/wp\/v2\/types\/page"}],"author":[{"embeddable":true,"href":"https:\/\/lemnosclocks.eu\/de\/wp-json\/wp\/v2\/users\/1"}],"replies":[{"embeddable":true,"href":"https:\/\/lemnosclocks.eu\/de\/wp-json\/wp\/v2\/comments?post=360"}],"version-history":[{"count":21,"href":"https:\/\/lemnosclocks.eu\/de\/wp-json\/wp\/v2\/pages\/360\/revisions"}],"predecessor-version":[{"id":989,"href":"https:\/\/lemnosclocks.eu\/de\/wp-json\/wp\/v2\/pages\/360\/revisions\/989"}],"wp:attachment":[{"href":"https:\/\/lemnosclocks.eu\/de\/wp-json\/wp\/v2\/media?parent=360"}],"curies":[{"name":"wp","href":"https:\/\/api.w.org\/{rel}","templated":true}]}}