{"id":358,"date":"2024-10-14T10:53:12","date_gmt":"2024-10-14T10:53:12","guid":{"rendered":"https:\/\/lemnosclocks.eu\/?page_id=358"},"modified":"2026-04-14T10:30:16","modified_gmt":"2026-04-14T08:30:16","slug":"uber-lemnos","status":"publish","type":"page","link":"https:\/\/lemnosclocks.eu\/de\/about-lemnos\/","title":{"rendered":"\u00dcber Lemnos"},"content":{"rendered":"<div class=\"wp-block-cover alignfull is-light align-flex-end\"><img loading=\"lazy\" decoding=\"async\" width=\"2500\" height=\"2499\" class=\"wp-block-cover__image-background wp-image-785\" alt=\"Lemnos Clocks - Handgefertigte Uhren aus Japan, Handwerkskunst\" src=\"https:\/\/lemnosclocks.eu\/wp-content\/uploads\/2024\/11\/lemnos-clocks_timeless-clock.webp\" style=\"object-position:50% 90%\" data-object-fit=\"cover\" data-object-position=\"50% 90%\" srcset=\"https:\/\/lemnosclocks.eu\/wp-content\/uploads\/2024\/11\/lemnos-clocks_timeless-clock.webp 2500w, https:\/\/lemnosclocks.eu\/wp-content\/uploads\/2024\/11\/lemnos-clocks_timeless-clock-620x620.webp 620w, https:\/\/lemnosclocks.eu\/wp-content\/uploads\/2024\/11\/lemnos-clocks_timeless-clock-250x250.webp 250w, https:\/\/lemnosclocks.eu\/wp-content\/uploads\/2024\/11\/lemnos-clocks_timeless-clock-930x930.webp 930w, https:\/\/lemnosclocks.eu\/wp-content\/uploads\/2024\/11\/lemnos-clocks_timeless-clock-800x800.webp 800w, https:\/\/lemnosclocks.eu\/wp-content\/uploads\/2024\/11\/lemnos-clocks_timeless-clock-1200x1200.webp 1200w, https:\/\/lemnosclocks.eu\/wp-content\/uploads\/2024\/11\/lemnos-clocks_timeless-clock-150x150.webp 150w, https:\/\/lemnosclocks.eu\/wp-content\/uploads\/2024\/11\/lemnos-clocks_timeless-clock-768x768.webp 768w, https:\/\/lemnosclocks.eu\/wp-content\/uploads\/2024\/11\/lemnos-clocks_timeless-clock-1536x1536.webp 1536w, https:\/\/lemnosclocks.eu\/wp-content\/uploads\/2024\/11\/lemnos-clocks_timeless-clock-2048x2048.webp 2048w, https:\/\/lemnosclocks.eu\/wp-content\/uploads\/2024\/11\/lemnos-clocks_timeless-clock-12x12.webp 12w\" sizes=\"auto, (max-width: 2500px) 100vw, 2500px\" \/><span aria-hidden=\"true\" class=\"wp-block-cover__background has-background-dim-0 has-background-dim\"><\/span><div class=\"wp-block-cover__inner-container is-layout-constrained wp-block-cover-is-layout-constrained\">\n<h1 class=\"wp-block-heading has-text-align-center lemnos-animate lemnos-animate-fade-in has-lemnosclocks-bg-color-color has-text-color has-link-color wp-elements-a05cdebbb16685f3761f49eb4fba7f10\" style=\"font-size:4.2rem\">\u00dcber Lemnos<\/h1>\n<\/div><\/div>\n\n\n\n<div style=\"height:4em\" aria-hidden=\"true\" class=\"wp-block-spacer\"><\/div>\n\n\n\n<h2 class=\"wp-block-heading\">Konzept<\/h2>\n\n\n\n<p>Uhren halten die Zeit ein und schaffen Raum.<\/p>\n\n\n\n<p>Wir schauen unz\u00e4hlige Male am Tag auf eine Uhr, auch unbewusst. Unser Wunsch ist es daher, dass die Uhr den Raum, in dem Sie sich befinden, bereichert, manchmal wie eine anmutige Blume oder manchmal wie ein gl\u00e4nzender Edelstein.<\/p>\n\n\n\n<p>In diesem Sinne hat Lemnos in Zusammenarbeit mit vielen namhaften Designern eine gro\u00dfe Anzahl von hochwertigen Artikeln pr\u00e4sentiert. Die Produkte von Lemnos beruhen auf den raffinierten Fertigkeiten der Handwerker, die im Umgang mit dem Material das Beste aus ihm herausholen. Das Ergebnis ist ein Design, das auch im Laufe der Zeit nie veralten wird. Unsere innovativen Entw\u00fcrfe und sorgf\u00e4ltig in Japan hergestellten Produkte haben im In- und Ausland hohe Anerkennung gefunden und eine Reihe von Preisen gewonnen, darunter den Good Design Award.<br><br>Lemnos wird auch weiterhin modernste und unverg\u00e4ngliche Sch\u00f6nheit anbieten.<\/p>\n\n\n\n<div style=\"height:64px\" aria-hidden=\"true\" class=\"wp-block-spacer\"><\/div>\n\n\n\n<div class=\"wp-block-columns alignfull lemnos-animate lemnos-animate-move-up is-layout-flex wp-container-core-columns-is-layout-a5331a9e wp-block-columns-is-layout-flex\" style=\"padding-top:0;padding-right:0;padding-bottom:0;padding-left:0\">\n<div class=\"wp-block-column is-layout-flow wp-block-column-is-layout-flow\">\n<figure class=\"wp-block-image size-large\"><img decoding=\"async\" src=\"https:\/\/lemnosclocks.eu\/wp-content\/uploads\/2024\/11\/lemnos-clocks_craftmanship-1200x800.webp\" alt=\"\"\/><\/figure>\n<\/div>\n\n\n\n<div class=\"wp-block-column is-layout-flow wp-block-column-is-layout-flow\">\n<figure class=\"wp-block-image size-large\"><img decoding=\"async\" src=\"https:\/\/lemnosclocks.eu\/wp-content\/uploads\/2024\/11\/lemnos-clocks_production-1200x800.webp\" alt=\"\"\/><\/figure>\n<\/div>\n<\/div>\n\n\n\n<div style=\"height:2em\" aria-hidden=\"true\" class=\"wp-block-spacer\"><\/div>\n\n\n\n<div class=\"wp-block-group lemnos-animate lemnos-animate-move-up is-layout-constrained wp-block-group-is-layout-constrained\">\n<h2 class=\"wp-block-heading\">Firmenprofil<\/h2>\n\n\n\n<p>TAKATA Lemnos Inc. wurde 1947 als Messinggie\u00dferei in der Stadt Takaoka, Pr\u00e4fektur Toyama, Japan, gegr\u00fcndet. Seit 1966 sind wir mit Seikosha Co. (derzeit Seiko Time Creation Inc.) seit 1966.<\/p>\n\n\n\n<p>Wir begannen mit der Entwicklung f\u00fcr die urspr\u00fcngliche Planung von Ende 1980 und \"Lemnos Brand\" anerkannt als die globale Design-Uhr durch ein Meisterwerk \"HOLA\" von Kazuo KAWASAKI, die im Jahr 1989 ver\u00f6ffentlicht.<\/p>\n\n\n\n<p>Danach haben wir viele Projekte mit bekannten Designern durchgef\u00fchrt, die in Japan und \u00dcbersee t\u00e4tig sind, wie Riki WATANABE, Kazuo KAWASAKI, Shin AZUMI, Tomoko AZUMI, Kanae TSUKAMOTO usw., und wir haben ihre feinen Arbeiten voller Kunstfertigkeit und hervorragender Designs bekannt gemacht.<\/p>\n\n\n\n<p>Die Produkte der Marke Lemnos werden heute von den Design- und Einrichtungsgesch\u00e4ften in der ganzen Welt hoch gelobt.<br><br>In den letzten Jahren haben wir auch der Entwicklung von Innenausstattungszubeh\u00f6r hohe Priorit\u00e4t einger\u00e4umt, wobei wir unsere traditionellen Techniken des Gr\u00fcndungsherstellers voll aussch\u00f6pfen, und wir konzentrieren uns stets auf die Entwicklung neuer Lemnos-Produkte f\u00fcr den neuen Markt.<br><br>Unsere Lemnos-Produkte werden sorgf\u00e4ltig von unseren Handwerkern in Japan hergestellt, die \u00fcber feinste Techniken verf\u00fcgen. Sie bringen die Attraktivit\u00e4t der Materialien optimal zur Geltung und schaffen feine Produkte, die sich nicht von Modetrends beeinflussen lassen. TAKATA Lemnos Inc.<br>m\u00f6chte auf jeden Fall innovativ sein und st\u00e4ndig vorschlagen, dass die Sch\u00f6nheit ewig w\u00e4hrt.<\/p>\n<\/div>\n\n\n\n<div class=\"wp-block-group lemnos-animate lemnos-animate-move-up is-layout-constrained wp-block-group-is-layout-constrained\">\n<div class=\"wp-block-uagb-container uagb-block-4eb3939f default uagb-is-root-container\">\n<figure class=\"wp-block-embed is-type-video is-provider-youtube wp-block-embed-youtube wp-embed-aspect-16-9 wp-has-aspect-ratio\"><div class=\"wp-block-embed__wrapper\">\n<iframe loading=\"lazy\" hcb-fetch-image-from=\"https:\/\/youtu.be\/t72QtLTbNro?si=2OymccxaEFPt-2q0\" title=\"Lemnos Qualit\u00e4t (engl. Version)\" width=\"500\" height=\"281\" src=\"https:\/\/www.youtube.com\/embed\/t72QtLTbNro?feature=oembed\" frameborder=\"0\" allow=\"accelerometer; autoplay; clipboard-write; encrypted-media; gyroscope; picture-in-picture; web-share\" referrerpolicy=\"strict-origin-when-cross-origin\" allowfullscreen><\/iframe>\n<\/div><\/figure>\n<\/div>\n<\/div>\n\n\n\n<div style=\"height:2em\" aria-hidden=\"true\" class=\"wp-block-spacer\"><\/div>\n\n\n\n<div class=\"wp-block-group alignfull has-lemnosclocks-pale-turtle-green-100-background-color has-background is-layout-constrained wp-block-group-is-layout-constrained\">\n<figure class=\"wp-block-image aligncenter size-medium lemnos-animate lemnos-animate-fade-in lemnos-animate-blur\"><img loading=\"lazy\" decoding=\"async\" width=\"800\" height=\"630\" src=\"https:\/\/lemnosclocks.eu\/wp-content\/uploads\/2024\/11\/lemnos-clocks_founder_Takata_hiroshi-800x630.webp\" alt=\"Lemnos Clocks - Handgefertigte Uhren aus Japan, Handwerkskunst\" class=\"wp-image-781\" srcset=\"https:\/\/lemnosclocks.eu\/wp-content\/uploads\/2024\/11\/lemnos-clocks_founder_Takata_hiroshi-800x630.webp 800w, https:\/\/lemnosclocks.eu\/wp-content\/uploads\/2024\/11\/lemnos-clocks_founder_Takata_hiroshi-930x732.webp 930w, https:\/\/lemnosclocks.eu\/wp-content\/uploads\/2024\/11\/lemnos-clocks_founder_Takata_hiroshi-1200x945.webp 1200w, https:\/\/lemnosclocks.eu\/wp-content\/uploads\/2024\/11\/lemnos-clocks_founder_Takata_hiroshi-768x605.webp 768w, https:\/\/lemnosclocks.eu\/wp-content\/uploads\/2024\/11\/lemnos-clocks_founder_Takata_hiroshi-1536x1209.webp 1536w, https:\/\/lemnosclocks.eu\/wp-content\/uploads\/2024\/11\/lemnos-clocks_founder_Takata_hiroshi-15x12.webp 15w, https:\/\/lemnosclocks.eu\/wp-content\/uploads\/2024\/11\/lemnos-clocks_founder_Takata_hiroshi.webp 1905w\" sizes=\"auto, (max-width: 800px) 100vw, 800px\" \/><figcaption class=\"wp-element-caption\">Begr\u00fcnder: Hiroshi Takata<\/figcaption><\/figure>\n<\/div>\n\n\n\n<div style=\"height:4em\" aria-hidden=\"true\" class=\"wp-block-spacer\"><\/div>\n\n\n\n<div class=\"wp-block-columns alignfull lemnos-animate lemnos-animate-move-up is-layout-flex wp-container-core-columns-is-layout-28f84493 wp-block-columns-is-layout-flex\">\n<div class=\"wp-block-column is-layout-flow wp-block-column-is-layout-flow\">\n<h2 class=\"wp-block-heading has-text-align-center\">Ausstellungsraum und B\u00fcro in Tokio<\/h2>\n\n\n\n<figure class=\"wp-block-image size-large\"><img decoding=\"async\" src=\"https:\/\/lemnosclocks.eu\/wp-content\/uploads\/2024\/11\/lemnos-clocks_shop_tokyo-1200x800.webp\" alt=\"\"\/><\/figure>\n\n\n\n<div class=\"wp-block-group is-layout-constrained wp-block-group-is-layout-constrained\" style=\"margin-top:0em\">\n<p class=\"has-text-align-left has-small-font-size\">Foto: Takumi Ota<\/p>\n<\/div>\n\n\n\n<p>Lemnos Inc. \/ Tokio Showroom<br>Japan, \u3012112-0012 Tokio, Bunky\u014d, Otsuka, 3 Chome\u22127\u221214 \u30b7\u30e3\u30ce\u30ef\u30fc\u30eb\u6587\u4eac \uff11F<\/p>\n<\/div>\n\n\n\n<div class=\"wp-block-column is-layout-flow wp-block-column-is-layout-flow\">\n<h2 class=\"wp-block-heading has-text-align-center\">Ausstellungsraum M\u00fcnchen (Vision Porter GmbH)<\/h2>\n\n\n\n<figure class=\"wp-block-image size-large\"><img loading=\"lazy\" decoding=\"async\" width=\"1200\" height=\"800\" src=\"https:\/\/lemnosclocks.eu\/wp-content\/uploads\/2024\/11\/lemnos-clocks_shop_munich-1200x800.webp\" alt=\"Lemnos Clocks - Handgefertigte Uhren aus Japan, Handwerkskunst\" class=\"wp-image-783\" srcset=\"https:\/\/lemnosclocks.eu\/wp-content\/uploads\/2024\/11\/lemnos-clocks_shop_munich-1200x800.webp 1200w, https:\/\/lemnosclocks.eu\/wp-content\/uploads\/2024\/11\/lemnos-clocks_shop_munich-930x620.webp 930w, https:\/\/lemnosclocks.eu\/wp-content\/uploads\/2024\/11\/lemnos-clocks_shop_munich-800x533.webp 800w, https:\/\/lemnosclocks.eu\/wp-content\/uploads\/2024\/11\/lemnos-clocks_shop_munich-768x512.webp 768w, https:\/\/lemnosclocks.eu\/wp-content\/uploads\/2024\/11\/lemnos-clocks_shop_munich-1536x1024.webp 1536w, https:\/\/lemnosclocks.eu\/wp-content\/uploads\/2024\/11\/lemnos-clocks_shop_munich-2048x1365.webp 2048w, https:\/\/lemnosclocks.eu\/wp-content\/uploads\/2024\/11\/lemnos-clocks_shop_munich-18x12.webp 18w\" sizes=\"auto, (max-width: 1200px) 100vw, 1200px\" \/><\/figure>\n\n\n\n<div class=\"wp-block-group is-layout-constrained wp-block-group-is-layout-constrained\" style=\"margin-top:0\">\n<p class=\"has-text-align-left has-small-font-size\">Foto: Gesa Simons<\/p>\n<\/div>\n\n\n\n<p>Vision Porter GmbH<br>Dreim\u00fchlenstra\u00dfe 23, 80469 M\u00fcnchen<\/p>\n<\/div>\n<\/div>\n\n\n\n<div style=\"height:8em\" aria-hidden=\"true\" class=\"wp-block-spacer\"><\/div>","protected":false},"excerpt":{"rendered":"<p>Concept Clocks keep time and create space. We look at a clock countless times a day, even unintentionally; Our wish [&hellip;]<\/p>\n","protected":false},"author":1,"featured_media":0,"parent":0,"menu_order":5,"comment_status":"closed","ping_status":"closed","template":"","meta":{"_uag_custom_page_level_css":"","site-sidebar-layout":"default","site-content-layout":"","ast-site-content-layout":"","site-content-style":"default","site-sidebar-style":"default","ast-global-header-display":"","ast-banner-title-visibility":"","ast-main-header-display":"","ast-hfb-above-header-display":"","ast-hfb-below-header-display":"","ast-hfb-mobile-header-display":"","site-post-title":"disabled","ast-breadcrumbs-content":"","ast-featured-img":"","footer-sml-layout":"","ast-disable-related-posts":"","theme-transparent-header-meta":"","adv-header-id-meta":"","stick-header-meta":"","header-above-stick-meta":"","header-main-stick-meta":"","header-below-stick-meta":"","astra-migrate-meta-layouts":"default","ast-page-background-enabled":"default","ast-page-background-meta":{"desktop":{"background-color":"var(--ast-global-color-4)","background-image":"","background-repeat":"repeat","background-position":"center center","background-size":"auto","background-attachment":"scroll","background-type":"","background-media":"","overlay-type":"","overlay-color":"","overlay-opacity":"","overlay-gradient":""},"tablet":{"background-color":"","background-image":"","background-repeat":"repeat","background-position":"center center","background-size":"auto","background-attachment":"scroll","background-type":"","background-media":"","overlay-type":"","overlay-color":"","overlay-opacity":"","overlay-gradient":""},"mobile":{"background-color":"","background-image":"","background-repeat":"repeat","background-position":"center center","background-size":"auto","background-attachment":"scroll","background-type":"","background-media":"","overlay-type":"","overlay-color":"","overlay-opacity":"","overlay-gradient":""}},"ast-content-background-meta":{"desktop":{"background-color":"var(--ast-global-color-5)","background-image":"","background-repeat":"repeat","background-position":"center center","background-size":"auto","background-attachment":"scroll","background-type":"","background-media":"","overlay-type":"","overlay-color":"","overlay-opacity":"","overlay-gradient":""},"tablet":{"background-color":"var(--ast-global-color-5)","background-image":"","background-repeat":"repeat","background-position":"center center","background-size":"auto","background-attachment":"scroll","background-type":"","background-media":"","overlay-type":"","overlay-color":"","overlay-opacity":"","overlay-gradient":""},"mobile":{"background-color":"var(--ast-global-color-5)","background-image":"","background-repeat":"repeat","background-position":"center center","background-size":"auto","background-attachment":"scroll","background-type":"","background-media":"","overlay-type":"","overlay-color":"","overlay-opacity":"","overlay-gradient":""}},"footnotes":""},"class_list":["post-358","page","type-page","status-publish","hentry"],"yoast_head":"<!-- This site is optimized with the Yoast SEO plugin v27.4 - https:\/\/yoast.com\/product\/yoast-seo-wordpress\/ -->\n<title>About Lemnos | Lemnos Clocks<\/title>\n<meta name=\"robots\" content=\"index, follow, max-snippet:-1, max-image-preview:large, max-video-preview:-1\" \/>\n<link rel=\"canonical\" href=\"https:\/\/lemnosclocks.eu\/de\/uber-lemnos\/\" \/>\n<meta property=\"og:locale\" content=\"de_DE\" \/>\n<meta property=\"og:type\" content=\"article\" \/>\n<meta property=\"og:title\" content=\"About Lemnos | Lemnos Clocks\" \/>\n<meta property=\"og:description\" content=\"Concept Clocks keep time and create space. We look at a clock countless times a day, even unintentionally; Our wish [&hellip;]\" \/>\n<meta property=\"og:url\" content=\"https:\/\/lemnosclocks.eu\/de\/uber-lemnos\/\" \/>\n<meta property=\"og:site_name\" content=\"Lemnos Clocks\" \/>\n<meta property=\"article:modified_time\" content=\"2026-04-14T08:30:16+00:00\" \/>\n<meta property=\"og:image\" content=\"https:\/\/lemnosclocks.eu\/wp-content\/uploads\/2024\/11\/lemnos-clocks_timeless-clock.webp\" \/>\n\t<meta property=\"og:image:width\" content=\"2500\" \/>\n\t<meta property=\"og:image:height\" content=\"2499\" \/>\n\t<meta property=\"og:image:type\" content=\"image\/webp\" \/>\n<meta name=\"twitter:card\" content=\"summary_large_image\" \/>\n<!-- \/ Yoast SEO plugin. -->","yoast_head_json":{"title":"\u00dcber Lemnos | Lemnos Clocks","robots":{"index":"index","follow":"follow","max-snippet":"max-snippet:-1","max-image-preview":"max-image-preview:large","max-video-preview":"max-video-preview:-1"},"canonical":"https:\/\/lemnosclocks.eu\/de\/uber-lemnos\/","og_locale":"de_DE","og_type":"article","og_title":"About Lemnos | Lemnos Clocks","og_description":"Concept Clocks keep time and create space. We look at a clock countless times a day, even unintentionally; Our wish [&hellip;]","og_url":"https:\/\/lemnosclocks.eu\/de\/uber-lemnos\/","og_site_name":"Lemnos Clocks","article_modified_time":"2026-04-14T08:30:16+00:00","og_image":[{"width":2500,"height":2499,"url":"https:\/\/lemnosclocks.eu\/wp-content\/uploads\/2024\/11\/lemnos-clocks_timeless-clock.webp","type":"image\/webp"}],"twitter_card":"summary_large_image","schema":{"@context":"https:\/\/schema.org","@graph":[{"@type":"WebPage","@id":"https:\/\/lemnosclocks.eu\/about-lemnos\/","url":"https:\/\/lemnosclocks.eu\/about-lemnos\/","name":"\u00dcber Lemnos | Lemnos Clocks","isPartOf":{"@id":"https:\/\/lemnosclocks.eu\/#website"},"primaryImageOfPage":{"@id":"https:\/\/lemnosclocks.eu\/about-lemnos\/#primaryimage"},"image":{"@id":"https:\/\/lemnosclocks.eu\/about-lemnos\/#primaryimage"},"thumbnailUrl":"https:\/\/lemnosclocks.eu\/wp-content\/uploads\/2024\/11\/lemnos-clocks_timeless-clock.webp","datePublished":"2024-10-14T10:53:12+00:00","dateModified":"2026-04-14T08:30:16+00:00","breadcrumb":{"@id":"https:\/\/lemnosclocks.eu\/about-lemnos\/#breadcrumb"},"inLanguage":"de","potentialAction":[{"@type":"ReadAction","target":["https:\/\/lemnosclocks.eu\/about-lemnos\/"]}]},{"@type":"ImageObject","inLanguage":"de","@id":"https:\/\/lemnosclocks.eu\/about-lemnos\/#primaryimage","url":"https:\/\/lemnosclocks.eu\/wp-content\/uploads\/2024\/11\/lemnos-clocks_timeless-clock.webp","contentUrl":"https:\/\/lemnosclocks.eu\/wp-content\/uploads\/2024\/11\/lemnos-clocks_timeless-clock.webp"},{"@type":"BreadcrumbList","@id":"https:\/\/lemnosclocks.eu\/about-lemnos\/#breadcrumb","itemListElement":[{"@type":"ListItem","position":1,"name":"Startseite","item":"https:\/\/lemnosclocks.eu\/en\/"},{"@type":"ListItem","position":2,"name":"About Lemnos"}]},{"@type":"WebSite","@id":"https:\/\/lemnosclocks.eu\/#website","url":"https:\/\/lemnosclocks.eu\/","name":"Lemnos-Uhren","description":"Handgefertigte Design-Uhren aus Japan","publisher":{"@id":"https:\/\/lemnosclocks.eu\/#organization"},"alternateName":"Lemnos","potentialAction":[{"@type":"SearchAction","target":{"@type":"EntryPoint","urlTemplate":"https:\/\/lemnosclocks.eu\/?s={search_term_string}"},"query-input":{"@type":"PropertyValueSpecification","valueRequired":true,"valueName":"search_term_string"}}],"inLanguage":"de"},{"@type":"Organization","@id":"https:\/\/lemnosclocks.eu\/#organization","name":"Lemnos-Uhren","url":"https:\/\/lemnosclocks.eu\/","logo":{"@type":"ImageObject","inLanguage":"de","@id":"https:\/\/lemnosclocks.eu\/#\/schema\/logo\/image\/","url":"https:\/\/lemnosclocks.eu\/wp-content\/uploads\/2024\/09\/logo_160x28.png","contentUrl":"https:\/\/lemnosclocks.eu\/wp-content\/uploads\/2024\/09\/logo_160x28.png","width":160,"height":28,"caption":"Lemnos Clocks"},"image":{"@id":"https:\/\/lemnosclocks.eu\/#\/schema\/logo\/image\/"}}]}},"uagb_featured_image_src":{"full":false,"thumbnail":false,"medium":false,"medium_large":false,"large":false,"1536x1536":false,"2048x2048":false,"trp-custom-language-flag":false,"woocommerce_thumbnail":false,"woocommerce_single":false,"woocommerce_gallery_thumbnail":false},"uagb_author_info":{"display_name":"admin","author_link":"https:\/\/lemnosclocks.eu\/de\/author\/admin\/"},"uagb_comment_info":0,"uagb_excerpt":"Concept Clocks keep time and create space. We look at a clock countless times a day, even unintentionally; Our wish [&hellip;]","_links":{"self":[{"href":"https:\/\/lemnosclocks.eu\/de\/wp-json\/wp\/v2\/pages\/358","targetHints":{"allow":["GET"]}}],"collection":[{"href":"https:\/\/lemnosclocks.eu\/de\/wp-json\/wp\/v2\/pages"}],"about":[{"href":"https:\/\/lemnosclocks.eu\/de\/wp-json\/wp\/v2\/types\/page"}],"author":[{"embeddable":true,"href":"https:\/\/lemnosclocks.eu\/de\/wp-json\/wp\/v2\/users\/1"}],"replies":[{"embeddable":true,"href":"https:\/\/lemnosclocks.eu\/de\/wp-json\/wp\/v2\/comments?post=358"}],"version-history":[{"count":57,"href":"https:\/\/lemnosclocks.eu\/de\/wp-json\/wp\/v2\/pages\/358\/revisions"}],"predecessor-version":[{"id":2513,"href":"https:\/\/lemnosclocks.eu\/de\/wp-json\/wp\/v2\/pages\/358\/revisions\/2513"}],"wp:attachment":[{"href":"https:\/\/lemnosclocks.eu\/de\/wp-json\/wp\/v2\/media?parent=358"}],"curies":[{"name":"wp","href":"https:\/\/api.w.org\/{rel}","templated":true}]}}