{"id":247,"date":"2024-10-07T10:52:44","date_gmt":"2024-10-07T10:52:44","guid":{"rendered":"https:\/\/lemnosclocks.eu\/terms\/"},"modified":"2024-11-12T16:55:17","modified_gmt":"2024-11-12T16:55:17","slug":"bedingungen","status":"publish","type":"page","link":"https:\/\/lemnosclocks.eu\/de\/terms\/","title":{"rendered":"AGB"},"content":{"rendered":"<div style=\"height:2em\" aria-hidden=\"true\" class=\"wp-block-spacer\"><\/div>\n\n\n<h1 class=\"western\">Bedingungen und Konditionen<\/h1>\n<h3 class=\"western\">\u00a7 1 G\u00fcltigkeit, Begriffsbestimmungen<\/h3>\n<p>(1) Die Visionporter GmbH, Dreim\u00fchlenstr.23, 80469 M\u00fcnchen, Deutschland (nachfolgend: \"wir\" oder \"Lemnosclocks\") betreibt auf der Website https:\/\/lemnosclocks.eu einen Online-Shop f\u00fcr Waren. F\u00fcr alle Leistungen zwischen uns und unseren Kunden (nachfolgend: \"Kunde\" oder \"Sie\") gelten die nachfolgenden Allgemeinen Gesch\u00e4ftsbedingungen in ihrer zum Zeitpunkt der Bestellung g\u00fcltigen Fassung, soweit nicht ausdr\u00fccklich etwas anderes vereinbart ist.<br \/>(2) \"Verbraucher\" im Sinne dieser Gesch\u00e4ftsbedingungen ist jede nat\u00fcrliche Person, die ein Rechtsgesch\u00e4ft zu Zwecken abschlie\u00dft, die \u00fcberwiegend weder ihrer gewerblichen noch ihrer selbst\u00e4ndigen beruflichen T\u00e4tigkeit zugerechnet werden k\u00f6nnen. \"Unternehmer\" ist eine nat\u00fcrliche oder juristische Person oder eine rechtsf\u00e4hige Personengesellschaft, die bei Abschluss eines Rechtsgesch\u00e4fts in Aus\u00fcbung ihrer gewerblichen oder selbst\u00e4ndigen beruflichen T\u00e4tigkeit handelt, wobei eine rechtsf\u00e4hige Personengesellschaft eine Personengesellschaft ist, die mit der F\u00e4higkeit ausgestattet ist, Rechte zu erwerben und Verbindlichkeiten einzugehen.<\/p>\n<h3 class=\"western\">\u00a7 2 Vertragsabschluss, Speicherung des Vertragstextes<\/h3>\n<p>(1) Die folgenden Regelungen \u00fcber den Vertragsabschluss gelten f\u00fcr Bestellungen \u00fcber unseren Internetshop https:\/\/lemnosclocks.eu.<\/p>\n<p>(2) Unsere Produktpr\u00e4sentationen im Internet sind unverbindlich und stellen kein bindendes Angebot zum Abschluss eines Vertrages dar.<\/p>\n<p>(3) F\u00fcr den Eingang einer Bestellung in unserem Online-Shop gelten die nachfolgenden Bestimmungen: Der Kunde gibt ein verbindliches Vertragsangebot ab, indem er den in unserem Online-Shop vorgesehenen Bestellprozess erfolgreich durchl\u00e4uft. Die Bestellung erfolgt in den folgenden Schritten:<\/p>\n<ol>\n<li>\n<p>Auswahl der gew\u00fcnschten Waren,<\/p>\n<\/li>\n<li>\n<p>Hinzuf\u00fcgen der Produkte durch Anklicken des entsprechenden Buttons (z.B. \"In den Warenkorb\", \"In die Einkaufstasche\" o.\u00e4.),<\/p>\n<\/li>\n<li>\n<p>\u00dcberpr\u00fcfung der Informationen im Warenkorb,<\/p>\n<\/li>\n<li>\n<p>Aufrufen der Bestell\u00fcbersicht durch Anklicken des entsprechenden Buttons (z.B. \"Weiter zur Kasse\", \"Weiter zur Zahlung\", \"Zur Bestell\u00fcbersicht\" o.\u00e4.),<\/p>\n<\/li>\n<li>\n<p>Eingabe\/Pr\u00fcfung der Adress- und Kontaktdaten, Auswahl der Zahlungsart, Best\u00e4tigung der Allgemeinen Gesch\u00e4ftsbedingungen und der Widerrufsbelehrung,<\/p>\n<\/li>\n<li>\n<p>Weicht die vereinbarte Beschaffenheit der Ware von ihrer \u00fcblichen Beschaffenheit und Verwendungsm\u00f6glichkeit ab, so ist eine negative Beschaffenheitsvereinbarung zu best\u00e4tigen,<\/p>\n<\/li>\n<li>\n<p>Abschluss der Bestellung durch Dr\u00fccken der Schaltfl\u00e4che \"Jetzt kaufen\". Dies stellt Ihre verbindliche Bestellung dar.<\/p>\n<\/li>\n<li>\n<p>Der Vertrag kommt zustande, wenn Sie innerhalb von drei Werktagen eine Auftragsbest\u00e4tigung von uns an die angegebene E-Mail Adresse erhalten.<\/p>\n<\/li>\n<\/ol>\n<p>(4) Im Falle des Vertragsschlusses kommt der Vertrag mit der Visionporter GmbH, Dreim\u00fchlenstr.23, 80469 M\u00fcnchen, Deutschland (Gesch\u00e4ftsf\u00fchrung: Holger Clasing) zustande.<\/p>\n<p>(5) Vor der Bestellung k\u00f6nnen die Vertragsdaten ausgedruckt oder \u00fcber die Druckfunktion des Browsers elektronisch gespeichert werden. Die Bearbeitung der Bestellung und die Zusendung aller im Zusammenhang mit dem Vertragsschluss erforderlichen Informationen, insbesondere der Bestelldaten, der Allgemeinen Gesch\u00e4ftsbedingungen und der Widerrufsbelehrung, erfolgt per E-Mail nach Ihrer Bestellung, teilweise automatisch. Der Vertragstext wird von uns nach Vertragsschluss nicht gespeichert.<br \/><br \/>(6) Eingabefehler k\u00f6nnen mit den \u00fcblichen Tastatur-, Maus- und Browserfunktionen (z.B. dem \"Zur\u00fcck-Button\" des Browsers) korrigiert werden. Sie k\u00f6nnen auch korrigiert werden, indem der Bestellvorgang vorzeitig abgebrochen, das Browserfenster geschlossen und der Vorgang wiederholt wird.<\/p>\n<p>(7) Die Abwicklung der Bestellung und \u00dcbermittlung aller im Zusammenhang mit dem Vertragsschluss erforderlichen Informationen erfolgt teilweise automatisiert per E-Mail. Sie haben daher sicherzustellen, dass die von Ihnen angegebene Email-Adresse zutreffend ist, der Empfang der Emails technisch sichergestellt ist und insbesondere nicht durch SPAM-Filter verhindert wird.<\/p>\n<h3 class=\"western\">\u00a7 3 Vertragsgegenstand und wesentliche Merkmale der Produkte<\/h3>\n<p>(1) Gegenstand des Vertrages in unserem Online-Shop ist:<\/p>\n<ol type=\"a\">\n<li>\n<p>Der Verkauf von Waren. Das konkrete Warenangebot finden Sie auf unseren Produktseiten.<\/p>\n<\/li>\n<\/ol>\n<p><span lang=\"en-US\">(2) Die wesentlichen Merkmale der Ware ergeben sich aus der Produktbeschreibung. Weicht die vereinbarte Beschaffenheit der Ware von ihrer \u00fcblichen Beschaffenheit und Verwendungsweise ab, so ist dies in der Produktbeschreibung ausdr\u00fccklich angegeben (negative Beschaffenheitsvereinbarung). Hat der Kunde der negativen Beschaffenheitsabweichung ausdr\u00fccklich zugestimmt, wird diese zum Vertragsgegenstand.<\/span><\/p>\n<h3 class=\"western\">\u00a7 4 Preise, Versandkosten und Lieferung<\/h3>\n<p>(1) Die in den jeweiligen Angeboten genannten Preise und Versandkosten sind Gesamtpreise und beinhalten alle Preisbestandteile einschlie\u00dflich aller anfallenden Steuern.<br \/><br \/>(2) Der jeweilige Kaufpreis ist vor Lieferung der Ware zu zahlen (Vorkasse), es sei denn, wir bieten ausdr\u00fccklich Kauf auf Rechnung an. Die Ihnen zur Verf\u00fcgung stehenden Zahlungsarten werden Ihnen unter einem entsprechend gekennzeichneten Button im Online-Shop oder im jeweiligen Angebot angezeigt. Soweit bei den einzelnen Zahlungsarten nicht anders angegeben, sind Zahlungsanspr\u00fcche sofort f\u00e4llig.<br \/><br \/>(3) Zus\u00e4tzlich zu den angegebenen Preisen k\u00f6nnen bei der Lieferung von Produkten Versandkosten anfallen, sofern der jeweilige Artikel nicht als versandkostenfrei gekennzeichnet ist. Die Versandkosten werden Ihnen bei den Angeboten, ggf. im Warenkorbsystem und in der Bestell\u00fcbersicht nochmals deutlich mitgeteilt.<br \/><br \/>(4) Alle angebotenen Produkte sind sofort versandfertig, sofern in der Produktbeschreibung nicht ausdr\u00fccklich etwas anderes angegeben ist (Lieferzeit: in ca. 3 - 4 Werktagen nach Zahlungseingang).<br \/><br \/>(5) Es gelten die folgenden Einschr\u00e4nkungen f\u00fcr das Liefergebiet: Die Lieferung erfolgt in die folgenden L\u00e4nder: Belgien, Bulgarien, Deutschland, D\u00e4nemark, Estland, Finnland, Frankreich, Griechenland, Irland, Island, Italien, Kroatien, Lettland, Liechtenstein, Litauen, Luxemburg, Malta, Niederlande, Norwegen, Polen, Portugal, Rum\u00e4nien, Schweden, Schweiz, Slowakei, Slowenien, Spanien, Tschechische Republik, Ungarn, Zypern, \u00d6sterreich.<br \/><br \/>(6) Scheitert die Zustellung der Ware aus Gr\u00fcnden, die Sie zu vertreten haben, tragen Sie die uns hierdurch entstehenden angemessenen Kosten. Dies gilt nicht f\u00fcr die Kosten der Lieferung, wenn Sie Ihr Widerrufsrecht wirksam aus\u00fcben. Wenn Sie Ihr Widerrufsrecht wirksam aus\u00fcben, gelten f\u00fcr die R\u00fccksendekosten die von uns in der Widerrufsbelehrung getroffenen Regelungen.<\/p>\n<h3 class=\"western\">\u00a7 5 Zur\u00fcckbehaltungsrecht, Eigentumsvorbehalt<\/h3>\n<p>(1) Ein Zur\u00fcckbehaltungsrecht k\u00f6nnen Sie nur aus\u00fcben, soweit es sich um Anspr\u00fcche aus demselben Vertragsverh\u00e4ltnis handelt.<br \/><br \/>(2) Die Ware bleibt bis zur vollst\u00e4ndigen Bezahlung des Kaufpreises unser Eigentum.<\/p>\n<h3 class=\"western\">\u00a7 6 Widerrufsrecht<\/h3>\n<p>Als Verbraucher haben Sie ein Widerrufsrecht. Dies ist in unserer <a href=\"#\" data-wplink-edit=\"true\">Widerrufsbelehrung<\/a>.<\/p>\n<h3 class=\"western\">\u00a7 7 Vertragssprache<\/h3>\n<p>Die Vertragssprache ist ausschlie\u00dflich Deutsch.<\/p>\n<h3 class=\"western\">\u00a7 8 Haftung<\/h3>\n<p>(1) Vorbehaltlich der nachfolgenden Ausnahmen ist unsere Haftung f\u00fcr vertragliche Pflichtverletzungen und unerlaubte Handlungen auf Vorsatz und grobe Fahrl\u00e4ssigkeit beschr\u00e4nkt.<br \/><br \/>(2) Wir haften bei leichter Fahrl\u00e4ssigkeit im Falle der Verletzung des Lebens, des K\u00f6rpers oder der Gesundheit oder im Falle der Verletzung einer wesentlichen Vertragspflicht unbeschr\u00e4nkt. Geraten wir mit der Leistung aufgrund leichter Fahrl\u00e4ssigkeit in Verzug, ist die Leistung unm\u00f6glich geworden oder haben wir eine wesentliche Vertragspflicht verletzt, so ist die Haftung f\u00fcr daraus resultierende Sach- und Verm\u00f6genssch\u00e4den auf den <b>der nach dem Vertrag typischerweise vorhersehbare Schaden<\/b>. Eine wesentliche Vertragspflicht ist eine solche, deren Erf\u00fcllung die ordnungsgem\u00e4\u00dfe Durchf\u00fchrung des Vertrages \u00fcberhaupt erst erm\u00f6glicht, deren Verletzung die Erreichung des Vertragszwecks gef\u00e4hrdet und auf deren Einhaltung Sie regelm\u00e4\u00dfig vertrauen d\u00fcrfen. Dazu geh\u00f6rt insbesondere unsere Verpflichtung zum T\u00e4tigwerden und zur Erf\u00fcllung der vertraglich geschuldeten Leistung, die in Ziffer 3 beschrieben ist.<\/p>\n<h3 class=\"western\">\u00a7 9 Gew\u00e4hrleistung<\/h3>\n<p>(1) Die Gew\u00e4hrleistung richtet sich nach den gesetzlichen Bestimmungen.<br \/><br \/>(2) F\u00fcr Unternehmer betr\u00e4gt die Gew\u00e4hrleistungsfrist f\u00fcr gelieferte Waren 12 Monate.<br \/><br \/>(3) Als Verbraucher werden Sie gebeten, die gelieferte Ware bzw. Dienstleistung unverz\u00fcglich nach Vertragserf\u00fcllung auf Vollst\u00e4ndigkeit, offensichtliche M\u00e4ngel und Transportsch\u00e4den zu \u00fcberpr\u00fcfen und etwaige Beanstandungen uns und dem Spediteur schnellstm\u00f6glich mitzuteilen. Tun Sie dies nicht, so hat dies selbstverst\u00e4ndlich keine Auswirkungen auf Ihre gesetzlichen Gew\u00e4hrleistungsanspr\u00fcche.<\/p>\n<h3 class=\"western\">\u00a7 10 Schlussbestimmungen\/Streitbeilegung<\/h3>\n<p>(1) Es gilt deutsches Recht. Bei Verbrauchern gilt diese Rechtswahl nur insoweit, als dadurch der durch zwingende Bestimmungen des Rechts des Staates, in dem der Verbraucher seinen gew\u00f6hnlichen Aufenthalt hat, gew\u00e4hrte Schutz nicht entzogen wird (G\u00fcnstigkeitsprinzip).<br \/><br \/>(2) Die Bestimmungen des UN-\u00dcbereinkommens \u00fcber Vertr\u00e4ge \u00fcber den internationalen Warenkauf finden ausdr\u00fccklich keine Anwendung.<br \/><br \/>(3) Ist der Kunde ein Kaufmann, eine juristische Person des \u00f6ffentlichen Rechts oder ein \u00f6ffentlich-rechtliches Sonderverm\u00f6gen, ist Gerichtsstand f\u00fcr alle Streitigkeiten aus Vertragsverh\u00e4ltnissen zwischen dem Kunden und dem Anbieter der Sitz des Anbieters.<\/p>\n<p>(4)\n\nWir sind weder verpflichtet noch bereit, an einem Streitbeilegungsverfahren vor einer Verbraucherschlichtungsstelle teilzunehmen.<\/p>\n\n\n<div style=\"height:8em\" aria-hidden=\"true\" class=\"wp-block-spacer\"><\/div>","protected":false},"excerpt":{"rendered":"<p>Terms and Conditions \u00a7 1 Validity, definitions of terms (1) Visionporter GmbH, Dreim\u00fchlenstr.23, 80469 Munich, Germany (hereinafter: &#8220;we&#8221; or &#8220;Lemnosclocks&#8221;) [&hellip;]<\/p>\n","protected":false},"author":1,"featured_media":0,"parent":0,"menu_order":15,"comment_status":"closed","ping_status":"closed","template":"","meta":{"_uag_custom_page_level_css":"","site-sidebar-layout":"default","site-content-layout":"","ast-site-content-layout":"default","site-content-style":"default","site-sidebar-style":"default","ast-global-header-display":"","ast-banner-title-visibility":"","ast-main-header-display":"","ast-hfb-above-header-display":"","ast-hfb-below-header-display":"","ast-hfb-mobile-header-display":"","site-post-title":"disabled","ast-breadcrumbs-content":"","ast-featured-img":"","footer-sml-layout":"","ast-disable-related-posts":"","theme-transparent-header-meta":"","adv-header-id-meta":"","stick-header-meta":"","header-above-stick-meta":"","header-main-stick-meta":"","header-below-stick-meta":"","astra-migrate-meta-layouts":"default","ast-page-background-enabled":"default","ast-page-background-meta":{"desktop":{"background-color":"var(--ast-global-color-4)","background-image":"","background-repeat":"repeat","background-position":"center center","background-size":"auto","background-attachment":"scroll","background-type":"","background-media":"","overlay-type":"","overlay-color":"","overlay-opacity":"","overlay-gradient":""},"tablet":{"background-color":"","background-image":"","background-repeat":"repeat","background-position":"center center","background-size":"auto","background-attachment":"scroll","background-type":"","background-media":"","overlay-type":"","overlay-color":"","overlay-opacity":"","overlay-gradient":""},"mobile":{"background-color":"","background-image":"","background-repeat":"repeat","background-position":"center center","background-size":"auto","background-attachment":"scroll","background-type":"","background-media":"","overlay-type":"","overlay-color":"","overlay-opacity":"","overlay-gradient":""}},"ast-content-background-meta":{"desktop":{"background-color":"var(--ast-global-color-5)","background-image":"","background-repeat":"repeat","background-position":"center center","background-size":"auto","background-attachment":"scroll","background-type":"","background-media":"","overlay-type":"","overlay-color":"","overlay-opacity":"","overlay-gradient":""},"tablet":{"background-color":"var(--ast-global-color-5)","background-image":"","background-repeat":"repeat","background-position":"center center","background-size":"auto","background-attachment":"scroll","background-type":"","background-media":"","overlay-type":"","overlay-color":"","overlay-opacity":"","overlay-gradient":""},"mobile":{"background-color":"var(--ast-global-color-5)","background-image":"","background-repeat":"repeat","background-position":"center center","background-size":"auto","background-attachment":"scroll","background-type":"","background-media":"","overlay-type":"","overlay-color":"","overlay-opacity":"","overlay-gradient":""}},"footnotes":""},"class_list":["post-247","page","type-page","status-publish","hentry"],"yoast_head":"<!-- This site is optimized with the Yoast SEO plugin v27.4 - https:\/\/yoast.com\/product\/yoast-seo-wordpress\/ -->\n<title>Terms &amp; Conditions | Lemnos Clocks<\/title>\n<meta name=\"robots\" content=\"index, follow, max-snippet:-1, max-image-preview:large, max-video-preview:-1\" \/>\n<link rel=\"canonical\" href=\"https:\/\/lemnosclocks.eu\/de\/bedingungen\/\" \/>\n<meta property=\"og:locale\" content=\"de_DE\" \/>\n<meta property=\"og:type\" content=\"article\" \/>\n<meta property=\"og:title\" content=\"Terms &amp; Conditions | Lemnos Clocks\" \/>\n<meta property=\"og:description\" content=\"Terms and Conditions \u00a7 1 Validity, definitions of terms (1) Visionporter GmbH, Dreim\u00fchlenstr.23, 80469 Munich, Germany (hereinafter: &#8220;we&#8221; or &#8220;Lemnosclocks&#8221;) [&hellip;]\" \/>\n<meta property=\"og:url\" content=\"https:\/\/lemnosclocks.eu\/de\/bedingungen\/\" \/>\n<meta property=\"og:site_name\" content=\"Lemnos Clocks\" \/>\n<meta property=\"article:modified_time\" content=\"2024-11-12T16:55:17+00:00\" \/>\n<meta name=\"twitter:card\" content=\"summary_large_image\" \/>\n<!-- \/ Yoast SEO plugin. -->","yoast_head_json":{"title":"Allgemeine Gesch\u00e4ftsbedingungen | Lemnos Clocks","robots":{"index":"index","follow":"follow","max-snippet":"max-snippet:-1","max-image-preview":"max-image-preview:large","max-video-preview":"max-video-preview:-1"},"canonical":"https:\/\/lemnosclocks.eu\/de\/bedingungen\/","og_locale":"de_DE","og_type":"article","og_title":"Terms & Conditions | Lemnos Clocks","og_description":"Terms and Conditions \u00a7 1 Validity, definitions of terms (1) Visionporter GmbH, Dreim\u00fchlenstr.23, 80469 Munich, Germany (hereinafter: &#8220;we&#8221; or &#8220;Lemnosclocks&#8221;) [&hellip;]","og_url":"https:\/\/lemnosclocks.eu\/de\/bedingungen\/","og_site_name":"Lemnos Clocks","article_modified_time":"2024-11-12T16:55:17+00:00","twitter_card":"summary_large_image","schema":{"@context":"https:\/\/schema.org","@graph":[{"@type":"WebPage","@id":"https:\/\/lemnosclocks.eu\/terms\/","url":"https:\/\/lemnosclocks.eu\/terms\/","name":"Allgemeine Gesch\u00e4ftsbedingungen | Lemnos Clocks","isPartOf":{"@id":"https:\/\/lemnosclocks.eu\/#website"},"datePublished":"2024-10-07T10:52:44+00:00","dateModified":"2024-11-12T16:55:17+00:00","breadcrumb":{"@id":"https:\/\/lemnosclocks.eu\/terms\/#breadcrumb"},"inLanguage":"de","potentialAction":[{"@type":"ReadAction","target":["https:\/\/lemnosclocks.eu\/terms\/"]}]},{"@type":"BreadcrumbList","@id":"https:\/\/lemnosclocks.eu\/terms\/#breadcrumb","itemListElement":[{"@type":"ListItem","position":1,"name":"Startseite","item":"https:\/\/lemnosclocks.eu\/en\/"},{"@type":"ListItem","position":2,"name":"Terms &#038; Conditions"}]},{"@type":"WebSite","@id":"https:\/\/lemnosclocks.eu\/#website","url":"https:\/\/lemnosclocks.eu\/","name":"Lemnos-Uhren","description":"Handgefertigte Design-Uhren aus Japan","publisher":{"@id":"https:\/\/lemnosclocks.eu\/#organization"},"alternateName":"Lemnos","potentialAction":[{"@type":"SearchAction","target":{"@type":"EntryPoint","urlTemplate":"https:\/\/lemnosclocks.eu\/?s={search_term_string}"},"query-input":{"@type":"PropertyValueSpecification","valueRequired":true,"valueName":"search_term_string"}}],"inLanguage":"de"},{"@type":"Organization","@id":"https:\/\/lemnosclocks.eu\/#organization","name":"Lemnos-Uhren","url":"https:\/\/lemnosclocks.eu\/","logo":{"@type":"ImageObject","inLanguage":"de","@id":"https:\/\/lemnosclocks.eu\/#\/schema\/logo\/image\/","url":"https:\/\/lemnosclocks.eu\/wp-content\/uploads\/2024\/09\/logo_160x28.png","contentUrl":"https:\/\/lemnosclocks.eu\/wp-content\/uploads\/2024\/09\/logo_160x28.png","width":160,"height":28,"caption":"Lemnos Clocks"},"image":{"@id":"https:\/\/lemnosclocks.eu\/#\/schema\/logo\/image\/"}}]}},"uagb_featured_image_src":{"full":false,"thumbnail":false,"medium":false,"medium_large":false,"large":false,"1536x1536":false,"2048x2048":false,"trp-custom-language-flag":false,"woocommerce_thumbnail":false,"woocommerce_single":false,"woocommerce_gallery_thumbnail":false},"uagb_author_info":{"display_name":"admin","author_link":"https:\/\/lemnosclocks.eu\/de\/author\/admin\/"},"uagb_comment_info":0,"uagb_excerpt":"Terms and Conditions \u00a7 1 Validity, definitions of terms (1) Visionporter GmbH, Dreim\u00fchlenstr.23, 80469 Munich, Germany (hereinafter: &#8220;we&#8221; or &#8220;Lemnosclocks&#8221;) [&hellip;]","_links":{"self":[{"href":"https:\/\/lemnosclocks.eu\/de\/wp-json\/wp\/v2\/pages\/247","targetHints":{"allow":["GET"]}}],"collection":[{"href":"https:\/\/lemnosclocks.eu\/de\/wp-json\/wp\/v2\/pages"}],"about":[{"href":"https:\/\/lemnosclocks.eu\/de\/wp-json\/wp\/v2\/types\/page"}],"author":[{"embeddable":true,"href":"https:\/\/lemnosclocks.eu\/de\/wp-json\/wp\/v2\/users\/1"}],"replies":[{"embeddable":true,"href":"https:\/\/lemnosclocks.eu\/de\/wp-json\/wp\/v2\/comments?post=247"}],"version-history":[{"count":8,"href":"https:\/\/lemnosclocks.eu\/de\/wp-json\/wp\/v2\/pages\/247\/revisions"}],"predecessor-version":[{"id":646,"href":"https:\/\/lemnosclocks.eu\/de\/wp-json\/wp\/v2\/pages\/247\/revisions\/646"}],"wp:attachment":[{"href":"https:\/\/lemnosclocks.eu\/de\/wp-json\/wp\/v2\/media?parent=247"}],"curies":[{"name":"wp","href":"https:\/\/api.w.org\/{rel}","templated":true}]}}